{"id":2181,"date":"2022-06-04T06:09:03","date_gmt":"2022-06-04T06:09:03","guid":{"rendered":"https:\/\/klbtheme.com\/clotya\/?page_id=2181"},"modified":"2026-02-24T20:04:21","modified_gmt":"2026-02-24T19:04:21","slug":"contact","status":"publish","type":"page","link":"https:\/\/mihiahair.store\/en\/contact\/","title":{"rendered":"Contact"},"content":{"rendered":"\t\t<div data-elementor-type=\"wp-page\" data-elementor-id=\"2181\" class=\"elementor elementor-2181\">\n\t\t\t\t\t\t<section class=\"elementor-section elementor-top-section elementor-element elementor-element-1d56c32 elementor-section-full_width elementor-section-height-default elementor-section-height-default\" data-id=\"1d56c32\" data-element_type=\"section\">\n\t\t\t\t\t\t<div class=\"elementor-container elementor-column-gap-no\">\n\t\t\t\t\t<div class=\"elementor-column elementor-col-100 elementor-top-column elementor-element elementor-element-56e2593\" data-id=\"56e2593\" data-element_type=\"column\">\n\t\t\t<div class=\"elementor-widget-wrap elementor-element-populated\">\n\t\t\t\t\t\t<div class=\"elementor-element elementor-element-9d3043a elementor-widget elementor-widget-image\" data-id=\"9d3043a\" data-element_type=\"widget\" data-widget_type=\"image.default\">\n\t\t\t\t<div class=\"elementor-widget-container\">\n\t\t\t<style>\/*! elementor - v3.21.0 - 22-05-2024 *\/\n.elementor-widget-image{text-align:center}.elementor-widget-image a{display:inline-block}.elementor-widget-image a img[src$=\".svg\"]{width:48px}.elementor-widget-image img{vertical-align:middle;display:inline-block}<\/style>\t\t\t\t\t\t\t\t\t\t<img decoding=\"async\" src=\"https:\/\/mihiahair.store\/wp-content\/uploads\/elementor\/thumbs\/2343-qonj0kjatqjvegzvdurm42cqej355wvi1yafje16go.jpg\" title=\"2343\" alt=\"2343\" loading=\"lazy\" \/>\t\t\t\t\t\t\t\t\t\t\t\t\t<\/div>\n\t\t\t\t<\/div>\n\t\t\t\t\t<\/div>\n\t\t<\/div>\n\t\t\t\t\t<\/div>\n\t\t<\/section>\n\t\t\t\t<section class=\"elementor-section elementor-top-section elementor-element elementor-element-e1cf337 elementor-section-boxed elementor-section-height-default elementor-section-height-default\" data-id=\"e1cf337\" data-element_type=\"section\">\n\t\t\t\t\t\t<div class=\"elementor-container elementor-column-gap-extended\">\n\t\t\t\t\t<div class=\"elementor-column elementor-col-50 elementor-top-column elementor-element elementor-element-66286e9 for-hero-bg\" data-id=\"66286e9\" data-element_type=\"column\">\n\t\t\t<div class=\"elementor-widget-wrap elementor-element-populated\">\n\t\t\t\t\t\t<div class=\"elementor-element elementor-element-c4b8e88 elementor-widget elementor-widget-heading\" data-id=\"c4b8e88\" data-element_type=\"widget\" data-widget_type=\"heading.default\">\n\t\t\t\t<div class=\"elementor-widget-container\">\n\t\t\t<style>\/*! elementor - v3.21.0 - 22-05-2024 *\/\n.elementor-heading-title{padding:0;margin:0;line-height:1}.elementor-widget-heading .elementor-heading-title[class*=elementor-size-]>a{color:inherit;font-size:inherit;line-height:inherit}.elementor-widget-heading .elementor-heading-title.elementor-size-small{font-size:15px}.elementor-widget-heading .elementor-heading-title.elementor-size-medium{font-size:19px}.elementor-widget-heading .elementor-heading-title.elementor-size-large{font-size:29px}.elementor-widget-heading .elementor-heading-title.elementor-size-xl{font-size:39px}.elementor-widget-heading .elementor-heading-title.elementor-size-xxl{font-size:59px}<\/style><h4 class=\"elementor-heading-title elementor-size-default\">Nous contacter<\/h4>\t\t<\/div>\n\t\t\t\t<\/div>\n\t\t\t\t<div class=\"elementor-element elementor-element-e606ac8 elementor-widget elementor-widget-heading\" data-id=\"e606ac8\" data-element_type=\"widget\" data-widget_type=\"heading.default\">\n\t\t\t\t<div class=\"elementor-widget-container\">\n\t\t\t<h1 class=\"elementor-heading-title elementor-size-default\">Prendre contact<\/h1>\t\t<\/div>\n\t\t\t\t<\/div>\n\t\t\t\t<div class=\"elementor-element elementor-element-c9b1d7d elementor-widget elementor-widget-heading\" data-id=\"c9b1d7d\" data-element_type=\"widget\" data-widget_type=\"heading.default\">\n\t\t\t\t<div class=\"elementor-widget-container\">\n\t\t\t<p class=\"elementor-heading-title elementor-size-default\">Nous sommes l\u00e0 pour r\u00e9pondre \u00e0 toutes vos questions et vous fournir une assistance personnalis\u00e9e. N'h\u00e9sitez pas \u00e0 nous contacter par t\u00e9l\u00e9phone, e-mail ou en remplissant le formulaire ci-dessous.<\/p>\t\t<\/div>\n\t\t\t\t<\/div>\n\t\t\t\t<div class=\"elementor-element elementor-element-713ad1e elementor-widget elementor-widget-clotya-contact-form-7\" data-id=\"713ad1e\" data-element_type=\"widget\" data-widget_type=\"clotya-contact-form-7.default\">\n\t\t\t\t<div class=\"elementor-widget-container\">\n\t\t\t<div class=\"contact-form\">\n<div class=\"wpcf7 no-js\" id=\"wpcf7-f2200-o1\" lang=\"en-US\" dir=\"ltr\">\n<div class=\"screen-reader-response\"><p role=\"status\" aria-live=\"polite\" aria-atomic=\"true\"><\/p> <ul><\/ul><\/div>\n<form action=\"\/en\/wp-json\/wp\/v2\/pages\/2181#wpcf7-f2200-o1\" method=\"post\" class=\"wpcf7-form init\" aria-label=\"Contact form\" novalidate=\"novalidate\" data-status=\"init\">\n<div style=\"display: none;\">\n<input type=\"hidden\" name=\"_wpcf7\" value=\"2200\" \/>\n<input type=\"hidden\" name=\"_wpcf7_version\" value=\"5.9.8\" \/>\n<input type=\"hidden\" name=\"_wpcf7_locale\" value=\"en_US\" \/>\n<input type=\"hidden\" name=\"_wpcf7_unit_tag\" value=\"wpcf7-f2200-o1\" \/>\n<input type=\"hidden\" name=\"_wpcf7_container_post\" value=\"0\" \/>\n<input type=\"hidden\" name=\"_wpcf7_posted_data_hash\" value=\"\" \/>\n<\/div>\n<div class=\"row\">\n\t<div class=\"col-12 col-lg-6\">\n\t\t<p><label> Votre nom * <\/label><br \/>\n<span class=\"wpcf7-form-control-wrap\" data-name=\"your-name\"><input size=\"40\" maxlength=\"400\" class=\"wpcf7-form-control wpcf7-text wpcf7-validates-as-required\" aria-required=\"true\" aria-invalid=\"false\" value=\"\" type=\"text\" name=\"your-name\" \/><\/span>\n\t\t<\/p>\n\t<\/div>\n\t<div class=\"col-12 col-lg-6\">\n\t\t<p><label> Votre email *<\/label><br \/>\n<span class=\"wpcf7-form-control-wrap\" data-name=\"your-email\"><input size=\"40\" maxlength=\"400\" class=\"wpcf7-form-control wpcf7-email wpcf7-validates-as-required wpcf7-text wpcf7-validates-as-email\" aria-required=\"true\" aria-invalid=\"false\" value=\"\" type=\"email\" name=\"your-email\" \/><\/span>\n\t\t<\/p>\n\t<\/div>\n\t<div class=\"col-12 col-lg-12\">\n\t\t<p><label> Sujet * <\/label><br \/>\n<span class=\"wpcf7-form-control-wrap\" data-name=\"your-subject\"><input size=\"40\" maxlength=\"400\" class=\"wpcf7-form-control wpcf7-text wpcf7-validates-as-required\" aria-required=\"true\" aria-invalid=\"false\" value=\"\" type=\"text\" name=\"your-subject\" \/><\/span>\n\t\t<\/p>\n\t<\/div>\n\t<div class=\"col-12 col-lg-12\">\n\t\t<p><label> Votre message <\/label><br \/>\n<span class=\"wpcf7-form-control-wrap\" data-name=\"your-message\"><textarea cols=\"40\" rows=\"10\" maxlength=\"2000\" class=\"wpcf7-form-control wpcf7-textarea\" aria-invalid=\"false\" name=\"your-message\"><\/textarea><\/span>\n\t\t<\/p>\n\t<\/div>\n\t<div class=\"col-12 col-lg-12\">\n\t\t<p><input class=\"wpcf7-form-control wpcf7-submit has-spinner\" type=\"submit\" value=\"Envoyer Message\" \/>\n\t\t<\/p>\n\t<\/div>\n<\/div><div class=\"wpcf7-response-output\" aria-hidden=\"true\"><\/div>\n<\/form>\n<\/div>\n<\/div><!-- contact-form -->\t\t<\/div>\n\t\t\t\t<\/div>\n\t\t\t\t\t<\/div>\n\t\t<\/div>\n\t\t\t\t<div class=\"elementor-column elementor-col-25 elementor-top-column elementor-element elementor-element-a6ef122 elementor-hidden-tablet elementor-hidden-mobile\" data-id=\"a6ef122\" data-element_type=\"column\">\n\t\t\t<div class=\"elementor-widget-wrap\">\n\t\t\t\t\t\t\t<\/div>\n\t\t<\/div>\n\t\t\t\t<div class=\"elementor-column elementor-col-25 elementor-top-column elementor-element elementor-element-6d57c76\" data-id=\"6d57c76\" data-element_type=\"column\">\n\t\t\t<div class=\"elementor-widget-wrap elementor-element-populated\">\n\t\t\t\t\t\t<div class=\"elementor-element elementor-element-b6a20cf elementor-widget elementor-widget-clotya-contact-icon-box\" data-id=\"b6a20cf\" data-element_type=\"widget\" data-widget_type=\"clotya-contact-icon-box.default\">\n\t\t\t\t<div class=\"elementor-widget-container\">\n\t\t\t<div class=\"iconbox-contact\"><div class=\"icon\"><i class=\"klbth-icon-store\"><\/i><\/div><div class=\"detail\"><h4 class=\"entry-header\">MIHIA HAIR <\/h4><p><p>210 place beno\u00eet, St-Laurent, Montr\u00e9al, Qc.<\/p><p>Phone: +1 5146048474<br \/>Email: <a href=\"serviceclient@mihiahair.store\">serviceclient@mihiahair.store<\/a><\/p><\/p><\/div><!-- detail --><\/div><!-- iconbox-contact -->\t\t<\/div>\n\t\t\t\t<\/div>\n\t\t\t\t<div class=\"elementor-element elementor-element-6ccab62 elementor-widget elementor-widget-clotya-contact-icon-box\" data-id=\"6ccab62\" data-element_type=\"widget\" data-widget_type=\"clotya-contact-icon-box.default\">\n\t\t\t\t<div class=\"elementor-widget-container\">\n\t\t\t<div class=\"iconbox-contact\"><div class=\"icon\"><i class=\"klbth-icon-open\"><\/i><\/div><div class=\"detail\"><h4 class=\"entry-header\">Heures d&#039;ouverture<\/h4><p><p>Du lundi au vendredi : 24h<br \/>Ferm\u00e9 le week-end<\/p><\/p><\/div><!-- detail --><\/div><!-- iconbox-contact -->\t\t<\/div>\n\t\t\t\t<\/div>\n\t\t\t\t\t<\/div>\n\t\t<\/div>\n\t\t\t\t\t<\/div>\n\t\t<\/section>\n\t\t\t\t<section class=\"elementor-section elementor-top-section elementor-element elementor-element-2e78980 elementor-section-boxed elementor-section-height-default elementor-section-height-default\" data-id=\"2e78980\" data-element_type=\"section\">\n\t\t\t\t\t\t<div class=\"elementor-container elementor-column-gap-extended\">\n\t\t\t\t\t<div class=\"elementor-column elementor-col-100 elementor-top-column elementor-element elementor-element-0e52dd3\" data-id=\"0e52dd3\" data-element_type=\"column\">\n\t\t\t<div class=\"elementor-widget-wrap\">\n\t\t\t\t\t\t\t<\/div>\n\t\t<\/div>\n\t\t\t\t\t<\/div>\n\t\t<\/section>\n\t\t\t\t<\/div>\n\t\t","protected":false},"excerpt":{"rendered":"<p>Nous contacter Prendre contact Nous sommes l\u00e0 pour r\u00e9pondre \u00e0 toutes vos questions et vous fournir une assistance personnalis\u00e9e. N&rsquo;h\u00e9sitez pas \u00e0 nous contacter par t\u00e9l\u00e9phone, e-mail ou en remplissant le formulaire ci-dessous. Votre nom * Votre email * Sujet * Votre message MIHIA HAIR 210 place beno\u00eet, St-Laurent, Montr\u00e9al, Qc. Phone: +1 5146048474Email: serviceclient@mihiahair.store<\/p>\n<div class=\"klb-readmore entry-button\"><a class=\"btn link\" href=\"https:\/\/mihiahair.store\/en\/contact\/\">Read More <i class=\"klbth-icon-right-arrow\"><\/i><\/a><\/div>","protected":false},"author":1,"featured_media":0,"parent":0,"menu_order":0,"comment_status":"closed","ping_status":"closed","template":"","meta":{"footnotes":""},"yoast_head":"<!-- This site is optimized with the Yoast SEO plugin v24.5 - https:\/\/yoast.com\/wordpress\/plugins\/seo\/ -->\n<title>Contact - mihiahair.store<\/title>\n<meta name=\"robots\" content=\"index, follow, max-snippet:-1, max-image-preview:large, max-video-preview:-1\" \/>\n<link rel=\"canonical\" href=\"https:\/\/mihiahair.store\/en\/contact\/\" \/>\n<meta property=\"og:locale\" content=\"en_US\" \/>\n<meta property=\"og:type\" content=\"article\" \/>\n<meta property=\"og:title\" content=\"Contact - mihiahair.store\" \/>\n<meta property=\"og:description\" content=\"Nous contacter Prendre contact Nous sommes l\u00e0 pour r\u00e9pondre \u00e0 toutes vos questions et vous fournir une assistance personnalis\u00e9e. N&rsquo;h\u00e9sitez pas \u00e0 nous contacter par t\u00e9l\u00e9phone, e-mail ou en remplissant le formulaire ci-dessous. Votre nom * Votre email * Sujet * Votre message MIHIA HAIR 210 place beno\u00eet, St-Laurent, Montr\u00e9al, Qc. Phone: +1 5146048474Email: serviceclient@mihiahair.storeRead More\" \/>\n<meta property=\"og:url\" content=\"https:\/\/mihiahair.store\/en\/contact\/\" \/>\n<meta property=\"og:site_name\" content=\"mihiahair.store\" \/>\n<meta property=\"article:modified_time\" content=\"2026-02-24T19:04:21+00:00\" \/>\n<meta property=\"og:image\" content=\"https:\/\/mihiahair.store\/wp-content\/uploads\/elementor\/thumbs\/2343-qonj0kjatqjvegzvdurm42cqej355wvi1yafje16go.jpg\" \/>\n<meta name=\"twitter:card\" content=\"summary_large_image\" \/>\n<meta name=\"twitter:label1\" content=\"Est. reading time\" \/>\n\t<meta name=\"twitter:data1\" content=\"1 minute\" \/>\n<script type=\"application\/ld+json\" class=\"yoast-schema-graph\">{\"@context\":\"https:\/\/schema.org\",\"@graph\":[{\"@type\":\"WebPage\",\"@id\":\"https:\/\/mihiahair.store\/contact\/\",\"url\":\"https:\/\/mihiahair.store\/contact\/\",\"name\":\"Contact - mihiahair.store\",\"isPartOf\":{\"@id\":\"https:\/\/mihiahair.store\/#website\"},\"primaryImageOfPage\":{\"@id\":\"https:\/\/mihiahair.store\/contact\/#primaryimage\"},\"image\":{\"@id\":\"https:\/\/mihiahair.store\/contact\/#primaryimage\"},\"thumbnailUrl\":\"https:\/\/mihiahair.store\/wp-content\/uploads\/elementor\/thumbs\/2343-qonj0kjatqjvegzvdurm42cqej355wvi1yafje16go.jpg\",\"datePublished\":\"2022-06-04T06:09:03+00:00\",\"dateModified\":\"2026-02-24T19:04:21+00:00\",\"breadcrumb\":{\"@id\":\"https:\/\/mihiahair.store\/contact\/#breadcrumb\"},\"inLanguage\":\"en-US\",\"potentialAction\":[{\"@type\":\"ReadAction\",\"target\":[\"https:\/\/mihiahair.store\/contact\/\"]}]},{\"@type\":\"ImageObject\",\"inLanguage\":\"en-US\",\"@id\":\"https:\/\/mihiahair.store\/contact\/#primaryimage\",\"url\":\"https:\/\/mihiahair.store\/wp-content\/uploads\/elementor\/thumbs\/2343-qonj0kjatqjvegzvdurm42cqej355wvi1yafje16go.jpg\",\"contentUrl\":\"https:\/\/mihiahair.store\/wp-content\/uploads\/elementor\/thumbs\/2343-qonj0kjatqjvegzvdurm42cqej355wvi1yafje16go.jpg\"},{\"@type\":\"BreadcrumbList\",\"@id\":\"https:\/\/mihiahair.store\/contact\/#breadcrumb\",\"itemListElement\":[{\"@type\":\"ListItem\",\"position\":1,\"name\":\"Accueil\",\"item\":\"https:\/\/mihiahair.store\/\"},{\"@type\":\"ListItem\",\"position\":2,\"name\":\"Contact\"}]},{\"@type\":\"WebSite\",\"@id\":\"https:\/\/mihiahair.store\/#website\",\"url\":\"https:\/\/mihiahair.store\/\",\"name\":\"mihiahair.store\",\"description\":\"\",\"potentialAction\":[{\"@type\":\"SearchAction\",\"target\":{\"@type\":\"EntryPoint\",\"urlTemplate\":\"https:\/\/mihiahair.store\/?s={search_term_string}\"},\"query-input\":{\"@type\":\"PropertyValueSpecification\",\"valueRequired\":true,\"valueName\":\"search_term_string\"}}],\"inLanguage\":\"en-US\"}]}<\/script>\n<!-- \/ Yoast SEO plugin. -->","yoast_head_json":{"title":"Contact - mihiahair.store","robots":{"index":"index","follow":"follow","max-snippet":"max-snippet:-1","max-image-preview":"max-image-preview:large","max-video-preview":"max-video-preview:-1"},"canonical":"https:\/\/mihiahair.store\/en\/contact\/","og_locale":"en_US","og_type":"article","og_title":"Contact - mihiahair.store","og_description":"Nous contacter Prendre contact Nous sommes l\u00e0 pour r\u00e9pondre \u00e0 toutes vos questions et vous fournir une assistance personnalis\u00e9e. N&rsquo;h\u00e9sitez pas \u00e0 nous contacter par t\u00e9l\u00e9phone, e-mail ou en remplissant le formulaire ci-dessous. Votre nom * Votre email * Sujet * Votre message MIHIA HAIR 210 place beno\u00eet, St-Laurent, Montr\u00e9al, Qc. Phone: +1 5146048474Email: serviceclient@mihiahair.storeRead More","og_url":"https:\/\/mihiahair.store\/en\/contact\/","og_site_name":"mihiahair.store","article_modified_time":"2026-02-24T19:04:21+00:00","og_image":[{"url":"https:\/\/mihiahair.store\/wp-content\/uploads\/elementor\/thumbs\/2343-qonj0kjatqjvegzvdurm42cqej355wvi1yafje16go.jpg","type":"","width":"","height":""}],"twitter_card":"summary_large_image","twitter_misc":{"Est. reading time":"1 minute"},"schema":{"@context":"https:\/\/schema.org","@graph":[{"@type":"WebPage","@id":"https:\/\/mihiahair.store\/contact\/","url":"https:\/\/mihiahair.store\/contact\/","name":"Contact - mihiahair.store","isPartOf":{"@id":"https:\/\/mihiahair.store\/#website"},"primaryImageOfPage":{"@id":"https:\/\/mihiahair.store\/contact\/#primaryimage"},"image":{"@id":"https:\/\/mihiahair.store\/contact\/#primaryimage"},"thumbnailUrl":"https:\/\/mihiahair.store\/wp-content\/uploads\/elementor\/thumbs\/2343-qonj0kjatqjvegzvdurm42cqej355wvi1yafje16go.jpg","datePublished":"2022-06-04T06:09:03+00:00","dateModified":"2026-02-24T19:04:21+00:00","breadcrumb":{"@id":"https:\/\/mihiahair.store\/contact\/#breadcrumb"},"inLanguage":"en-US","potentialAction":[{"@type":"ReadAction","target":["https:\/\/mihiahair.store\/contact\/"]}]},{"@type":"ImageObject","inLanguage":"en-US","@id":"https:\/\/mihiahair.store\/contact\/#primaryimage","url":"https:\/\/mihiahair.store\/wp-content\/uploads\/elementor\/thumbs\/2343-qonj0kjatqjvegzvdurm42cqej355wvi1yafje16go.jpg","contentUrl":"https:\/\/mihiahair.store\/wp-content\/uploads\/elementor\/thumbs\/2343-qonj0kjatqjvegzvdurm42cqej355wvi1yafje16go.jpg"},{"@type":"BreadcrumbList","@id":"https:\/\/mihiahair.store\/contact\/#breadcrumb","itemListElement":[{"@type":"ListItem","position":1,"name":"Accueil","item":"https:\/\/mihiahair.store\/"},{"@type":"ListItem","position":2,"name":"Contact"}]},{"@type":"WebSite","@id":"https:\/\/mihiahair.store\/#website","url":"https:\/\/mihiahair.store\/","name":"mihiahair.store","description":"","potentialAction":[{"@type":"SearchAction","target":{"@type":"EntryPoint","urlTemplate":"https:\/\/mihiahair.store\/?s={search_term_string}"},"query-input":{"@type":"PropertyValueSpecification","valueRequired":true,"valueName":"search_term_string"}}],"inLanguage":"en-US"}]}},"_links":{"self":[{"href":"https:\/\/mihiahair.store\/en\/wp-json\/wp\/v2\/pages\/2181"}],"collection":[{"href":"https:\/\/mihiahair.store\/en\/wp-json\/wp\/v2\/pages"}],"about":[{"href":"https:\/\/mihiahair.store\/en\/wp-json\/wp\/v2\/types\/page"}],"author":[{"embeddable":true,"href":"https:\/\/mihiahair.store\/en\/wp-json\/wp\/v2\/users\/1"}],"replies":[{"embeddable":true,"href":"https:\/\/mihiahair.store\/en\/wp-json\/wp\/v2\/comments?post=2181"}],"version-history":[{"count":24,"href":"https:\/\/mihiahair.store\/en\/wp-json\/wp\/v2\/pages\/2181\/revisions"}],"predecessor-version":[{"id":3579,"href":"https:\/\/mihiahair.store\/en\/wp-json\/wp\/v2\/pages\/2181\/revisions\/3579"}],"wp:attachment":[{"href":"https:\/\/mihiahair.store\/en\/wp-json\/wp\/v2\/media?parent=2181"}],"curies":[{"name":"wp","href":"https:\/\/api.w.org\/{rel}","templated":true}]}}