{"id":3611,"date":"2026-04-16T23:09:17","date_gmt":"2026-04-16T21:09:17","guid":{"rendered":"https:\/\/mihiahair.store\/?post_type=product&#038;p=3611"},"modified":"2026-04-17T12:58:43","modified_gmt":"2026-04-17T10:58:43","slug":"elite-30-vietnamienne-raw-hair-sdd","status":"publish","type":"product","link":"https:\/\/mihiahair.store\/en\/product\/elite-30-vietnamienne-raw-hair-sdd\/","title":{"rendered":"\u00c9LITE \u2013 30\u2019\u2019 RAW HAIR VIETNAMIEN SDD COULEUR 1B NATURELLE"},"content":{"rendered":"<p style=\"padding-left: 40px\">Raw Hair Vietnamienne SDD<\/p>\n<p data-start=\"112\" data-end=\"350\">Perruque haut de gamme en cheveux <em data-start=\"146\" data-end=\"167\">Raw Hair vietnamien<\/em>, offrant un rendu naturel et luxueux.<br data-start=\"205\" data-end=\"208\" \/>Dot\u00e9e d\u2019une <strong data-start=\"220\" data-end=\"235\">closure 2&#215;6<\/strong>, d\u2019une <strong data-start=\"243\" data-end=\"268\">longueur de 30 pouces<\/strong> et d\u2019une <strong data-start=\"278\" data-end=\"297\">densit\u00e9 de 300%<\/strong> pour un volume intense et une finition ind\u00e9tectable.<\/p>\n<p data-start=\"352\" data-end=\"450\">\u2714\ufe0f 100% cheveux naturels<br data-start=\"376\" data-end=\"379\" \/>\u2714\ufe0f Volume extr\u00eame<br data-start=\"396\" data-end=\"399\" \/>\u2714\ufe0f Longueur \u00e9l\u00e9gante<br data-start=\"419\" data-end=\"422\" \/>\u2714\ufe0f Qualit\u00e9 premium durable<\/p>","protected":false},"excerpt":{"rendered":"<p>L\u2019\u00e9l\u00e9gance pure du luxe capillaire. Une chevelure d\u2019exception pour r\u00e9v\u00e9ler ta vraie aura.<br \/>\n<strong data-start=\"287\" data-end=\"311\">Longueur : 30 pouces<\/strong><br data-start=\"311\" data-end=\"314\" \/><strong data-start=\"314\" data-end=\"332\">Densit\u00e9 : 300%<\/strong><br data-start=\"332\" data-end=\"335\" \/><strong data-start=\"335\" data-end=\"352\">Closure : 2&#215;6<\/strong><\/p>\n<p><strong data-start=\"355\" data-end=\"388\">Qualit\u00e9 : Raw Hair vietnamien<\/strong><\/p>","protected":false},"featured_media":3744,"comment_status":"open","ping_status":"closed","template":"","meta":[],"product_cat":[94],"product_tag":[102],"yoast_head":"<!-- This site is optimized with the Yoast SEO plugin v24.5 - https:\/\/yoast.com\/wordpress\/plugins\/seo\/ -->\n<title>\u00c9LITE \u2013 30\u2019\u2019 RAW HAIR VIETNAMIEN SDD COULEUR 1B NATURELLE - mihiahair.store<\/title>\n<meta name=\"robots\" content=\"index, follow, max-snippet:-1, max-image-preview:large, max-video-preview:-1\" \/>\n<link rel=\"canonical\" href=\"https:\/\/mihiahair.store\/en\/product\/elite-30-vietnamienne-raw-hair-sdd\/\" \/>\n<meta property=\"og:locale\" content=\"en_US\" \/>\n<meta property=\"og:type\" content=\"article\" \/>\n<meta property=\"og:title\" content=\"\u00c9LITE \u2013 30\u2019\u2019 RAW HAIR VIETNAMIEN SDD COULEUR 1B NATURELLE - mihiahair.store\" \/>\n<meta property=\"og:description\" content=\"L\u2019\u00e9l\u00e9gance pure du luxe capillaire. Une chevelure d\u2019exception pour r\u00e9v\u00e9ler ta vraie aura. Longueur : 30 poucesDensit\u00e9 : 300%Closure : 2x6  Qualit\u00e9 : Raw Hair vietnamien\" \/>\n<meta property=\"og:url\" content=\"https:\/\/mihiahair.store\/en\/product\/elite-30-vietnamienne-raw-hair-sdd\/\" \/>\n<meta property=\"og:site_name\" content=\"mihiahair.store\" \/>\n<meta property=\"article:modified_time\" content=\"2026-04-17T10:58:43+00:00\" \/>\n<meta property=\"og:image\" content=\"https:\/\/mihiahair.store\/wp-content\/uploads\/2026\/04\/IMG_5217.jpeg\" \/>\n\t<meta property=\"og:image:width\" content=\"1290\" \/>\n\t<meta property=\"og:image:height\" content=\"2023\" \/>\n\t<meta property=\"og:image:type\" content=\"image\/jpeg\" \/>\n<meta name=\"twitter:card\" content=\"summary_large_image\" \/>\n<meta name=\"twitter:label1\" content=\"Est. reading time\" \/>\n\t<meta name=\"twitter:data1\" content=\"1 minute\" \/>\n<script type=\"application\/ld+json\" class=\"yoast-schema-graph\">{\"@context\":\"https:\/\/schema.org\",\"@graph\":[{\"@type\":\"WebPage\",\"@id\":\"https:\/\/mihiahair.store\/product\/elite-30-vietnamienne-raw-hair-sdd\/\",\"url\":\"https:\/\/mihiahair.store\/product\/elite-30-vietnamienne-raw-hair-sdd\/\",\"name\":\"\u00c9LITE \u2013 30\u2019\u2019 RAW HAIR VIETNAMIEN SDD COULEUR 1B NATURELLE - mihiahair.store\",\"isPartOf\":{\"@id\":\"https:\/\/mihiahair.store\/#website\"},\"primaryImageOfPage\":{\"@id\":\"https:\/\/mihiahair.store\/product\/elite-30-vietnamienne-raw-hair-sdd\/#primaryimage\"},\"image\":{\"@id\":\"https:\/\/mihiahair.store\/product\/elite-30-vietnamienne-raw-hair-sdd\/#primaryimage\"},\"thumbnailUrl\":\"https:\/\/mihiahair.store\/wp-content\/uploads\/2026\/04\/IMG_5217.jpeg\",\"datePublished\":\"2026-04-16T21:09:17+00:00\",\"dateModified\":\"2026-04-17T10:58:43+00:00\",\"breadcrumb\":{\"@id\":\"https:\/\/mihiahair.store\/product\/elite-30-vietnamienne-raw-hair-sdd\/#breadcrumb\"},\"inLanguage\":\"en-US\",\"potentialAction\":[{\"@type\":\"ReadAction\",\"target\":[\"https:\/\/mihiahair.store\/product\/elite-30-vietnamienne-raw-hair-sdd\/\"]}]},{\"@type\":\"ImageObject\",\"inLanguage\":\"en-US\",\"@id\":\"https:\/\/mihiahair.store\/product\/elite-30-vietnamienne-raw-hair-sdd\/#primaryimage\",\"url\":\"https:\/\/mihiahair.store\/wp-content\/uploads\/2026\/04\/IMG_5217.jpeg\",\"contentUrl\":\"https:\/\/mihiahair.store\/wp-content\/uploads\/2026\/04\/IMG_5217.jpeg\",\"width\":1290,\"height\":2023,\"caption\":\"Screenshot\"},{\"@type\":\"BreadcrumbList\",\"@id\":\"https:\/\/mihiahair.store\/product\/elite-30-vietnamienne-raw-hair-sdd\/#breadcrumb\",\"itemListElement\":[{\"@type\":\"ListItem\",\"position\":1,\"name\":\"Accueil\",\"item\":\"https:\/\/mihiahair.store\/\"},{\"@type\":\"ListItem\",\"position\":2,\"name\":\"Shop\",\"item\":\"https:\/\/mihiahair.store\/shop\/\"},{\"@type\":\"ListItem\",\"position\":3,\"name\":\"\u00c9LITE \u2013 30\u2019\u2019 RAW HAIR VIETNAMIEN SDD COULEUR 1B NATURELLE\"}]},{\"@type\":\"WebSite\",\"@id\":\"https:\/\/mihiahair.store\/#website\",\"url\":\"https:\/\/mihiahair.store\/\",\"name\":\"mihiahair.store\",\"description\":\"\",\"potentialAction\":[{\"@type\":\"SearchAction\",\"target\":{\"@type\":\"EntryPoint\",\"urlTemplate\":\"https:\/\/mihiahair.store\/?s={search_term_string}\"},\"query-input\":{\"@type\":\"PropertyValueSpecification\",\"valueRequired\":true,\"valueName\":\"search_term_string\"}}],\"inLanguage\":\"en-US\"}]}<\/script>\n<!-- \/ Yoast SEO plugin. -->","yoast_head_json":{"title":"\u00c9LITE \u2013 30\u2019\u2019 RAW HAIR VIETNAMIEN SDD COULEUR 1B NATURELLE - mihiahair.store","robots":{"index":"index","follow":"follow","max-snippet":"max-snippet:-1","max-image-preview":"max-image-preview:large","max-video-preview":"max-video-preview:-1"},"canonical":"https:\/\/mihiahair.store\/en\/product\/elite-30-vietnamienne-raw-hair-sdd\/","og_locale":"en_US","og_type":"article","og_title":"\u00c9LITE \u2013 30\u2019\u2019 RAW HAIR VIETNAMIEN SDD COULEUR 1B NATURELLE - mihiahair.store","og_description":"L\u2019\u00e9l\u00e9gance pure du luxe capillaire. Une chevelure d\u2019exception pour r\u00e9v\u00e9ler ta vraie aura. Longueur : 30 poucesDensit\u00e9 : 300%Closure : 2x6  Qualit\u00e9 : Raw Hair vietnamien","og_url":"https:\/\/mihiahair.store\/en\/product\/elite-30-vietnamienne-raw-hair-sdd\/","og_site_name":"mihiahair.store","article_modified_time":"2026-04-17T10:58:43+00:00","og_image":[{"width":1290,"height":2023,"url":"https:\/\/mihiahair.store\/wp-content\/uploads\/2026\/04\/IMG_5217.jpeg","type":"image\/jpeg"}],"twitter_card":"summary_large_image","twitter_misc":{"Est. reading time":"1 minute"},"schema":{"@context":"https:\/\/schema.org","@graph":[{"@type":"WebPage","@id":"https:\/\/mihiahair.store\/product\/elite-30-vietnamienne-raw-hair-sdd\/","url":"https:\/\/mihiahair.store\/product\/elite-30-vietnamienne-raw-hair-sdd\/","name":"\u00c9LITE \u2013 30\u2019\u2019 RAW HAIR VIETNAMIEN SDD COULEUR 1B NATURELLE - mihiahair.store","isPartOf":{"@id":"https:\/\/mihiahair.store\/#website"},"primaryImageOfPage":{"@id":"https:\/\/mihiahair.store\/product\/elite-30-vietnamienne-raw-hair-sdd\/#primaryimage"},"image":{"@id":"https:\/\/mihiahair.store\/product\/elite-30-vietnamienne-raw-hair-sdd\/#primaryimage"},"thumbnailUrl":"https:\/\/mihiahair.store\/wp-content\/uploads\/2026\/04\/IMG_5217.jpeg","datePublished":"2026-04-16T21:09:17+00:00","dateModified":"2026-04-17T10:58:43+00:00","breadcrumb":{"@id":"https:\/\/mihiahair.store\/product\/elite-30-vietnamienne-raw-hair-sdd\/#breadcrumb"},"inLanguage":"en-US","potentialAction":[{"@type":"ReadAction","target":["https:\/\/mihiahair.store\/product\/elite-30-vietnamienne-raw-hair-sdd\/"]}]},{"@type":"ImageObject","inLanguage":"en-US","@id":"https:\/\/mihiahair.store\/product\/elite-30-vietnamienne-raw-hair-sdd\/#primaryimage","url":"https:\/\/mihiahair.store\/wp-content\/uploads\/2026\/04\/IMG_5217.jpeg","contentUrl":"https:\/\/mihiahair.store\/wp-content\/uploads\/2026\/04\/IMG_5217.jpeg","width":1290,"height":2023,"caption":"Screenshot"},{"@type":"BreadcrumbList","@id":"https:\/\/mihiahair.store\/product\/elite-30-vietnamienne-raw-hair-sdd\/#breadcrumb","itemListElement":[{"@type":"ListItem","position":1,"name":"Accueil","item":"https:\/\/mihiahair.store\/"},{"@type":"ListItem","position":2,"name":"Shop","item":"https:\/\/mihiahair.store\/shop\/"},{"@type":"ListItem","position":3,"name":"\u00c9LITE \u2013 30\u2019\u2019 RAW HAIR VIETNAMIEN SDD COULEUR 1B NATURELLE"}]},{"@type":"WebSite","@id":"https:\/\/mihiahair.store\/#website","url":"https:\/\/mihiahair.store\/","name":"mihiahair.store","description":"","potentialAction":[{"@type":"SearchAction","target":{"@type":"EntryPoint","urlTemplate":"https:\/\/mihiahair.store\/?s={search_term_string}"},"query-input":{"@type":"PropertyValueSpecification","valueRequired":true,"valueName":"search_term_string"}}],"inLanguage":"en-US"}]}},"_links":{"self":[{"href":"https:\/\/mihiahair.store\/en\/wp-json\/wp\/v2\/product\/3611"}],"collection":[{"href":"https:\/\/mihiahair.store\/en\/wp-json\/wp\/v2\/product"}],"about":[{"href":"https:\/\/mihiahair.store\/en\/wp-json\/wp\/v2\/types\/product"}],"replies":[{"embeddable":true,"href":"https:\/\/mihiahair.store\/en\/wp-json\/wp\/v2\/comments?post=3611"}],"wp:featuredmedia":[{"embeddable":true,"href":"https:\/\/mihiahair.store\/en\/wp-json\/wp\/v2\/media\/3744"}],"wp:attachment":[{"href":"https:\/\/mihiahair.store\/en\/wp-json\/wp\/v2\/media?parent=3611"}],"wp:term":[{"taxonomy":"product_cat","embeddable":true,"href":"https:\/\/mihiahair.store\/en\/wp-json\/wp\/v2\/product_cat?post=3611"},{"taxonomy":"product_tag","embeddable":true,"href":"https:\/\/mihiahair.store\/en\/wp-json\/wp\/v2\/product_tag?post=3611"}],"curies":[{"name":"wp","href":"https:\/\/api.w.org\/{rel}","templated":true}]}}