{"id":3649,"date":"2026-04-17T02:21:06","date_gmt":"2026-04-17T00:21:06","guid":{"rendered":"https:\/\/mihiahair.store\/?post_type=product&#038;p=3649"},"modified":"2026-04-17T13:23:41","modified_gmt":"2026-04-17T11:23:41","slug":"dior-raw-hair-vietnamien-sdd-30-300-densite-closure-5x5-%e2%9c%a8-lelegance-ultime-du-raw-hair-vietnamien-pensee-pour-une-allure-sophistiquee-naturelle-et-re","status":"publish","type":"product","link":"https:\/\/mihiahair.store\/en\/product\/dior-raw-hair-vietnamien-sdd-30-300-densite-closure-5x5-%e2%9c%a8-lelegance-ultime-du-raw-hair-vietnamien-pensee-pour-une-allure-sophistiquee-naturelle-et-re\/","title":{"rendered":"DIOR \u2013 30\u2019\u2019 RAW HAIR VIETNAMIEN SDD GINGER"},"content":{"rendered":"<p data-start=\"118\" data-end=\"251\">DIOR \u2013 Raw Hair Vietnamien SDD 30\u2019\u2019<\/p>\n<p data-start=\"118\" data-end=\"251\">D\u00e9couvrez une perruque d\u2019exception en <strong data-start=\"156\" data-end=\"191\">Raw Hair vietnamien 100% humain<\/strong>, issue d\u2019un seul donneur pour une qualit\u00e9 pure et homog\u00e8ne.<\/p>\n<p data-start=\"253\" data-end=\"371\">Sa <strong data-start=\"256\" data-end=\"284\">couleur ginger lumineuse<\/strong> apporte chaleur, \u00e9clat et sophistication au visage, pour un look moderne et luxueux.<\/p>\n<p data-start=\"373\" data-end=\"502\">Avec sa <strong data-start=\"381\" data-end=\"406\">longueur de 30 pouces<\/strong> et sa <strong data-start=\"413\" data-end=\"432\">densit\u00e9 de 300%<\/strong>, elle offre un volume spectaculaire et un rendu naturel ultra fluide.<\/p>\n<p data-start=\"504\" data-end=\"592\">La <strong data-start=\"507\" data-end=\"522\">closure 5*5 <\/strong>garantit une finition ind\u00e9tectable et un effet cuir chevelu r\u00e9aliste.<\/p>\n<p data-start=\"594\" data-end=\"697\">\u2728 Douce, soyeuse et durable \u2014 une pi\u00e8ce haut de gamme pens\u00e9e pour sublimer votre \u00e9l\u00e9gance au quotidien.<\/p>","protected":false},"excerpt":{"rendered":"<p data-start=\"112\" data-end=\"257\">Perruque en <strong data-start=\"124\" data-end=\"166\">cheveux 100% humains d\u2019un seul donneur<\/strong>, qualit\u00e9 premium. Texture naturelle, douce et soyeuse pour un rendu luxueux et r\u00e9aliste.<\/p>\n<p data-start=\"259\" data-end=\"331\">Sa <strong data-start=\"262\" data-end=\"290\">couleur ginger lumineuse<\/strong> apporte chaleur et \u00e9l\u00e9gance au visage.<\/p>\n<p data-start=\"333\" data-end=\"400\"><strong data-start=\"333\" data-end=\"357\">Longueur : 30 pouces<\/strong><br data-start=\"357\" data-end=\"360\" \/><strong data-start=\"360\" data-end=\"378\">Densit\u00e9 : 300%<\/strong><br data-start=\"378\" data-end=\"381\" \/><strong data-start=\"381\" data-end=\"398\">Closure : 5&#215;5<\/strong><\/p>","protected":false},"featured_media":3643,"comment_status":"open","ping_status":"closed","template":"","meta":[],"product_cat":[15,94],"product_tag":[],"yoast_head":"<!-- This site is optimized with the Yoast SEO plugin v24.5 - https:\/\/yoast.com\/wordpress\/plugins\/seo\/ -->\n<title>DIOR \u2013 30\u2019\u2019 RAW HAIR VIETNAMIEN SDD GINGER - mihiahair.store<\/title>\n<meta name=\"robots\" content=\"index, follow, max-snippet:-1, max-image-preview:large, max-video-preview:-1\" \/>\n<link rel=\"canonical\" href=\"https:\/\/mihiahair.store\/en\/product\/dior-raw-hair-vietnamien-sdd-30-300-densite-closure-5x5-\u2728-lelegance-ultime-du-raw-hair-vietnamien-pensee-pour-une-allure-sophistiquee-naturelle-et-re\/\" \/>\n<meta property=\"og:locale\" content=\"en_US\" \/>\n<meta property=\"og:type\" content=\"article\" \/>\n<meta property=\"og:title\" content=\"DIOR \u2013 30\u2019\u2019 RAW HAIR VIETNAMIEN SDD GINGER - mihiahair.store\" \/>\n<meta property=\"og:description\" content=\"Perruque en cheveux 100% humains d\u2019un seul donneur, qualit\u00e9 premium. Texture naturelle, douce et soyeuse pour un rendu luxueux et r\u00e9aliste. Sa couleur ginger lumineuse apporte chaleur et \u00e9l\u00e9gance au visage. Longueur : 30 poucesDensit\u00e9 : 300%Closure : 5x5\" \/>\n<meta property=\"og:url\" content=\"https:\/\/mihiahair.store\/en\/product\/dior-raw-hair-vietnamien-sdd-30-300-densite-closure-5x5-\u2728-lelegance-ultime-du-raw-hair-vietnamien-pensee-pour-une-allure-sophistiquee-naturelle-et-re\/\" \/>\n<meta property=\"og:site_name\" content=\"mihiahair.store\" \/>\n<meta property=\"article:modified_time\" content=\"2026-04-17T11:23:41+00:00\" \/>\n<meta property=\"og:image\" content=\"https:\/\/mihiahair.store\/wp-content\/uploads\/2026\/04\/IMG_5787-scaled.jpeg\" \/>\n\t<meta property=\"og:image:width\" content=\"1920\" \/>\n\t<meta property=\"og:image:height\" content=\"2560\" \/>\n\t<meta property=\"og:image:type\" content=\"image\/jpeg\" \/>\n<meta name=\"twitter:card\" content=\"summary_large_image\" \/>\n<meta name=\"twitter:label1\" content=\"Est. reading time\" \/>\n\t<meta name=\"twitter:data1\" content=\"1 minute\" \/>\n<script type=\"application\/ld+json\" class=\"yoast-schema-graph\">{\"@context\":\"https:\/\/schema.org\",\"@graph\":[{\"@type\":\"WebPage\",\"@id\":\"https:\/\/mihiahair.store\/product\/dior-raw-hair-vietnamien-sdd-30-300-densite-closure-5x5-%e2%9c%a8-lelegance-ultime-du-raw-hair-vietnamien-pensee-pour-une-allure-sophistiquee-naturelle-et-re\/\",\"url\":\"https:\/\/mihiahair.store\/product\/dior-raw-hair-vietnamien-sdd-30-300-densite-closure-5x5-%e2%9c%a8-lelegance-ultime-du-raw-hair-vietnamien-pensee-pour-une-allure-sophistiquee-naturelle-et-re\/\",\"name\":\"DIOR \u2013 30\u2019\u2019 RAW HAIR VIETNAMIEN SDD GINGER - mihiahair.store\",\"isPartOf\":{\"@id\":\"https:\/\/mihiahair.store\/#website\"},\"primaryImageOfPage\":{\"@id\":\"https:\/\/mihiahair.store\/product\/dior-raw-hair-vietnamien-sdd-30-300-densite-closure-5x5-%e2%9c%a8-lelegance-ultime-du-raw-hair-vietnamien-pensee-pour-une-allure-sophistiquee-naturelle-et-re\/#primaryimage\"},\"image\":{\"@id\":\"https:\/\/mihiahair.store\/product\/dior-raw-hair-vietnamien-sdd-30-300-densite-closure-5x5-%e2%9c%a8-lelegance-ultime-du-raw-hair-vietnamien-pensee-pour-une-allure-sophistiquee-naturelle-et-re\/#primaryimage\"},\"thumbnailUrl\":\"https:\/\/mihiahair.store\/wp-content\/uploads\/2026\/04\/IMG_5787-scaled.jpeg\",\"datePublished\":\"2026-04-17T00:21:06+00:00\",\"dateModified\":\"2026-04-17T11:23:41+00:00\",\"breadcrumb\":{\"@id\":\"https:\/\/mihiahair.store\/product\/dior-raw-hair-vietnamien-sdd-30-300-densite-closure-5x5-%e2%9c%a8-lelegance-ultime-du-raw-hair-vietnamien-pensee-pour-une-allure-sophistiquee-naturelle-et-re\/#breadcrumb\"},\"inLanguage\":\"en-US\",\"potentialAction\":[{\"@type\":\"ReadAction\",\"target\":[\"https:\/\/mihiahair.store\/product\/dior-raw-hair-vietnamien-sdd-30-300-densite-closure-5x5-%e2%9c%a8-lelegance-ultime-du-raw-hair-vietnamien-pensee-pour-une-allure-sophistiquee-naturelle-et-re\/\"]}]},{\"@type\":\"ImageObject\",\"inLanguage\":\"en-US\",\"@id\":\"https:\/\/mihiahair.store\/product\/dior-raw-hair-vietnamien-sdd-30-300-densite-closure-5x5-%e2%9c%a8-lelegance-ultime-du-raw-hair-vietnamien-pensee-pour-une-allure-sophistiquee-naturelle-et-re\/#primaryimage\",\"url\":\"https:\/\/mihiahair.store\/wp-content\/uploads\/2026\/04\/IMG_5787-scaled.jpeg\",\"contentUrl\":\"https:\/\/mihiahair.store\/wp-content\/uploads\/2026\/04\/IMG_5787-scaled.jpeg\",\"width\":1920,\"height\":2560},{\"@type\":\"BreadcrumbList\",\"@id\":\"https:\/\/mihiahair.store\/product\/dior-raw-hair-vietnamien-sdd-30-300-densite-closure-5x5-%e2%9c%a8-lelegance-ultime-du-raw-hair-vietnamien-pensee-pour-une-allure-sophistiquee-naturelle-et-re\/#breadcrumb\",\"itemListElement\":[{\"@type\":\"ListItem\",\"position\":1,\"name\":\"Accueil\",\"item\":\"https:\/\/mihiahair.store\/\"},{\"@type\":\"ListItem\",\"position\":2,\"name\":\"Shop\",\"item\":\"https:\/\/mihiahair.store\/shop\/\"},{\"@type\":\"ListItem\",\"position\":3,\"name\":\"DIOR \u2013 30\u2019\u2019 RAW HAIR VIETNAMIEN SDD GINGER\"}]},{\"@type\":\"WebSite\",\"@id\":\"https:\/\/mihiahair.store\/#website\",\"url\":\"https:\/\/mihiahair.store\/\",\"name\":\"mihiahair.store\",\"description\":\"\",\"potentialAction\":[{\"@type\":\"SearchAction\",\"target\":{\"@type\":\"EntryPoint\",\"urlTemplate\":\"https:\/\/mihiahair.store\/?s={search_term_string}\"},\"query-input\":{\"@type\":\"PropertyValueSpecification\",\"valueRequired\":true,\"valueName\":\"search_term_string\"}}],\"inLanguage\":\"en-US\"}]}<\/script>\n<!-- \/ Yoast SEO plugin. -->","yoast_head_json":{"title":"DIOR \u2013 30\u2019\u2019 RAW HAIR VIETNAMIEN SDD GINGER - mihiahair.store","robots":{"index":"index","follow":"follow","max-snippet":"max-snippet:-1","max-image-preview":"max-image-preview:large","max-video-preview":"max-video-preview:-1"},"canonical":"https:\/\/mihiahair.store\/en\/product\/dior-raw-hair-vietnamien-sdd-30-300-densite-closure-5x5-\u2728-lelegance-ultime-du-raw-hair-vietnamien-pensee-pour-une-allure-sophistiquee-naturelle-et-re\/","og_locale":"en_US","og_type":"article","og_title":"DIOR \u2013 30\u2019\u2019 RAW HAIR VIETNAMIEN SDD GINGER - mihiahair.store","og_description":"Perruque en cheveux 100% humains d\u2019un seul donneur, qualit\u00e9 premium. Texture naturelle, douce et soyeuse pour un rendu luxueux et r\u00e9aliste. Sa couleur ginger lumineuse apporte chaleur et \u00e9l\u00e9gance au visage. Longueur : 30 poucesDensit\u00e9 : 300%Closure : 5x5","og_url":"https:\/\/mihiahair.store\/en\/product\/dior-raw-hair-vietnamien-sdd-30-300-densite-closure-5x5-\u2728-lelegance-ultime-du-raw-hair-vietnamien-pensee-pour-une-allure-sophistiquee-naturelle-et-re\/","og_site_name":"mihiahair.store","article_modified_time":"2026-04-17T11:23:41+00:00","og_image":[{"width":1920,"height":2560,"url":"https:\/\/mihiahair.store\/wp-content\/uploads\/2026\/04\/IMG_5787-scaled.jpeg","type":"image\/jpeg"}],"twitter_card":"summary_large_image","twitter_misc":{"Est. reading time":"1 minute"},"schema":{"@context":"https:\/\/schema.org","@graph":[{"@type":"WebPage","@id":"https:\/\/mihiahair.store\/product\/dior-raw-hair-vietnamien-sdd-30-300-densite-closure-5x5-%e2%9c%a8-lelegance-ultime-du-raw-hair-vietnamien-pensee-pour-une-allure-sophistiquee-naturelle-et-re\/","url":"https:\/\/mihiahair.store\/product\/dior-raw-hair-vietnamien-sdd-30-300-densite-closure-5x5-%e2%9c%a8-lelegance-ultime-du-raw-hair-vietnamien-pensee-pour-une-allure-sophistiquee-naturelle-et-re\/","name":"DIOR \u2013 30\u2019\u2019 RAW HAIR VIETNAMIEN SDD GINGER - mihiahair.store","isPartOf":{"@id":"https:\/\/mihiahair.store\/#website"},"primaryImageOfPage":{"@id":"https:\/\/mihiahair.store\/product\/dior-raw-hair-vietnamien-sdd-30-300-densite-closure-5x5-%e2%9c%a8-lelegance-ultime-du-raw-hair-vietnamien-pensee-pour-une-allure-sophistiquee-naturelle-et-re\/#primaryimage"},"image":{"@id":"https:\/\/mihiahair.store\/product\/dior-raw-hair-vietnamien-sdd-30-300-densite-closure-5x5-%e2%9c%a8-lelegance-ultime-du-raw-hair-vietnamien-pensee-pour-une-allure-sophistiquee-naturelle-et-re\/#primaryimage"},"thumbnailUrl":"https:\/\/mihiahair.store\/wp-content\/uploads\/2026\/04\/IMG_5787-scaled.jpeg","datePublished":"2026-04-17T00:21:06+00:00","dateModified":"2026-04-17T11:23:41+00:00","breadcrumb":{"@id":"https:\/\/mihiahair.store\/product\/dior-raw-hair-vietnamien-sdd-30-300-densite-closure-5x5-%e2%9c%a8-lelegance-ultime-du-raw-hair-vietnamien-pensee-pour-une-allure-sophistiquee-naturelle-et-re\/#breadcrumb"},"inLanguage":"en-US","potentialAction":[{"@type":"ReadAction","target":["https:\/\/mihiahair.store\/product\/dior-raw-hair-vietnamien-sdd-30-300-densite-closure-5x5-%e2%9c%a8-lelegance-ultime-du-raw-hair-vietnamien-pensee-pour-une-allure-sophistiquee-naturelle-et-re\/"]}]},{"@type":"ImageObject","inLanguage":"en-US","@id":"https:\/\/mihiahair.store\/product\/dior-raw-hair-vietnamien-sdd-30-300-densite-closure-5x5-%e2%9c%a8-lelegance-ultime-du-raw-hair-vietnamien-pensee-pour-une-allure-sophistiquee-naturelle-et-re\/#primaryimage","url":"https:\/\/mihiahair.store\/wp-content\/uploads\/2026\/04\/IMG_5787-scaled.jpeg","contentUrl":"https:\/\/mihiahair.store\/wp-content\/uploads\/2026\/04\/IMG_5787-scaled.jpeg","width":1920,"height":2560},{"@type":"BreadcrumbList","@id":"https:\/\/mihiahair.store\/product\/dior-raw-hair-vietnamien-sdd-30-300-densite-closure-5x5-%e2%9c%a8-lelegance-ultime-du-raw-hair-vietnamien-pensee-pour-une-allure-sophistiquee-naturelle-et-re\/#breadcrumb","itemListElement":[{"@type":"ListItem","position":1,"name":"Accueil","item":"https:\/\/mihiahair.store\/"},{"@type":"ListItem","position":2,"name":"Shop","item":"https:\/\/mihiahair.store\/shop\/"},{"@type":"ListItem","position":3,"name":"DIOR \u2013 30\u2019\u2019 RAW HAIR VIETNAMIEN SDD GINGER"}]},{"@type":"WebSite","@id":"https:\/\/mihiahair.store\/#website","url":"https:\/\/mihiahair.store\/","name":"mihiahair.store","description":"","potentialAction":[{"@type":"SearchAction","target":{"@type":"EntryPoint","urlTemplate":"https:\/\/mihiahair.store\/?s={search_term_string}"},"query-input":{"@type":"PropertyValueSpecification","valueRequired":true,"valueName":"search_term_string"}}],"inLanguage":"en-US"}]}},"_links":{"self":[{"href":"https:\/\/mihiahair.store\/en\/wp-json\/wp\/v2\/product\/3649"}],"collection":[{"href":"https:\/\/mihiahair.store\/en\/wp-json\/wp\/v2\/product"}],"about":[{"href":"https:\/\/mihiahair.store\/en\/wp-json\/wp\/v2\/types\/product"}],"replies":[{"embeddable":true,"href":"https:\/\/mihiahair.store\/en\/wp-json\/wp\/v2\/comments?post=3649"}],"wp:featuredmedia":[{"embeddable":true,"href":"https:\/\/mihiahair.store\/en\/wp-json\/wp\/v2\/media\/3643"}],"wp:attachment":[{"href":"https:\/\/mihiahair.store\/en\/wp-json\/wp\/v2\/media?parent=3649"}],"wp:term":[{"taxonomy":"product_cat","embeddable":true,"href":"https:\/\/mihiahair.store\/en\/wp-json\/wp\/v2\/product_cat?post=3649"},{"taxonomy":"product_tag","embeddable":true,"href":"https:\/\/mihiahair.store\/en\/wp-json\/wp\/v2\/product_tag?post=3649"}],"curies":[{"name":"wp","href":"https:\/\/api.w.org\/{rel}","templated":true}]}}