{"id":3650,"date":"2026-04-17T02:41:06","date_gmt":"2026-04-17T00:41:06","guid":{"rendered":"https:\/\/mihiahair.store\/?post_type=product&#038;p=3650"},"modified":"2026-04-17T13:28:10","modified_gmt":"2026-04-17T11:28:10","slug":"muse-virgin-hair-vietnamien-1b-blonde-28-300-densite-closure-2x6","status":"publish","type":"product","link":"https:\/\/mihiahair.store\/en\/product\/muse-virgin-hair-vietnamien-1b-blonde-28-300-densite-closure-2x6\/","title":{"rendered":"MUSE \u201328\u2019\u2019 VIRGIN HAIR VIETNAMIEN 1B\/ BLONDE"},"content":{"rendered":"<p data-start=\"65\" data-end=\"115\"><strong data-start=\"65\" data-end=\"115\">MUSE \u2013 Virgin Hair Vietnamien 1B \/ Blonde 28\u2019\u2019<\/strong><\/p>\n<p data-start=\"117\" data-end=\"256\">D\u00e9couvrez une pi\u00e8ce d\u2019exception en <strong data-start=\"152\" data-end=\"199\">cheveux 100% humains Virgin Hair vietnamien<\/strong>, s\u00e9lectionn\u00e9e pour sa qualit\u00e9 pure et son rendu naturel.<\/p>\n<p data-start=\"258\" data-end=\"383\">Sa <strong data-start=\"261\" data-end=\"303\">couleur 1B \/ blonde subtilement fondue<\/strong> cr\u00e9e un effet lumineux et sophistiqu\u00e9, parfait pour un look \u00e9l\u00e9gant et moderne.<\/p>\n<p data-start=\"385\" data-end=\"494\">Avec sa <strong data-start=\"393\" data-end=\"418\">longueur de 28 pouces<\/strong> et sa <strong data-start=\"425\" data-end=\"444\">densit\u00e9 de 300%<\/strong>, elle offre un volume riche, dense et harmonieux.<\/p>\n<p data-start=\"496\" data-end=\"592\">La <strong data-start=\"499\" data-end=\"514\">closure 2&#215;6<\/strong> assure une finition invisible pour un effet cuir chevelu r\u00e9aliste et naturel.<\/p>\n<p data-start=\"594\" data-end=\"700\">\u2728 Douce, soyeuse et durable \u2014 une cr\u00e9ation pens\u00e9e pour sublimer votre allure avec \u00e9l\u00e9gance et distinction.<\/p>","protected":false},"excerpt":{"rendered":"<p data-start=\"70\" data-end=\"120\"><strong data-start=\"70\" data-end=\"120\">MUSE \u2013 Virgin Hair Vietnamien 1B \/ Blonde 28\u2019\u2019<\/strong><\/p>\n<p data-start=\"122\" data-end=\"297\">Perruque en <strong data-start=\"134\" data-end=\"181\">cheveux 100% humains Virgin Hair vietnamien<\/strong>, qualit\u00e9 premium et rendu naturel.<br data-start=\"216\" data-end=\"219\" \/>Sa couleur <strong data-start=\"230\" data-end=\"254\">1B \/ blonde \u00e9l\u00e9gante<\/strong> apporte lumi\u00e8re et sophistication au look.<\/p>\n<p data-start=\"299\" data-end=\"366\"><strong data-start=\"299\" data-end=\"323\">Longueur : 28 pouces<\/strong><br data-start=\"323\" data-end=\"326\" \/><strong data-start=\"326\" data-end=\"344\">Densit\u00e9 : 300%<\/strong><br data-start=\"344\" data-end=\"347\" \/><strong data-start=\"347\" data-end=\"364\">Closure : 2&#215;6<\/strong><\/p>","protected":false},"featured_media":3654,"comment_status":"open","ping_status":"closed","template":"","meta":[],"product_cat":[94],"product_tag":[103],"yoast_head":"<!-- This site is optimized with the Yoast SEO plugin v24.5 - https:\/\/yoast.com\/wordpress\/plugins\/seo\/ -->\n<title>MUSE \u201328\u2019\u2019 VIRGIN HAIR VIETNAMIEN 1B\/ BLONDE - mihiahair.store<\/title>\n<meta name=\"robots\" content=\"index, follow, max-snippet:-1, max-image-preview:large, max-video-preview:-1\" \/>\n<link rel=\"canonical\" href=\"https:\/\/mihiahair.store\/en\/product\/muse-virgin-hair-vietnamien-1b-blonde-28-300-densite-closure-2x6\/\" \/>\n<meta property=\"og:locale\" content=\"en_US\" \/>\n<meta property=\"og:type\" content=\"article\" \/>\n<meta property=\"og:title\" content=\"MUSE \u201328\u2019\u2019 VIRGIN HAIR VIETNAMIEN 1B\/ BLONDE - mihiahair.store\" \/>\n<meta property=\"og:description\" content=\"MUSE \u2013 Virgin Hair Vietnamien 1B \/ Blonde 28\u2019\u2019 Perruque en cheveux 100% humains Virgin Hair vietnamien, qualit\u00e9 premium et rendu naturel.Sa couleur 1B \/ blonde \u00e9l\u00e9gante apporte lumi\u00e8re et sophistication au look. Longueur : 28 poucesDensit\u00e9 : 300%Closure : 2x6\" \/>\n<meta property=\"og:url\" content=\"https:\/\/mihiahair.store\/en\/product\/muse-virgin-hair-vietnamien-1b-blonde-28-300-densite-closure-2x6\/\" \/>\n<meta property=\"og:site_name\" content=\"mihiahair.store\" \/>\n<meta property=\"article:modified_time\" content=\"2026-04-17T11:28:10+00:00\" \/>\n<meta property=\"og:image\" content=\"https:\/\/mihiahair.store\/wp-content\/uploads\/2026\/04\/IMG_5799-scaled.jpeg\" \/>\n\t<meta property=\"og:image:width\" content=\"1920\" \/>\n\t<meta property=\"og:image:height\" content=\"2560\" \/>\n\t<meta property=\"og:image:type\" content=\"image\/jpeg\" \/>\n<meta name=\"twitter:card\" content=\"summary_large_image\" \/>\n<meta name=\"twitter:label1\" content=\"Est. reading time\" \/>\n\t<meta name=\"twitter:data1\" content=\"1 minute\" \/>\n<script type=\"application\/ld+json\" class=\"yoast-schema-graph\">{\"@context\":\"https:\/\/schema.org\",\"@graph\":[{\"@type\":\"WebPage\",\"@id\":\"https:\/\/mihiahair.store\/product\/muse-virgin-hair-vietnamien-1b-blonde-28-300-densite-closure-2x6\/\",\"url\":\"https:\/\/mihiahair.store\/product\/muse-virgin-hair-vietnamien-1b-blonde-28-300-densite-closure-2x6\/\",\"name\":\"MUSE \u201328\u2019\u2019 VIRGIN HAIR VIETNAMIEN 1B\/ BLONDE - mihiahair.store\",\"isPartOf\":{\"@id\":\"https:\/\/mihiahair.store\/#website\"},\"primaryImageOfPage\":{\"@id\":\"https:\/\/mihiahair.store\/product\/muse-virgin-hair-vietnamien-1b-blonde-28-300-densite-closure-2x6\/#primaryimage\"},\"image\":{\"@id\":\"https:\/\/mihiahair.store\/product\/muse-virgin-hair-vietnamien-1b-blonde-28-300-densite-closure-2x6\/#primaryimage\"},\"thumbnailUrl\":\"https:\/\/mihiahair.store\/wp-content\/uploads\/2026\/04\/IMG_5799-scaled.jpeg\",\"datePublished\":\"2026-04-17T00:41:06+00:00\",\"dateModified\":\"2026-04-17T11:28:10+00:00\",\"breadcrumb\":{\"@id\":\"https:\/\/mihiahair.store\/product\/muse-virgin-hair-vietnamien-1b-blonde-28-300-densite-closure-2x6\/#breadcrumb\"},\"inLanguage\":\"en-US\",\"potentialAction\":[{\"@type\":\"ReadAction\",\"target\":[\"https:\/\/mihiahair.store\/product\/muse-virgin-hair-vietnamien-1b-blonde-28-300-densite-closure-2x6\/\"]}]},{\"@type\":\"ImageObject\",\"inLanguage\":\"en-US\",\"@id\":\"https:\/\/mihiahair.store\/product\/muse-virgin-hair-vietnamien-1b-blonde-28-300-densite-closure-2x6\/#primaryimage\",\"url\":\"https:\/\/mihiahair.store\/wp-content\/uploads\/2026\/04\/IMG_5799-scaled.jpeg\",\"contentUrl\":\"https:\/\/mihiahair.store\/wp-content\/uploads\/2026\/04\/IMG_5799-scaled.jpeg\",\"width\":1920,\"height\":2560},{\"@type\":\"BreadcrumbList\",\"@id\":\"https:\/\/mihiahair.store\/product\/muse-virgin-hair-vietnamien-1b-blonde-28-300-densite-closure-2x6\/#breadcrumb\",\"itemListElement\":[{\"@type\":\"ListItem\",\"position\":1,\"name\":\"Accueil\",\"item\":\"https:\/\/mihiahair.store\/\"},{\"@type\":\"ListItem\",\"position\":2,\"name\":\"Shop\",\"item\":\"https:\/\/mihiahair.store\/shop\/\"},{\"@type\":\"ListItem\",\"position\":3,\"name\":\"MUSE \u201328\u2019\u2019 VIRGIN HAIR VIETNAMIEN 1B\/ BLONDE\"}]},{\"@type\":\"WebSite\",\"@id\":\"https:\/\/mihiahair.store\/#website\",\"url\":\"https:\/\/mihiahair.store\/\",\"name\":\"mihiahair.store\",\"description\":\"\",\"potentialAction\":[{\"@type\":\"SearchAction\",\"target\":{\"@type\":\"EntryPoint\",\"urlTemplate\":\"https:\/\/mihiahair.store\/?s={search_term_string}\"},\"query-input\":{\"@type\":\"PropertyValueSpecification\",\"valueRequired\":true,\"valueName\":\"search_term_string\"}}],\"inLanguage\":\"en-US\"}]}<\/script>\n<!-- \/ Yoast SEO plugin. -->","yoast_head_json":{"title":"MUSE \u201328\u2019\u2019 VIRGIN HAIR VIETNAMIEN 1B\/ BLONDE - mihiahair.store","robots":{"index":"index","follow":"follow","max-snippet":"max-snippet:-1","max-image-preview":"max-image-preview:large","max-video-preview":"max-video-preview:-1"},"canonical":"https:\/\/mihiahair.store\/en\/product\/muse-virgin-hair-vietnamien-1b-blonde-28-300-densite-closure-2x6\/","og_locale":"en_US","og_type":"article","og_title":"MUSE \u201328\u2019\u2019 VIRGIN HAIR VIETNAMIEN 1B\/ BLONDE - mihiahair.store","og_description":"MUSE \u2013 Virgin Hair Vietnamien 1B \/ Blonde 28\u2019\u2019 Perruque en cheveux 100% humains Virgin Hair vietnamien, qualit\u00e9 premium et rendu naturel.Sa couleur 1B \/ blonde \u00e9l\u00e9gante apporte lumi\u00e8re et sophistication au look. Longueur : 28 poucesDensit\u00e9 : 300%Closure : 2x6","og_url":"https:\/\/mihiahair.store\/en\/product\/muse-virgin-hair-vietnamien-1b-blonde-28-300-densite-closure-2x6\/","og_site_name":"mihiahair.store","article_modified_time":"2026-04-17T11:28:10+00:00","og_image":[{"width":1920,"height":2560,"url":"https:\/\/mihiahair.store\/wp-content\/uploads\/2026\/04\/IMG_5799-scaled.jpeg","type":"image\/jpeg"}],"twitter_card":"summary_large_image","twitter_misc":{"Est. reading time":"1 minute"},"schema":{"@context":"https:\/\/schema.org","@graph":[{"@type":"WebPage","@id":"https:\/\/mihiahair.store\/product\/muse-virgin-hair-vietnamien-1b-blonde-28-300-densite-closure-2x6\/","url":"https:\/\/mihiahair.store\/product\/muse-virgin-hair-vietnamien-1b-blonde-28-300-densite-closure-2x6\/","name":"MUSE \u201328\u2019\u2019 VIRGIN HAIR VIETNAMIEN 1B\/ BLONDE - mihiahair.store","isPartOf":{"@id":"https:\/\/mihiahair.store\/#website"},"primaryImageOfPage":{"@id":"https:\/\/mihiahair.store\/product\/muse-virgin-hair-vietnamien-1b-blonde-28-300-densite-closure-2x6\/#primaryimage"},"image":{"@id":"https:\/\/mihiahair.store\/product\/muse-virgin-hair-vietnamien-1b-blonde-28-300-densite-closure-2x6\/#primaryimage"},"thumbnailUrl":"https:\/\/mihiahair.store\/wp-content\/uploads\/2026\/04\/IMG_5799-scaled.jpeg","datePublished":"2026-04-17T00:41:06+00:00","dateModified":"2026-04-17T11:28:10+00:00","breadcrumb":{"@id":"https:\/\/mihiahair.store\/product\/muse-virgin-hair-vietnamien-1b-blonde-28-300-densite-closure-2x6\/#breadcrumb"},"inLanguage":"en-US","potentialAction":[{"@type":"ReadAction","target":["https:\/\/mihiahair.store\/product\/muse-virgin-hair-vietnamien-1b-blonde-28-300-densite-closure-2x6\/"]}]},{"@type":"ImageObject","inLanguage":"en-US","@id":"https:\/\/mihiahair.store\/product\/muse-virgin-hair-vietnamien-1b-blonde-28-300-densite-closure-2x6\/#primaryimage","url":"https:\/\/mihiahair.store\/wp-content\/uploads\/2026\/04\/IMG_5799-scaled.jpeg","contentUrl":"https:\/\/mihiahair.store\/wp-content\/uploads\/2026\/04\/IMG_5799-scaled.jpeg","width":1920,"height":2560},{"@type":"BreadcrumbList","@id":"https:\/\/mihiahair.store\/product\/muse-virgin-hair-vietnamien-1b-blonde-28-300-densite-closure-2x6\/#breadcrumb","itemListElement":[{"@type":"ListItem","position":1,"name":"Accueil","item":"https:\/\/mihiahair.store\/"},{"@type":"ListItem","position":2,"name":"Shop","item":"https:\/\/mihiahair.store\/shop\/"},{"@type":"ListItem","position":3,"name":"MUSE \u201328\u2019\u2019 VIRGIN HAIR VIETNAMIEN 1B\/ BLONDE"}]},{"@type":"WebSite","@id":"https:\/\/mihiahair.store\/#website","url":"https:\/\/mihiahair.store\/","name":"mihiahair.store","description":"","potentialAction":[{"@type":"SearchAction","target":{"@type":"EntryPoint","urlTemplate":"https:\/\/mihiahair.store\/?s={search_term_string}"},"query-input":{"@type":"PropertyValueSpecification","valueRequired":true,"valueName":"search_term_string"}}],"inLanguage":"en-US"}]}},"_links":{"self":[{"href":"https:\/\/mihiahair.store\/en\/wp-json\/wp\/v2\/product\/3650"}],"collection":[{"href":"https:\/\/mihiahair.store\/en\/wp-json\/wp\/v2\/product"}],"about":[{"href":"https:\/\/mihiahair.store\/en\/wp-json\/wp\/v2\/types\/product"}],"replies":[{"embeddable":true,"href":"https:\/\/mihiahair.store\/en\/wp-json\/wp\/v2\/comments?post=3650"}],"wp:featuredmedia":[{"embeddable":true,"href":"https:\/\/mihiahair.store\/en\/wp-json\/wp\/v2\/media\/3654"}],"wp:attachment":[{"href":"https:\/\/mihiahair.store\/en\/wp-json\/wp\/v2\/media?parent=3650"}],"wp:term":[{"taxonomy":"product_cat","embeddable":true,"href":"https:\/\/mihiahair.store\/en\/wp-json\/wp\/v2\/product_cat?post=3650"},{"taxonomy":"product_tag","embeddable":true,"href":"https:\/\/mihiahair.store\/en\/wp-json\/wp\/v2\/product_tag?post=3650"}],"curies":[{"name":"wp","href":"https:\/\/api.w.org\/{rel}","templated":true}]}}