{"id":3658,"date":"2026-04-17T02:57:50","date_gmt":"2026-04-17T00:57:50","guid":{"rendered":"https:\/\/mihiahair.store\/?post_type=product&#038;p=3658"},"modified":"2026-04-17T13:30:16","modified_gmt":"2026-04-17T11:30:16","slug":"orea-virgin-hair-vietnamien-28-300-densite-closure-2x6-1b-marron","status":"publish","type":"product","link":"https:\/\/mihiahair.store\/en\/product\/orea-virgin-hair-vietnamien-28-300-densite-closure-2x6-1b-marron\/","title":{"rendered":"OR\u00c9A \u2013 28\u2019\u2019 VIRGIN HAIR VIETNAMIEN 1B \/ MARRON CAF\u00c9"},"content":{"rendered":"<p><strong data-start=\"47\" data-end=\"85\">OR\u00c9A \u2013 Virgin Hair Vietnamien 28\u2019\u2019<\/strong><\/p>\n<p data-start=\"87\" data-end=\"235\">D\u00e9couvrez une pi\u00e8ce raffin\u00e9e en <strong data-start=\"119\" data-end=\"157\">Virgin Hair vietnamien 100% humain<\/strong>, s\u00e9lectionn\u00e9e pour sa qualit\u00e9 premium et son rendu naturellement sophistiqu\u00e9.<\/p>\n<p data-start=\"237\" data-end=\"354\">Sa <strong data-start=\"240\" data-end=\"282\">couleur 1B \/ marron subtilement fondue<\/strong> apporte profondeur et \u00e9l\u00e9gance, id\u00e9ale pour un look chic et intemporel.<\/p>\n<p data-start=\"356\" data-end=\"481\">Avec sa <strong data-start=\"364\" data-end=\"389\">longueur de 28 pouces<\/strong> et sa <strong data-start=\"396\" data-end=\"415\">densit\u00e9 de 300%<\/strong>, elle offre un volume g\u00e9n\u00e9reux, fluide et parfaitement \u00e9quilibr\u00e9.<\/p>\n<p data-start=\"483\" data-end=\"576\">La <strong data-start=\"486\" data-end=\"501\">closure 2&#215;6<\/strong> garantit une finition invisible pour un effet cuir chevelu ultra r\u00e9aliste.<\/p>\n<p data-start=\"578\" data-end=\"686\">\u2728 Douce, soyeuse et durable \u2014 une cr\u00e9ation haut de gamme con\u00e7ue pour sublimer votre allure avec distinction.<\/p>","protected":false},"excerpt":{"rendered":"<p data-start=\"60\" data-end=\"98\"><strong data-start=\"60\" data-end=\"98\">OR\u00c9A \u2013 Virgin Hair Vietnamien 28\u2019\u2019<\/strong><\/p>\n<p data-start=\"100\" data-end=\"250\">Perruque en <strong data-start=\"112\" data-end=\"159\">cheveux 100% humains Virgin Hair vietnamien<\/strong>, qualit\u00e9 premium. Sa teinte <strong data-start=\"188\" data-end=\"211\">1B \/ marron naturel<\/strong> offre un rendu \u00e9l\u00e9gant et sophistiqu\u00e9.<\/p>\n<p data-start=\"252\" data-end=\"319\"><strong data-start=\"252\" data-end=\"276\">Longueur : 28 pouces<\/strong><br data-start=\"276\" data-end=\"279\" \/><strong data-start=\"279\" data-end=\"297\">Densit\u00e9 : 300%<\/strong><br data-start=\"297\" data-end=\"300\" \/><strong data-start=\"300\" data-end=\"317\">Closure : 2&#215;6<\/strong><\/p>","protected":false},"featured_media":3659,"comment_status":"open","ping_status":"closed","template":"","meta":[],"product_cat":[94],"product_tag":[],"yoast_head":"<!-- This site is optimized with the Yoast SEO plugin v24.5 - https:\/\/yoast.com\/wordpress\/plugins\/seo\/ -->\n<title>OR\u00c9A \u2013 28\u2019\u2019 VIRGIN HAIR VIETNAMIEN 1B \/ MARRON CAF\u00c9 - mihiahair.store<\/title>\n<meta name=\"robots\" content=\"index, follow, max-snippet:-1, max-image-preview:large, max-video-preview:-1\" \/>\n<link rel=\"canonical\" href=\"https:\/\/mihiahair.store\/en\/product\/orea-virgin-hair-vietnamien-28-300-densite-closure-2x6-1b-marron\/\" \/>\n<meta property=\"og:locale\" content=\"en_US\" \/>\n<meta property=\"og:type\" content=\"article\" \/>\n<meta property=\"og:title\" content=\"OR\u00c9A \u2013 28\u2019\u2019 VIRGIN HAIR VIETNAMIEN 1B \/ MARRON CAF\u00c9 - mihiahair.store\" \/>\n<meta property=\"og:description\" content=\"OR\u00c9A \u2013 Virgin Hair Vietnamien 28\u2019\u2019 Perruque en cheveux 100% humains Virgin Hair vietnamien, qualit\u00e9 premium. Sa teinte 1B \/ marron naturel offre un rendu \u00e9l\u00e9gant et sophistiqu\u00e9. Longueur : 28 poucesDensit\u00e9 : 300%Closure : 2x6\" \/>\n<meta property=\"og:url\" content=\"https:\/\/mihiahair.store\/en\/product\/orea-virgin-hair-vietnamien-28-300-densite-closure-2x6-1b-marron\/\" \/>\n<meta property=\"og:site_name\" content=\"mihiahair.store\" \/>\n<meta property=\"article:modified_time\" content=\"2026-04-17T11:30:16+00:00\" \/>\n<meta property=\"og:image\" content=\"https:\/\/mihiahair.store\/wp-content\/uploads\/2026\/04\/IMG_5820-scaled.jpeg\" \/>\n\t<meta property=\"og:image:width\" content=\"1920\" \/>\n\t<meta property=\"og:image:height\" content=\"2560\" \/>\n\t<meta property=\"og:image:type\" content=\"image\/jpeg\" \/>\n<meta name=\"twitter:card\" content=\"summary_large_image\" \/>\n<meta name=\"twitter:label1\" content=\"Est. reading time\" \/>\n\t<meta name=\"twitter:data1\" content=\"1 minute\" \/>\n<script type=\"application\/ld+json\" class=\"yoast-schema-graph\">{\"@context\":\"https:\/\/schema.org\",\"@graph\":[{\"@type\":\"WebPage\",\"@id\":\"https:\/\/mihiahair.store\/product\/orea-virgin-hair-vietnamien-28-300-densite-closure-2x6-1b-marron\/\",\"url\":\"https:\/\/mihiahair.store\/product\/orea-virgin-hair-vietnamien-28-300-densite-closure-2x6-1b-marron\/\",\"name\":\"OR\u00c9A \u2013 28\u2019\u2019 VIRGIN HAIR VIETNAMIEN 1B \/ MARRON CAF\u00c9 - mihiahair.store\",\"isPartOf\":{\"@id\":\"https:\/\/mihiahair.store\/#website\"},\"primaryImageOfPage\":{\"@id\":\"https:\/\/mihiahair.store\/product\/orea-virgin-hair-vietnamien-28-300-densite-closure-2x6-1b-marron\/#primaryimage\"},\"image\":{\"@id\":\"https:\/\/mihiahair.store\/product\/orea-virgin-hair-vietnamien-28-300-densite-closure-2x6-1b-marron\/#primaryimage\"},\"thumbnailUrl\":\"https:\/\/mihiahair.store\/wp-content\/uploads\/2026\/04\/IMG_5820-scaled.jpeg\",\"datePublished\":\"2026-04-17T00:57:50+00:00\",\"dateModified\":\"2026-04-17T11:30:16+00:00\",\"breadcrumb\":{\"@id\":\"https:\/\/mihiahair.store\/product\/orea-virgin-hair-vietnamien-28-300-densite-closure-2x6-1b-marron\/#breadcrumb\"},\"inLanguage\":\"en-US\",\"potentialAction\":[{\"@type\":\"ReadAction\",\"target\":[\"https:\/\/mihiahair.store\/product\/orea-virgin-hair-vietnamien-28-300-densite-closure-2x6-1b-marron\/\"]}]},{\"@type\":\"ImageObject\",\"inLanguage\":\"en-US\",\"@id\":\"https:\/\/mihiahair.store\/product\/orea-virgin-hair-vietnamien-28-300-densite-closure-2x6-1b-marron\/#primaryimage\",\"url\":\"https:\/\/mihiahair.store\/wp-content\/uploads\/2026\/04\/IMG_5820-scaled.jpeg\",\"contentUrl\":\"https:\/\/mihiahair.store\/wp-content\/uploads\/2026\/04\/IMG_5820-scaled.jpeg\",\"width\":1920,\"height\":2560},{\"@type\":\"BreadcrumbList\",\"@id\":\"https:\/\/mihiahair.store\/product\/orea-virgin-hair-vietnamien-28-300-densite-closure-2x6-1b-marron\/#breadcrumb\",\"itemListElement\":[{\"@type\":\"ListItem\",\"position\":1,\"name\":\"Accueil\",\"item\":\"https:\/\/mihiahair.store\/\"},{\"@type\":\"ListItem\",\"position\":2,\"name\":\"Shop\",\"item\":\"https:\/\/mihiahair.store\/shop\/\"},{\"@type\":\"ListItem\",\"position\":3,\"name\":\"OR\u00c9A \u2013 28\u2019\u2019 VIRGIN HAIR VIETNAMIEN 1B \/ MARRON CAF\u00c9\"}]},{\"@type\":\"WebSite\",\"@id\":\"https:\/\/mihiahair.store\/#website\",\"url\":\"https:\/\/mihiahair.store\/\",\"name\":\"mihiahair.store\",\"description\":\"\",\"potentialAction\":[{\"@type\":\"SearchAction\",\"target\":{\"@type\":\"EntryPoint\",\"urlTemplate\":\"https:\/\/mihiahair.store\/?s={search_term_string}\"},\"query-input\":{\"@type\":\"PropertyValueSpecification\",\"valueRequired\":true,\"valueName\":\"search_term_string\"}}],\"inLanguage\":\"en-US\"}]}<\/script>\n<!-- \/ Yoast SEO plugin. -->","yoast_head_json":{"title":"OR\u00c9A \u2013 28\u2019\u2019 VIRGIN HAIR VIETNAMIEN 1B \/ MARRON CAF\u00c9 - mihiahair.store","robots":{"index":"index","follow":"follow","max-snippet":"max-snippet:-1","max-image-preview":"max-image-preview:large","max-video-preview":"max-video-preview:-1"},"canonical":"https:\/\/mihiahair.store\/en\/product\/orea-virgin-hair-vietnamien-28-300-densite-closure-2x6-1b-marron\/","og_locale":"en_US","og_type":"article","og_title":"OR\u00c9A \u2013 28\u2019\u2019 VIRGIN HAIR VIETNAMIEN 1B \/ MARRON CAF\u00c9 - mihiahair.store","og_description":"OR\u00c9A \u2013 Virgin Hair Vietnamien 28\u2019\u2019 Perruque en cheveux 100% humains Virgin Hair vietnamien, qualit\u00e9 premium. Sa teinte 1B \/ marron naturel offre un rendu \u00e9l\u00e9gant et sophistiqu\u00e9. Longueur : 28 poucesDensit\u00e9 : 300%Closure : 2x6","og_url":"https:\/\/mihiahair.store\/en\/product\/orea-virgin-hair-vietnamien-28-300-densite-closure-2x6-1b-marron\/","og_site_name":"mihiahair.store","article_modified_time":"2026-04-17T11:30:16+00:00","og_image":[{"width":1920,"height":2560,"url":"https:\/\/mihiahair.store\/wp-content\/uploads\/2026\/04\/IMG_5820-scaled.jpeg","type":"image\/jpeg"}],"twitter_card":"summary_large_image","twitter_misc":{"Est. reading time":"1 minute"},"schema":{"@context":"https:\/\/schema.org","@graph":[{"@type":"WebPage","@id":"https:\/\/mihiahair.store\/product\/orea-virgin-hair-vietnamien-28-300-densite-closure-2x6-1b-marron\/","url":"https:\/\/mihiahair.store\/product\/orea-virgin-hair-vietnamien-28-300-densite-closure-2x6-1b-marron\/","name":"OR\u00c9A \u2013 28\u2019\u2019 VIRGIN HAIR VIETNAMIEN 1B \/ MARRON CAF\u00c9 - mihiahair.store","isPartOf":{"@id":"https:\/\/mihiahair.store\/#website"},"primaryImageOfPage":{"@id":"https:\/\/mihiahair.store\/product\/orea-virgin-hair-vietnamien-28-300-densite-closure-2x6-1b-marron\/#primaryimage"},"image":{"@id":"https:\/\/mihiahair.store\/product\/orea-virgin-hair-vietnamien-28-300-densite-closure-2x6-1b-marron\/#primaryimage"},"thumbnailUrl":"https:\/\/mihiahair.store\/wp-content\/uploads\/2026\/04\/IMG_5820-scaled.jpeg","datePublished":"2026-04-17T00:57:50+00:00","dateModified":"2026-04-17T11:30:16+00:00","breadcrumb":{"@id":"https:\/\/mihiahair.store\/product\/orea-virgin-hair-vietnamien-28-300-densite-closure-2x6-1b-marron\/#breadcrumb"},"inLanguage":"en-US","potentialAction":[{"@type":"ReadAction","target":["https:\/\/mihiahair.store\/product\/orea-virgin-hair-vietnamien-28-300-densite-closure-2x6-1b-marron\/"]}]},{"@type":"ImageObject","inLanguage":"en-US","@id":"https:\/\/mihiahair.store\/product\/orea-virgin-hair-vietnamien-28-300-densite-closure-2x6-1b-marron\/#primaryimage","url":"https:\/\/mihiahair.store\/wp-content\/uploads\/2026\/04\/IMG_5820-scaled.jpeg","contentUrl":"https:\/\/mihiahair.store\/wp-content\/uploads\/2026\/04\/IMG_5820-scaled.jpeg","width":1920,"height":2560},{"@type":"BreadcrumbList","@id":"https:\/\/mihiahair.store\/product\/orea-virgin-hair-vietnamien-28-300-densite-closure-2x6-1b-marron\/#breadcrumb","itemListElement":[{"@type":"ListItem","position":1,"name":"Accueil","item":"https:\/\/mihiahair.store\/"},{"@type":"ListItem","position":2,"name":"Shop","item":"https:\/\/mihiahair.store\/shop\/"},{"@type":"ListItem","position":3,"name":"OR\u00c9A \u2013 28\u2019\u2019 VIRGIN HAIR VIETNAMIEN 1B \/ MARRON CAF\u00c9"}]},{"@type":"WebSite","@id":"https:\/\/mihiahair.store\/#website","url":"https:\/\/mihiahair.store\/","name":"mihiahair.store","description":"","potentialAction":[{"@type":"SearchAction","target":{"@type":"EntryPoint","urlTemplate":"https:\/\/mihiahair.store\/?s={search_term_string}"},"query-input":{"@type":"PropertyValueSpecification","valueRequired":true,"valueName":"search_term_string"}}],"inLanguage":"en-US"}]}},"_links":{"self":[{"href":"https:\/\/mihiahair.store\/en\/wp-json\/wp\/v2\/product\/3658"}],"collection":[{"href":"https:\/\/mihiahair.store\/en\/wp-json\/wp\/v2\/product"}],"about":[{"href":"https:\/\/mihiahair.store\/en\/wp-json\/wp\/v2\/types\/product"}],"replies":[{"embeddable":true,"href":"https:\/\/mihiahair.store\/en\/wp-json\/wp\/v2\/comments?post=3658"}],"wp:featuredmedia":[{"embeddable":true,"href":"https:\/\/mihiahair.store\/en\/wp-json\/wp\/v2\/media\/3659"}],"wp:attachment":[{"href":"https:\/\/mihiahair.store\/en\/wp-json\/wp\/v2\/media?parent=3658"}],"wp:term":[{"taxonomy":"product_cat","embeddable":true,"href":"https:\/\/mihiahair.store\/en\/wp-json\/wp\/v2\/product_cat?post=3658"},{"taxonomy":"product_tag","embeddable":true,"href":"https:\/\/mihiahair.store\/en\/wp-json\/wp\/v2\/product_tag?post=3658"}],"curies":[{"name":"wp","href":"https:\/\/api.w.org\/{rel}","templated":true}]}}