{"id":3673,"date":"2026-04-17T03:33:55","date_gmt":"2026-04-17T01:33:55","guid":{"rendered":"https:\/\/mihiahair.store\/?post_type=product&#038;p=3673"},"modified":"2026-04-17T13:40:34","modified_gmt":"2026-04-17T11:40:34","slug":"icon-luxury-signature-collection-virgin-hair-vietnamien-blonde-24-300-densite-closure-2x6","status":"publish","type":"product","link":"https:\/\/mihiahair.store\/en\/product\/icon-luxury-signature-collection-virgin-hair-vietnamien-blonde-24-300-densite-closure-2x6\/","title":{"rendered":"ICON \u2013  24\u2019\u2019 VIRGIN HAIR VIETNAMIEN SPICY BLONDE"},"content":{"rendered":"<p data-start=\"47\" data-end=\"92\"><strong data-start=\"47\" data-end=\"92\">ICON \u2013 Virgin Hair Vietnamien Blonde 24\u2019\u2019<\/strong><\/p>\n<p data-start=\"94\" data-end=\"248\">D\u00e9couvrez une perruque d\u2019exception en <strong data-start=\"132\" data-end=\"170\">Virgin Hair vietnamien 100% humain<\/strong>, s\u00e9lectionn\u00e9e pour sa qualit\u00e9 premium et son rendu naturellement sophistiqu\u00e9.<\/p>\n<p data-start=\"250\" data-end=\"362\">Sa <strong data-start=\"253\" data-end=\"281\">couleur blonde lumineuse<\/strong> apporte \u00e9clat, \u00e9l\u00e9gance et modernit\u00e9, parfaite pour un look iconique et raffin\u00e9.<\/p>\n<p data-start=\"364\" data-end=\"475\">Avec sa <strong data-start=\"372\" data-end=\"397\">longueur de 24 pouces<\/strong> et sa <strong data-start=\"404\" data-end=\"423\">densit\u00e9 de 300%<\/strong>, elle offre un volume dense, harmonieux et luxueux.<\/p>\n<p data-start=\"477\" data-end=\"585\">La <strong data-start=\"480\" data-end=\"495\">closure 2&#215;6<\/strong> garantit une finition invisible pour un effet cuir chevelu ultra naturel et ind\u00e9tectable.<\/p>\n<p data-start=\"587\" data-end=\"692\">\u2728 Douce, soyeuse et durable \u2014 une pi\u00e8ce haut de gamme pens\u00e9e pour sublimer votre allure avec distinction.<\/p>","protected":false},"excerpt":{"rendered":"<p data-start=\"77\" data-end=\"122\"><strong data-start=\"77\" data-end=\"122\">ICON \u2013 Virgin Hair Vietnamien Blonde 24\u2019\u2019<\/strong><\/p>\n<p data-start=\"124\" data-end=\"289\">Perruque en <strong data-start=\"136\" data-end=\"183\">cheveux 100% humains Virgin Hair vietnamien<\/strong>, qualit\u00e9 premium et rendu naturel. Sa <strong data-start=\"222\" data-end=\"250\">couleur blonde lumineuse<\/strong> apporte \u00e9clat et \u00e9l\u00e9gance instantan\u00e9e.<\/p>\n<p data-start=\"291\" data-end=\"358\"><strong data-start=\"291\" data-end=\"315\">Longueur : 24 pouces<\/strong><br data-start=\"315\" data-end=\"318\" \/><strong data-start=\"318\" data-end=\"336\">Densit\u00e9 : 300%<\/strong><br data-start=\"336\" data-end=\"339\" \/><strong data-start=\"339\" data-end=\"356\">Closure : 2&#215;6<\/strong><\/p>","protected":false},"featured_media":3674,"comment_status":"open","ping_status":"closed","template":"","meta":[],"product_cat":[94],"product_tag":[105],"yoast_head":"<!-- This site is optimized with the Yoast SEO plugin v24.5 - https:\/\/yoast.com\/wordpress\/plugins\/seo\/ -->\n<title>ICON \u2013 24\u2019\u2019 VIRGIN HAIR VIETNAMIEN SPICY BLONDE - mihiahair.store<\/title>\n<meta name=\"robots\" content=\"index, follow, max-snippet:-1, max-image-preview:large, max-video-preview:-1\" \/>\n<link rel=\"canonical\" href=\"https:\/\/mihiahair.store\/en\/product\/icon-luxury-signature-collection-virgin-hair-vietnamien-blonde-24-300-densite-closure-2x6\/\" \/>\n<meta property=\"og:locale\" content=\"en_US\" \/>\n<meta property=\"og:type\" content=\"article\" \/>\n<meta property=\"og:title\" content=\"ICON \u2013 24\u2019\u2019 VIRGIN HAIR VIETNAMIEN SPICY BLONDE - mihiahair.store\" \/>\n<meta property=\"og:description\" content=\"ICON \u2013 Virgin Hair Vietnamien Blonde 24\u2019\u2019 Perruque en cheveux 100% humains Virgin Hair vietnamien, qualit\u00e9 premium et rendu naturel. Sa couleur blonde lumineuse apporte \u00e9clat et \u00e9l\u00e9gance instantan\u00e9e. Longueur : 24 poucesDensit\u00e9 : 300%Closure : 2x6\" \/>\n<meta property=\"og:url\" content=\"https:\/\/mihiahair.store\/en\/product\/icon-luxury-signature-collection-virgin-hair-vietnamien-blonde-24-300-densite-closure-2x6\/\" \/>\n<meta property=\"og:site_name\" content=\"mihiahair.store\" \/>\n<meta property=\"article:modified_time\" content=\"2026-04-17T11:40:34+00:00\" \/>\n<meta property=\"og:image\" content=\"https:\/\/mihiahair.store\/wp-content\/uploads\/2026\/04\/IMG_5888-scaled.jpeg\" \/>\n\t<meta property=\"og:image:width\" content=\"1920\" \/>\n\t<meta property=\"og:image:height\" content=\"2560\" \/>\n\t<meta property=\"og:image:type\" content=\"image\/jpeg\" \/>\n<meta name=\"twitter:card\" content=\"summary_large_image\" \/>\n<meta name=\"twitter:label1\" content=\"Est. reading time\" \/>\n\t<meta name=\"twitter:data1\" content=\"1 minute\" \/>\n<script type=\"application\/ld+json\" class=\"yoast-schema-graph\">{\"@context\":\"https:\/\/schema.org\",\"@graph\":[{\"@type\":\"WebPage\",\"@id\":\"https:\/\/mihiahair.store\/product\/icon-luxury-signature-collection-virgin-hair-vietnamien-blonde-24-300-densite-closure-2x6\/\",\"url\":\"https:\/\/mihiahair.store\/product\/icon-luxury-signature-collection-virgin-hair-vietnamien-blonde-24-300-densite-closure-2x6\/\",\"name\":\"ICON \u2013 24\u2019\u2019 VIRGIN HAIR VIETNAMIEN SPICY BLONDE - mihiahair.store\",\"isPartOf\":{\"@id\":\"https:\/\/mihiahair.store\/#website\"},\"primaryImageOfPage\":{\"@id\":\"https:\/\/mihiahair.store\/product\/icon-luxury-signature-collection-virgin-hair-vietnamien-blonde-24-300-densite-closure-2x6\/#primaryimage\"},\"image\":{\"@id\":\"https:\/\/mihiahair.store\/product\/icon-luxury-signature-collection-virgin-hair-vietnamien-blonde-24-300-densite-closure-2x6\/#primaryimage\"},\"thumbnailUrl\":\"https:\/\/mihiahair.store\/wp-content\/uploads\/2026\/04\/IMG_5888-scaled.jpeg\",\"datePublished\":\"2026-04-17T01:33:55+00:00\",\"dateModified\":\"2026-04-17T11:40:34+00:00\",\"breadcrumb\":{\"@id\":\"https:\/\/mihiahair.store\/product\/icon-luxury-signature-collection-virgin-hair-vietnamien-blonde-24-300-densite-closure-2x6\/#breadcrumb\"},\"inLanguage\":\"en-US\",\"potentialAction\":[{\"@type\":\"ReadAction\",\"target\":[\"https:\/\/mihiahair.store\/product\/icon-luxury-signature-collection-virgin-hair-vietnamien-blonde-24-300-densite-closure-2x6\/\"]}]},{\"@type\":\"ImageObject\",\"inLanguage\":\"en-US\",\"@id\":\"https:\/\/mihiahair.store\/product\/icon-luxury-signature-collection-virgin-hair-vietnamien-blonde-24-300-densite-closure-2x6\/#primaryimage\",\"url\":\"https:\/\/mihiahair.store\/wp-content\/uploads\/2026\/04\/IMG_5888-scaled.jpeg\",\"contentUrl\":\"https:\/\/mihiahair.store\/wp-content\/uploads\/2026\/04\/IMG_5888-scaled.jpeg\",\"width\":1920,\"height\":2560},{\"@type\":\"BreadcrumbList\",\"@id\":\"https:\/\/mihiahair.store\/product\/icon-luxury-signature-collection-virgin-hair-vietnamien-blonde-24-300-densite-closure-2x6\/#breadcrumb\",\"itemListElement\":[{\"@type\":\"ListItem\",\"position\":1,\"name\":\"Accueil\",\"item\":\"https:\/\/mihiahair.store\/\"},{\"@type\":\"ListItem\",\"position\":2,\"name\":\"Shop\",\"item\":\"https:\/\/mihiahair.store\/shop\/\"},{\"@type\":\"ListItem\",\"position\":3,\"name\":\"ICON \u2013 24\u2019\u2019 VIRGIN HAIR VIETNAMIEN SPICY BLONDE\"}]},{\"@type\":\"WebSite\",\"@id\":\"https:\/\/mihiahair.store\/#website\",\"url\":\"https:\/\/mihiahair.store\/\",\"name\":\"mihiahair.store\",\"description\":\"\",\"potentialAction\":[{\"@type\":\"SearchAction\",\"target\":{\"@type\":\"EntryPoint\",\"urlTemplate\":\"https:\/\/mihiahair.store\/?s={search_term_string}\"},\"query-input\":{\"@type\":\"PropertyValueSpecification\",\"valueRequired\":true,\"valueName\":\"search_term_string\"}}],\"inLanguage\":\"en-US\"}]}<\/script>\n<!-- \/ Yoast SEO plugin. -->","yoast_head_json":{"title":"ICON \u2013 24\u2019\u2019 VIRGIN HAIR VIETNAMIEN SPICY BLONDE - mihiahair.store","robots":{"index":"index","follow":"follow","max-snippet":"max-snippet:-1","max-image-preview":"max-image-preview:large","max-video-preview":"max-video-preview:-1"},"canonical":"https:\/\/mihiahair.store\/en\/product\/icon-luxury-signature-collection-virgin-hair-vietnamien-blonde-24-300-densite-closure-2x6\/","og_locale":"en_US","og_type":"article","og_title":"ICON \u2013 24\u2019\u2019 VIRGIN HAIR VIETNAMIEN SPICY BLONDE - mihiahair.store","og_description":"ICON \u2013 Virgin Hair Vietnamien Blonde 24\u2019\u2019 Perruque en cheveux 100% humains Virgin Hair vietnamien, qualit\u00e9 premium et rendu naturel. Sa couleur blonde lumineuse apporte \u00e9clat et \u00e9l\u00e9gance instantan\u00e9e. Longueur : 24 poucesDensit\u00e9 : 300%Closure : 2x6","og_url":"https:\/\/mihiahair.store\/en\/product\/icon-luxury-signature-collection-virgin-hair-vietnamien-blonde-24-300-densite-closure-2x6\/","og_site_name":"mihiahair.store","article_modified_time":"2026-04-17T11:40:34+00:00","og_image":[{"width":1920,"height":2560,"url":"https:\/\/mihiahair.store\/wp-content\/uploads\/2026\/04\/IMG_5888-scaled.jpeg","type":"image\/jpeg"}],"twitter_card":"summary_large_image","twitter_misc":{"Est. reading time":"1 minute"},"schema":{"@context":"https:\/\/schema.org","@graph":[{"@type":"WebPage","@id":"https:\/\/mihiahair.store\/product\/icon-luxury-signature-collection-virgin-hair-vietnamien-blonde-24-300-densite-closure-2x6\/","url":"https:\/\/mihiahair.store\/product\/icon-luxury-signature-collection-virgin-hair-vietnamien-blonde-24-300-densite-closure-2x6\/","name":"ICON \u2013 24\u2019\u2019 VIRGIN HAIR VIETNAMIEN SPICY BLONDE - mihiahair.store","isPartOf":{"@id":"https:\/\/mihiahair.store\/#website"},"primaryImageOfPage":{"@id":"https:\/\/mihiahair.store\/product\/icon-luxury-signature-collection-virgin-hair-vietnamien-blonde-24-300-densite-closure-2x6\/#primaryimage"},"image":{"@id":"https:\/\/mihiahair.store\/product\/icon-luxury-signature-collection-virgin-hair-vietnamien-blonde-24-300-densite-closure-2x6\/#primaryimage"},"thumbnailUrl":"https:\/\/mihiahair.store\/wp-content\/uploads\/2026\/04\/IMG_5888-scaled.jpeg","datePublished":"2026-04-17T01:33:55+00:00","dateModified":"2026-04-17T11:40:34+00:00","breadcrumb":{"@id":"https:\/\/mihiahair.store\/product\/icon-luxury-signature-collection-virgin-hair-vietnamien-blonde-24-300-densite-closure-2x6\/#breadcrumb"},"inLanguage":"en-US","potentialAction":[{"@type":"ReadAction","target":["https:\/\/mihiahair.store\/product\/icon-luxury-signature-collection-virgin-hair-vietnamien-blonde-24-300-densite-closure-2x6\/"]}]},{"@type":"ImageObject","inLanguage":"en-US","@id":"https:\/\/mihiahair.store\/product\/icon-luxury-signature-collection-virgin-hair-vietnamien-blonde-24-300-densite-closure-2x6\/#primaryimage","url":"https:\/\/mihiahair.store\/wp-content\/uploads\/2026\/04\/IMG_5888-scaled.jpeg","contentUrl":"https:\/\/mihiahair.store\/wp-content\/uploads\/2026\/04\/IMG_5888-scaled.jpeg","width":1920,"height":2560},{"@type":"BreadcrumbList","@id":"https:\/\/mihiahair.store\/product\/icon-luxury-signature-collection-virgin-hair-vietnamien-blonde-24-300-densite-closure-2x6\/#breadcrumb","itemListElement":[{"@type":"ListItem","position":1,"name":"Accueil","item":"https:\/\/mihiahair.store\/"},{"@type":"ListItem","position":2,"name":"Shop","item":"https:\/\/mihiahair.store\/shop\/"},{"@type":"ListItem","position":3,"name":"ICON \u2013 24\u2019\u2019 VIRGIN HAIR VIETNAMIEN SPICY BLONDE"}]},{"@type":"WebSite","@id":"https:\/\/mihiahair.store\/#website","url":"https:\/\/mihiahair.store\/","name":"mihiahair.store","description":"","potentialAction":[{"@type":"SearchAction","target":{"@type":"EntryPoint","urlTemplate":"https:\/\/mihiahair.store\/?s={search_term_string}"},"query-input":{"@type":"PropertyValueSpecification","valueRequired":true,"valueName":"search_term_string"}}],"inLanguage":"en-US"}]}},"_links":{"self":[{"href":"https:\/\/mihiahair.store\/en\/wp-json\/wp\/v2\/product\/3673"}],"collection":[{"href":"https:\/\/mihiahair.store\/en\/wp-json\/wp\/v2\/product"}],"about":[{"href":"https:\/\/mihiahair.store\/en\/wp-json\/wp\/v2\/types\/product"}],"replies":[{"embeddable":true,"href":"https:\/\/mihiahair.store\/en\/wp-json\/wp\/v2\/comments?post=3673"}],"wp:featuredmedia":[{"embeddable":true,"href":"https:\/\/mihiahair.store\/en\/wp-json\/wp\/v2\/media\/3674"}],"wp:attachment":[{"href":"https:\/\/mihiahair.store\/en\/wp-json\/wp\/v2\/media?parent=3673"}],"wp:term":[{"taxonomy":"product_cat","embeddable":true,"href":"https:\/\/mihiahair.store\/en\/wp-json\/wp\/v2\/product_cat?post=3673"},{"taxonomy":"product_tag","embeddable":true,"href":"https:\/\/mihiahair.store\/en\/wp-json\/wp\/v2\/product_tag?post=3673"}],"curies":[{"name":"wp","href":"https:\/\/api.w.org\/{rel}","templated":true}]}}