{"id":3681,"date":"2026-04-17T03:52:40","date_gmt":"2026-04-17T01:52:40","guid":{"rendered":"https:\/\/mihiahair.store\/?post_type=product&#038;p=3681"},"modified":"2026-04-17T13:51:33","modified_gmt":"2026-04-17T11:51:33","slug":"oreb-natural-luxe-collection-raw-hair-vietnamien-22-300-densite-closure-5x5","status":"publish","type":"product","link":"https:\/\/mihiahair.store\/en\/product\/oreb-natural-luxe-collection-raw-hair-vietnamien-22-300-densite-closure-5x5\/","title":{"rendered":"OREB \u2013 22\u2019\u2019 NATURAL LUXE COLLECTION | RAW HAIR VIETNAMIEN"},"content":{"rendered":"<p data-start=\"47\" data-end=\"82\"><strong data-start=\"47\" data-end=\"82\">OREB \u2013 Raw Hair Vietnamien 22\u2019\u2019<\/strong><\/p>\n<p data-start=\"84\" data-end=\"232\">D\u00e9couvrez une perruque raffin\u00e9e en <strong data-start=\"119\" data-end=\"154\">Raw Hair vietnamien 100% humain<\/strong>, s\u00e9lectionn\u00e9e pour sa qualit\u00e9 premium et son rendu naturellement authentique.<\/p>\n<p data-start=\"234\" data-end=\"344\">Sa <strong data-start=\"237\" data-end=\"258\">couleur naturelle<\/strong> met en valeur la beaut\u00e9 brute du cheveu, pour un look \u00e9l\u00e9gant, simple et sophistiqu\u00e9.<\/p>\n<p data-start=\"346\" data-end=\"459\">Avec sa <strong data-start=\"354\" data-end=\"379\">longueur de 22 pouces<\/strong> et sa <strong data-start=\"386\" data-end=\"405\">densit\u00e9 de 300%<\/strong>, elle offre un volume g\u00e9n\u00e9reux, \u00e9quilibr\u00e9 et luxueux.<\/p>\n<p data-start=\"461\" data-end=\"564\">La <strong data-start=\"464\" data-end=\"479\">closure 5&#215;5<\/strong> garantit une finition invisible pour un effet cuir chevelu r\u00e9aliste et ind\u00e9tectable.<\/p>\n<p data-start=\"566\" data-end=\"662\">\u2728 Douce, soyeuse et durable \u2014 une pi\u00e8ce haut de gamme pens\u00e9e pour sublimer l\u2019\u00e9l\u00e9gance naturelle.<\/p>","protected":false},"excerpt":{"rendered":"<p data-start=\"60\" data-end=\"95\"><strong data-start=\"60\" data-end=\"95\">OREB \u2013 Raw Hair Vietnamien 22\u2019\u2019<\/strong><\/p>\n<p data-start=\"97\" data-end=\"260\">Perruque en <strong data-start=\"109\" data-end=\"153\">cheveux 100% humains Raw Hair vietnamien<\/strong>, qualit\u00e9 premium et rendu naturel. Sa <strong data-start=\"192\" data-end=\"213\">couleur naturelle offre<\/strong>\u00a0un style \u00e9l\u00e9gant, simple et sophistiqu\u00e9.<\/p>\n<p data-start=\"262\" data-end=\"329\"><strong data-start=\"262\" data-end=\"286\">Longueur : 22 pouces<\/strong><br data-start=\"286\" data-end=\"289\" \/><strong data-start=\"289\" data-end=\"307\">Densit\u00e9 : 300%<\/strong><br data-start=\"307\" data-end=\"310\" \/><strong data-start=\"310\" data-end=\"327\">Closure : 5&#215;5<\/strong><\/p>","protected":false},"featured_media":3686,"comment_status":"open","ping_status":"closed","template":"","meta":[],"product_cat":[94],"product_tag":[106],"yoast_head":"<!-- This site is optimized with the Yoast SEO plugin v24.5 - https:\/\/yoast.com\/wordpress\/plugins\/seo\/ -->\n<title>OREB \u2013 22\u2019\u2019 NATURAL LUXE COLLECTION | RAW HAIR VIETNAMIEN - mihiahair.store<\/title>\n<meta name=\"robots\" content=\"index, follow, max-snippet:-1, max-image-preview:large, max-video-preview:-1\" \/>\n<link rel=\"canonical\" href=\"https:\/\/mihiahair.store\/en\/product\/oreb-natural-luxe-collection-raw-hair-vietnamien-22-300-densite-closure-5x5\/\" \/>\n<meta property=\"og:locale\" content=\"en_US\" \/>\n<meta property=\"og:type\" content=\"article\" \/>\n<meta property=\"og:title\" content=\"OREB \u2013 22\u2019\u2019 NATURAL LUXE COLLECTION | RAW HAIR VIETNAMIEN - mihiahair.store\" \/>\n<meta property=\"og:description\" content=\"OREB \u2013 Raw Hair Vietnamien 22\u2019\u2019 Perruque en cheveux 100% humains Raw Hair vietnamien, qualit\u00e9 premium et rendu naturel. Sa couleur naturelle offre\u00a0un style \u00e9l\u00e9gant, simple et sophistiqu\u00e9. Longueur : 22 poucesDensit\u00e9 : 300%Closure : 5x5\" \/>\n<meta property=\"og:url\" content=\"https:\/\/mihiahair.store\/en\/product\/oreb-natural-luxe-collection-raw-hair-vietnamien-22-300-densite-closure-5x5\/\" \/>\n<meta property=\"og:site_name\" content=\"mihiahair.store\" \/>\n<meta property=\"article:modified_time\" content=\"2026-04-17T11:51:33+00:00\" \/>\n<meta property=\"og:image\" content=\"https:\/\/mihiahair.store\/wp-content\/uploads\/2026\/04\/IMG_5875-scaled.jpeg\" \/>\n\t<meta property=\"og:image:width\" content=\"1920\" \/>\n\t<meta property=\"og:image:height\" content=\"2560\" \/>\n\t<meta property=\"og:image:type\" content=\"image\/jpeg\" \/>\n<meta name=\"twitter:card\" content=\"summary_large_image\" \/>\n<meta name=\"twitter:label1\" content=\"Est. reading time\" \/>\n\t<meta name=\"twitter:data1\" content=\"1 minute\" \/>\n<script type=\"application\/ld+json\" class=\"yoast-schema-graph\">{\"@context\":\"https:\/\/schema.org\",\"@graph\":[{\"@type\":\"WebPage\",\"@id\":\"https:\/\/mihiahair.store\/product\/oreb-natural-luxe-collection-raw-hair-vietnamien-22-300-densite-closure-5x5\/\",\"url\":\"https:\/\/mihiahair.store\/product\/oreb-natural-luxe-collection-raw-hair-vietnamien-22-300-densite-closure-5x5\/\",\"name\":\"OREB \u2013 22\u2019\u2019 NATURAL LUXE COLLECTION | RAW HAIR VIETNAMIEN - mihiahair.store\",\"isPartOf\":{\"@id\":\"https:\/\/mihiahair.store\/#website\"},\"primaryImageOfPage\":{\"@id\":\"https:\/\/mihiahair.store\/product\/oreb-natural-luxe-collection-raw-hair-vietnamien-22-300-densite-closure-5x5\/#primaryimage\"},\"image\":{\"@id\":\"https:\/\/mihiahair.store\/product\/oreb-natural-luxe-collection-raw-hair-vietnamien-22-300-densite-closure-5x5\/#primaryimage\"},\"thumbnailUrl\":\"https:\/\/mihiahair.store\/wp-content\/uploads\/2026\/04\/IMG_5875-scaled.jpeg\",\"datePublished\":\"2026-04-17T01:52:40+00:00\",\"dateModified\":\"2026-04-17T11:51:33+00:00\",\"breadcrumb\":{\"@id\":\"https:\/\/mihiahair.store\/product\/oreb-natural-luxe-collection-raw-hair-vietnamien-22-300-densite-closure-5x5\/#breadcrumb\"},\"inLanguage\":\"en-US\",\"potentialAction\":[{\"@type\":\"ReadAction\",\"target\":[\"https:\/\/mihiahair.store\/product\/oreb-natural-luxe-collection-raw-hair-vietnamien-22-300-densite-closure-5x5\/\"]}]},{\"@type\":\"ImageObject\",\"inLanguage\":\"en-US\",\"@id\":\"https:\/\/mihiahair.store\/product\/oreb-natural-luxe-collection-raw-hair-vietnamien-22-300-densite-closure-5x5\/#primaryimage\",\"url\":\"https:\/\/mihiahair.store\/wp-content\/uploads\/2026\/04\/IMG_5875-scaled.jpeg\",\"contentUrl\":\"https:\/\/mihiahair.store\/wp-content\/uploads\/2026\/04\/IMG_5875-scaled.jpeg\",\"width\":1920,\"height\":2560},{\"@type\":\"BreadcrumbList\",\"@id\":\"https:\/\/mihiahair.store\/product\/oreb-natural-luxe-collection-raw-hair-vietnamien-22-300-densite-closure-5x5\/#breadcrumb\",\"itemListElement\":[{\"@type\":\"ListItem\",\"position\":1,\"name\":\"Accueil\",\"item\":\"https:\/\/mihiahair.store\/\"},{\"@type\":\"ListItem\",\"position\":2,\"name\":\"Shop\",\"item\":\"https:\/\/mihiahair.store\/shop\/\"},{\"@type\":\"ListItem\",\"position\":3,\"name\":\"OREB \u2013 22\u2019\u2019 NATURAL LUXE COLLECTION | RAW HAIR VIETNAMIEN\"}]},{\"@type\":\"WebSite\",\"@id\":\"https:\/\/mihiahair.store\/#website\",\"url\":\"https:\/\/mihiahair.store\/\",\"name\":\"mihiahair.store\",\"description\":\"\",\"potentialAction\":[{\"@type\":\"SearchAction\",\"target\":{\"@type\":\"EntryPoint\",\"urlTemplate\":\"https:\/\/mihiahair.store\/?s={search_term_string}\"},\"query-input\":{\"@type\":\"PropertyValueSpecification\",\"valueRequired\":true,\"valueName\":\"search_term_string\"}}],\"inLanguage\":\"en-US\"}]}<\/script>\n<!-- \/ Yoast SEO plugin. -->","yoast_head_json":{"title":"OREB \u2013 22\u2019\u2019 NATURAL LUXE COLLECTION | RAW HAIR VIETNAMIEN - mihiahair.store","robots":{"index":"index","follow":"follow","max-snippet":"max-snippet:-1","max-image-preview":"max-image-preview:large","max-video-preview":"max-video-preview:-1"},"canonical":"https:\/\/mihiahair.store\/en\/product\/oreb-natural-luxe-collection-raw-hair-vietnamien-22-300-densite-closure-5x5\/","og_locale":"en_US","og_type":"article","og_title":"OREB \u2013 22\u2019\u2019 NATURAL LUXE COLLECTION | RAW HAIR VIETNAMIEN - mihiahair.store","og_description":"OREB \u2013 Raw Hair Vietnamien 22\u2019\u2019 Perruque en cheveux 100% humains Raw Hair vietnamien, qualit\u00e9 premium et rendu naturel. Sa couleur naturelle offre\u00a0un style \u00e9l\u00e9gant, simple et sophistiqu\u00e9. Longueur : 22 poucesDensit\u00e9 : 300%Closure : 5x5","og_url":"https:\/\/mihiahair.store\/en\/product\/oreb-natural-luxe-collection-raw-hair-vietnamien-22-300-densite-closure-5x5\/","og_site_name":"mihiahair.store","article_modified_time":"2026-04-17T11:51:33+00:00","og_image":[{"width":1920,"height":2560,"url":"https:\/\/mihiahair.store\/wp-content\/uploads\/2026\/04\/IMG_5875-scaled.jpeg","type":"image\/jpeg"}],"twitter_card":"summary_large_image","twitter_misc":{"Est. reading time":"1 minute"},"schema":{"@context":"https:\/\/schema.org","@graph":[{"@type":"WebPage","@id":"https:\/\/mihiahair.store\/product\/oreb-natural-luxe-collection-raw-hair-vietnamien-22-300-densite-closure-5x5\/","url":"https:\/\/mihiahair.store\/product\/oreb-natural-luxe-collection-raw-hair-vietnamien-22-300-densite-closure-5x5\/","name":"OREB \u2013 22\u2019\u2019 NATURAL LUXE COLLECTION | RAW HAIR VIETNAMIEN - mihiahair.store","isPartOf":{"@id":"https:\/\/mihiahair.store\/#website"},"primaryImageOfPage":{"@id":"https:\/\/mihiahair.store\/product\/oreb-natural-luxe-collection-raw-hair-vietnamien-22-300-densite-closure-5x5\/#primaryimage"},"image":{"@id":"https:\/\/mihiahair.store\/product\/oreb-natural-luxe-collection-raw-hair-vietnamien-22-300-densite-closure-5x5\/#primaryimage"},"thumbnailUrl":"https:\/\/mihiahair.store\/wp-content\/uploads\/2026\/04\/IMG_5875-scaled.jpeg","datePublished":"2026-04-17T01:52:40+00:00","dateModified":"2026-04-17T11:51:33+00:00","breadcrumb":{"@id":"https:\/\/mihiahair.store\/product\/oreb-natural-luxe-collection-raw-hair-vietnamien-22-300-densite-closure-5x5\/#breadcrumb"},"inLanguage":"en-US","potentialAction":[{"@type":"ReadAction","target":["https:\/\/mihiahair.store\/product\/oreb-natural-luxe-collection-raw-hair-vietnamien-22-300-densite-closure-5x5\/"]}]},{"@type":"ImageObject","inLanguage":"en-US","@id":"https:\/\/mihiahair.store\/product\/oreb-natural-luxe-collection-raw-hair-vietnamien-22-300-densite-closure-5x5\/#primaryimage","url":"https:\/\/mihiahair.store\/wp-content\/uploads\/2026\/04\/IMG_5875-scaled.jpeg","contentUrl":"https:\/\/mihiahair.store\/wp-content\/uploads\/2026\/04\/IMG_5875-scaled.jpeg","width":1920,"height":2560},{"@type":"BreadcrumbList","@id":"https:\/\/mihiahair.store\/product\/oreb-natural-luxe-collection-raw-hair-vietnamien-22-300-densite-closure-5x5\/#breadcrumb","itemListElement":[{"@type":"ListItem","position":1,"name":"Accueil","item":"https:\/\/mihiahair.store\/"},{"@type":"ListItem","position":2,"name":"Shop","item":"https:\/\/mihiahair.store\/shop\/"},{"@type":"ListItem","position":3,"name":"OREB \u2013 22\u2019\u2019 NATURAL LUXE COLLECTION | RAW HAIR VIETNAMIEN"}]},{"@type":"WebSite","@id":"https:\/\/mihiahair.store\/#website","url":"https:\/\/mihiahair.store\/","name":"mihiahair.store","description":"","potentialAction":[{"@type":"SearchAction","target":{"@type":"EntryPoint","urlTemplate":"https:\/\/mihiahair.store\/?s={search_term_string}"},"query-input":{"@type":"PropertyValueSpecification","valueRequired":true,"valueName":"search_term_string"}}],"inLanguage":"en-US"}]}},"_links":{"self":[{"href":"https:\/\/mihiahair.store\/en\/wp-json\/wp\/v2\/product\/3681"}],"collection":[{"href":"https:\/\/mihiahair.store\/en\/wp-json\/wp\/v2\/product"}],"about":[{"href":"https:\/\/mihiahair.store\/en\/wp-json\/wp\/v2\/types\/product"}],"replies":[{"embeddable":true,"href":"https:\/\/mihiahair.store\/en\/wp-json\/wp\/v2\/comments?post=3681"}],"wp:featuredmedia":[{"embeddable":true,"href":"https:\/\/mihiahair.store\/en\/wp-json\/wp\/v2\/media\/3686"}],"wp:attachment":[{"href":"https:\/\/mihiahair.store\/en\/wp-json\/wp\/v2\/media?parent=3681"}],"wp:term":[{"taxonomy":"product_cat","embeddable":true,"href":"https:\/\/mihiahair.store\/en\/wp-json\/wp\/v2\/product_cat?post=3681"},{"taxonomy":"product_tag","embeddable":true,"href":"https:\/\/mihiahair.store\/en\/wp-json\/wp\/v2\/product_tag?post=3681"}],"curies":[{"name":"wp","href":"https:\/\/api.w.org\/{rel}","templated":true}]}}