{"id":3698,"date":"2026-04-17T04:16:57","date_gmt":"2026-04-17T02:16:57","guid":{"rendered":"https:\/\/mihiahair.store\/?post_type=product&#038;p=3698"},"modified":"2026-04-17T14:06:02","modified_gmt":"2026-04-17T12:06:02","slug":"henrie-collection-class-luxury-100-cheveux-humains-24-300-densite-lace-13x4","status":"publish","type":"product","link":"https:\/\/mihiahair.store\/en\/product\/henrie-collection-class-luxury-100-cheveux-humains-24-300-densite-lace-13x4\/","title":{"rendered":"HENRIE \u2013 24\u2019\u2019 LUXURY 100% CHEVEUX HUMAINS PIANO BLONDE"},"content":{"rendered":"<p style=\"text-align: left\" data-start=\"83\" data-end=\"121\"><strong data-start=\"83\" data-end=\"121\">HENRIE \u2013 100% Cheveux Humains 24\u2019\u2019<\/strong><\/p>\n<p data-start=\"123\" data-end=\"238\">D\u00e9couvrez une perruque haut de gamme en <strong data-start=\"163\" data-end=\"187\">cheveux 100% humains<\/strong>, offrant un rendu naturel, \u00e9l\u00e9gant et sophistiqu\u00e9.<\/p>\n<p data-start=\"240\" data-end=\"345\">Sa <strong data-start=\"243\" data-end=\"267\">couleur piano blonde<\/strong> apporte des nuances lumineuses et raffin\u00e9es pour un effet moderne et luxueux.<\/p>\n<p data-start=\"347\" data-end=\"459\">Avec sa <strong data-start=\"355\" data-end=\"380\">longueur de 24 pouces<\/strong> et sa <strong data-start=\"387\" data-end=\"406\">densit\u00e9 de 300%<\/strong>, elle garantit un volume riche, dense et harmonieux.<\/p>\n<p data-start=\"461\" data-end=\"591\">La <strong data-start=\"464\" data-end=\"477\">lace 13&#215;4<\/strong> permet une grande flexibilit\u00e9 de coiffage et une finition ind\u00e9tectable pour un effet cuir chevelu ultra r\u00e9aliste.<\/p>\n<p data-start=\"593\" data-end=\"696\">\u2728 Douce, soyeuse et durable \u2014 une pi\u00e8ce de la collection Class pens\u00e9e pour une allure chic et affirm\u00e9e.<\/p>","protected":false},"excerpt":{"rendered":"<p data-start=\"70\" data-end=\"108\"><strong data-start=\"70\" data-end=\"108\">HENRIE \u2013 100% Cheveux Humains 24\u2019\u2019<\/strong><\/p>\n<p data-start=\"110\" data-end=\"251\">Perruque en <strong data-start=\"122\" data-end=\"154\">cheveux br\u00e9silien 100% humains premium <\/strong>au rendu naturel et sophistiqu\u00e9. Sa <strong data-start=\"192\" data-end=\"216\">couleur piano blonde<\/strong> apporte \u00e9clat et \u00e9l\u00e9gance moderne.<\/p>\n<p data-start=\"253\" data-end=\"318\"><strong data-start=\"253\" data-end=\"277\">Longueur : 24 pouces<\/strong><br data-start=\"277\" data-end=\"280\" \/><strong data-start=\"280\" data-end=\"298\">Densit\u00e9 : 300%<\/strong><br data-start=\"298\" data-end=\"301\" \/><strong data-start=\"301\" data-end=\"316\">Lace : 13&#215;4<\/strong><\/p>","protected":false},"featured_media":3764,"comment_status":"open","ping_status":"closed","template":"","meta":[],"product_cat":[94],"product_tag":[108],"yoast_head":"<!-- This site is optimized with the Yoast SEO plugin v24.5 - https:\/\/yoast.com\/wordpress\/plugins\/seo\/ -->\n<title>HENRIE \u2013 24\u2019\u2019 LUXURY 100% CHEVEUX HUMAINS PIANO BLONDE - mihiahair.store<\/title>\n<meta name=\"robots\" content=\"index, follow, max-snippet:-1, max-image-preview:large, max-video-preview:-1\" \/>\n<link rel=\"canonical\" href=\"https:\/\/mihiahair.store\/en\/product\/henrie-collection-class-luxury-100-cheveux-humains-24-300-densite-lace-13x4\/\" \/>\n<meta property=\"og:locale\" content=\"en_US\" \/>\n<meta property=\"og:type\" content=\"article\" \/>\n<meta property=\"og:title\" content=\"HENRIE \u2013 24\u2019\u2019 LUXURY 100% CHEVEUX HUMAINS PIANO BLONDE - mihiahair.store\" \/>\n<meta property=\"og:description\" content=\"HENRIE \u2013 100% Cheveux Humains 24\u2019\u2019 Perruque en cheveux br\u00e9silien 100% humains premium au rendu naturel et sophistiqu\u00e9. Sa couleur piano blonde apporte \u00e9clat et \u00e9l\u00e9gance moderne. Longueur : 24 poucesDensit\u00e9 : 300%Lace : 13x4\" \/>\n<meta property=\"og:url\" content=\"https:\/\/mihiahair.store\/en\/product\/henrie-collection-class-luxury-100-cheveux-humains-24-300-densite-lace-13x4\/\" \/>\n<meta property=\"og:site_name\" content=\"mihiahair.store\" \/>\n<meta property=\"article:modified_time\" content=\"2026-04-17T12:06:02+00:00\" \/>\n<meta property=\"og:image\" content=\"https:\/\/mihiahair.store\/wp-content\/uploads\/2026\/04\/IMG_7236.jpeg\" \/>\n\t<meta property=\"og:image:width\" content=\"1186\" \/>\n\t<meta property=\"og:image:height\" content=\"1675\" \/>\n\t<meta property=\"og:image:type\" content=\"image\/jpeg\" \/>\n<meta name=\"twitter:card\" content=\"summary_large_image\" \/>\n<meta name=\"twitter:label1\" content=\"Est. reading time\" \/>\n\t<meta name=\"twitter:data1\" content=\"1 minute\" \/>\n<script type=\"application\/ld+json\" class=\"yoast-schema-graph\">{\"@context\":\"https:\/\/schema.org\",\"@graph\":[{\"@type\":\"WebPage\",\"@id\":\"https:\/\/mihiahair.store\/product\/henrie-collection-class-luxury-100-cheveux-humains-24-300-densite-lace-13x4\/\",\"url\":\"https:\/\/mihiahair.store\/product\/henrie-collection-class-luxury-100-cheveux-humains-24-300-densite-lace-13x4\/\",\"name\":\"HENRIE \u2013 24\u2019\u2019 LUXURY 100% CHEVEUX HUMAINS PIANO BLONDE - mihiahair.store\",\"isPartOf\":{\"@id\":\"https:\/\/mihiahair.store\/#website\"},\"primaryImageOfPage\":{\"@id\":\"https:\/\/mihiahair.store\/product\/henrie-collection-class-luxury-100-cheveux-humains-24-300-densite-lace-13x4\/#primaryimage\"},\"image\":{\"@id\":\"https:\/\/mihiahair.store\/product\/henrie-collection-class-luxury-100-cheveux-humains-24-300-densite-lace-13x4\/#primaryimage\"},\"thumbnailUrl\":\"https:\/\/mihiahair.store\/wp-content\/uploads\/2026\/04\/IMG_7236.jpeg\",\"datePublished\":\"2026-04-17T02:16:57+00:00\",\"dateModified\":\"2026-04-17T12:06:02+00:00\",\"breadcrumb\":{\"@id\":\"https:\/\/mihiahair.store\/product\/henrie-collection-class-luxury-100-cheveux-humains-24-300-densite-lace-13x4\/#breadcrumb\"},\"inLanguage\":\"en-US\",\"potentialAction\":[{\"@type\":\"ReadAction\",\"target\":[\"https:\/\/mihiahair.store\/product\/henrie-collection-class-luxury-100-cheveux-humains-24-300-densite-lace-13x4\/\"]}]},{\"@type\":\"ImageObject\",\"inLanguage\":\"en-US\",\"@id\":\"https:\/\/mihiahair.store\/product\/henrie-collection-class-luxury-100-cheveux-humains-24-300-densite-lace-13x4\/#primaryimage\",\"url\":\"https:\/\/mihiahair.store\/wp-content\/uploads\/2026\/04\/IMG_7236.jpeg\",\"contentUrl\":\"https:\/\/mihiahair.store\/wp-content\/uploads\/2026\/04\/IMG_7236.jpeg\",\"width\":1186,\"height\":1675,\"caption\":\"Screenshot\"},{\"@type\":\"BreadcrumbList\",\"@id\":\"https:\/\/mihiahair.store\/product\/henrie-collection-class-luxury-100-cheveux-humains-24-300-densite-lace-13x4\/#breadcrumb\",\"itemListElement\":[{\"@type\":\"ListItem\",\"position\":1,\"name\":\"Accueil\",\"item\":\"https:\/\/mihiahair.store\/\"},{\"@type\":\"ListItem\",\"position\":2,\"name\":\"Shop\",\"item\":\"https:\/\/mihiahair.store\/shop\/\"},{\"@type\":\"ListItem\",\"position\":3,\"name\":\"HENRIE \u2013 24\u2019\u2019 LUXURY 100% CHEVEUX HUMAINS PIANO BLONDE\"}]},{\"@type\":\"WebSite\",\"@id\":\"https:\/\/mihiahair.store\/#website\",\"url\":\"https:\/\/mihiahair.store\/\",\"name\":\"mihiahair.store\",\"description\":\"\",\"potentialAction\":[{\"@type\":\"SearchAction\",\"target\":{\"@type\":\"EntryPoint\",\"urlTemplate\":\"https:\/\/mihiahair.store\/?s={search_term_string}\"},\"query-input\":{\"@type\":\"PropertyValueSpecification\",\"valueRequired\":true,\"valueName\":\"search_term_string\"}}],\"inLanguage\":\"en-US\"}]}<\/script>\n<!-- \/ Yoast SEO plugin. -->","yoast_head_json":{"title":"HENRIE \u2013 24\u2019\u2019 LUXURY 100% CHEVEUX HUMAINS PIANO BLONDE - mihiahair.store","robots":{"index":"index","follow":"follow","max-snippet":"max-snippet:-1","max-image-preview":"max-image-preview:large","max-video-preview":"max-video-preview:-1"},"canonical":"https:\/\/mihiahair.store\/en\/product\/henrie-collection-class-luxury-100-cheveux-humains-24-300-densite-lace-13x4\/","og_locale":"en_US","og_type":"article","og_title":"HENRIE \u2013 24\u2019\u2019 LUXURY 100% CHEVEUX HUMAINS PIANO BLONDE - mihiahair.store","og_description":"HENRIE \u2013 100% Cheveux Humains 24\u2019\u2019 Perruque en cheveux br\u00e9silien 100% humains premium au rendu naturel et sophistiqu\u00e9. Sa couleur piano blonde apporte \u00e9clat et \u00e9l\u00e9gance moderne. Longueur : 24 poucesDensit\u00e9 : 300%Lace : 13x4","og_url":"https:\/\/mihiahair.store\/en\/product\/henrie-collection-class-luxury-100-cheveux-humains-24-300-densite-lace-13x4\/","og_site_name":"mihiahair.store","article_modified_time":"2026-04-17T12:06:02+00:00","og_image":[{"width":1186,"height":1675,"url":"https:\/\/mihiahair.store\/wp-content\/uploads\/2026\/04\/IMG_7236.jpeg","type":"image\/jpeg"}],"twitter_card":"summary_large_image","twitter_misc":{"Est. reading time":"1 minute"},"schema":{"@context":"https:\/\/schema.org","@graph":[{"@type":"WebPage","@id":"https:\/\/mihiahair.store\/product\/henrie-collection-class-luxury-100-cheveux-humains-24-300-densite-lace-13x4\/","url":"https:\/\/mihiahair.store\/product\/henrie-collection-class-luxury-100-cheveux-humains-24-300-densite-lace-13x4\/","name":"HENRIE \u2013 24\u2019\u2019 LUXURY 100% CHEVEUX HUMAINS PIANO BLONDE - mihiahair.store","isPartOf":{"@id":"https:\/\/mihiahair.store\/#website"},"primaryImageOfPage":{"@id":"https:\/\/mihiahair.store\/product\/henrie-collection-class-luxury-100-cheveux-humains-24-300-densite-lace-13x4\/#primaryimage"},"image":{"@id":"https:\/\/mihiahair.store\/product\/henrie-collection-class-luxury-100-cheveux-humains-24-300-densite-lace-13x4\/#primaryimage"},"thumbnailUrl":"https:\/\/mihiahair.store\/wp-content\/uploads\/2026\/04\/IMG_7236.jpeg","datePublished":"2026-04-17T02:16:57+00:00","dateModified":"2026-04-17T12:06:02+00:00","breadcrumb":{"@id":"https:\/\/mihiahair.store\/product\/henrie-collection-class-luxury-100-cheveux-humains-24-300-densite-lace-13x4\/#breadcrumb"},"inLanguage":"en-US","potentialAction":[{"@type":"ReadAction","target":["https:\/\/mihiahair.store\/product\/henrie-collection-class-luxury-100-cheveux-humains-24-300-densite-lace-13x4\/"]}]},{"@type":"ImageObject","inLanguage":"en-US","@id":"https:\/\/mihiahair.store\/product\/henrie-collection-class-luxury-100-cheveux-humains-24-300-densite-lace-13x4\/#primaryimage","url":"https:\/\/mihiahair.store\/wp-content\/uploads\/2026\/04\/IMG_7236.jpeg","contentUrl":"https:\/\/mihiahair.store\/wp-content\/uploads\/2026\/04\/IMG_7236.jpeg","width":1186,"height":1675,"caption":"Screenshot"},{"@type":"BreadcrumbList","@id":"https:\/\/mihiahair.store\/product\/henrie-collection-class-luxury-100-cheveux-humains-24-300-densite-lace-13x4\/#breadcrumb","itemListElement":[{"@type":"ListItem","position":1,"name":"Accueil","item":"https:\/\/mihiahair.store\/"},{"@type":"ListItem","position":2,"name":"Shop","item":"https:\/\/mihiahair.store\/shop\/"},{"@type":"ListItem","position":3,"name":"HENRIE \u2013 24\u2019\u2019 LUXURY 100% CHEVEUX HUMAINS PIANO BLONDE"}]},{"@type":"WebSite","@id":"https:\/\/mihiahair.store\/#website","url":"https:\/\/mihiahair.store\/","name":"mihiahair.store","description":"","potentialAction":[{"@type":"SearchAction","target":{"@type":"EntryPoint","urlTemplate":"https:\/\/mihiahair.store\/?s={search_term_string}"},"query-input":{"@type":"PropertyValueSpecification","valueRequired":true,"valueName":"search_term_string"}}],"inLanguage":"en-US"}]}},"_links":{"self":[{"href":"https:\/\/mihiahair.store\/en\/wp-json\/wp\/v2\/product\/3698"}],"collection":[{"href":"https:\/\/mihiahair.store\/en\/wp-json\/wp\/v2\/product"}],"about":[{"href":"https:\/\/mihiahair.store\/en\/wp-json\/wp\/v2\/types\/product"}],"replies":[{"embeddable":true,"href":"https:\/\/mihiahair.store\/en\/wp-json\/wp\/v2\/comments?post=3698"}],"wp:featuredmedia":[{"embeddable":true,"href":"https:\/\/mihiahair.store\/en\/wp-json\/wp\/v2\/media\/3764"}],"wp:attachment":[{"href":"https:\/\/mihiahair.store\/en\/wp-json\/wp\/v2\/media?parent=3698"}],"wp:term":[{"taxonomy":"product_cat","embeddable":true,"href":"https:\/\/mihiahair.store\/en\/wp-json\/wp\/v2\/product_cat?post=3698"},{"taxonomy":"product_tag","embeddable":true,"href":"https:\/\/mihiahair.store\/en\/wp-json\/wp\/v2\/product_tag?post=3698"}],"curies":[{"name":"wp","href":"https:\/\/api.w.org\/{rel}","templated":true}]}}