{"id":3706,"date":"2026-04-17T04:33:51","date_gmt":"2026-04-17T02:33:51","guid":{"rendered":"https:\/\/mihiahair.store\/?post_type=product&#038;p=3706"},"modified":"2026-04-17T14:56:19","modified_gmt":"2026-04-17T12:56:19","slug":"luxe-frange-diamond-luxury-collection-virgin-hair-vietnamien-30-300-densite-closure-2x6","status":"publish","type":"product","link":"https:\/\/mihiahair.store\/en\/product\/luxe-frange-diamond-luxury-collection-virgin-hair-vietnamien-30-300-densite-closure-2x6\/","title":{"rendered":"LUXE FRANGE \u2013 30\u2019\u2019 DIAMOND LUXURY | VIRGIN HAIR VIETNAMIEN ROUGE REFLET ROSE"},"content":{"rendered":"<p data-start=\"107\" data-end=\"152\"><strong data-start=\"107\" data-end=\"152\">LUXE FRANGE \u2013 Virgin Hair Vietnamien 30\u2019\u2019<\/strong><\/p>\n<p data-start=\"154\" data-end=\"275\">Une cr\u00e9ation haut de gamme en <strong data-start=\"184\" data-end=\"222\">Virgin Hair vietnamien 100% humain<\/strong>, pens\u00e9e pour une \u00e9l\u00e9gance naturelle et intemporelle.<\/p>\n<p data-start=\"277\" data-end=\"378\">Sa <strong data-start=\"280\" data-end=\"299\">frange raffin\u00e9e<\/strong> encadre le visage avec douceur et modernit\u00e9, offrant un look chic sans effort.<\/p>\n<p data-start=\"380\" data-end=\"516\">Sa <strong data-start=\"383\" data-end=\"408\">longueur de 30 pouces<\/strong> et sa <strong data-start=\"415\" data-end=\"449\">densit\u00e9 exceptionnelle de 300%<\/strong> garantissent un volume somptueux, dense et parfaitement \u00e9quilibr\u00e9.<\/p>\n<p data-start=\"518\" data-end=\"612\">La <strong data-start=\"521\" data-end=\"536\">closure 2&#215;6<\/strong> assure une finition invisible pour un rendu ultra r\u00e9aliste et ind\u00e9tectable.<\/p>\n<p data-start=\"614\" data-end=\"719\">\u2728 Une pi\u00e8ce de luxe, soyeuse et durable, con\u00e7ue pour sublimer chaque apparition avec classe et assurance.<\/p>","protected":false},"excerpt":{"rendered":"<p>Vietnamienne Virgin hair premium<\/p>\n<p>Longueur: 30 pouce<\/p>\n<p>Densit\u00e9: 300%<br \/>\nClosure: 2*6<\/p>","protected":false},"featured_media":3766,"comment_status":"open","ping_status":"closed","template":"","meta":[],"product_cat":[94],"product_tag":[109],"yoast_head":"<!-- This site is optimized with the Yoast SEO plugin v24.5 - https:\/\/yoast.com\/wordpress\/plugins\/seo\/ -->\n<title>LUXE FRANGE \u2013 30\u2019\u2019 DIAMOND LUXURY | VIRGIN HAIR VIETNAMIEN ROUGE REFLET ROSE - mihiahair.store<\/title>\n<meta name=\"robots\" content=\"index, follow, max-snippet:-1, max-image-preview:large, max-video-preview:-1\" \/>\n<link rel=\"canonical\" href=\"https:\/\/mihiahair.store\/en\/product\/luxe-frange-diamond-luxury-collection-virgin-hair-vietnamien-30-300-densite-closure-2x6\/\" \/>\n<meta property=\"og:locale\" content=\"en_US\" \/>\n<meta property=\"og:type\" content=\"article\" \/>\n<meta property=\"og:title\" content=\"LUXE FRANGE \u2013 30\u2019\u2019 DIAMOND LUXURY | VIRGIN HAIR VIETNAMIEN ROUGE REFLET ROSE - mihiahair.store\" \/>\n<meta property=\"og:description\" content=\"Vietnamienne Virgin hair premium  Longueur: 30 pouce  Densit\u00e9: 300% Closure: 2*6\" \/>\n<meta property=\"og:url\" content=\"https:\/\/mihiahair.store\/en\/product\/luxe-frange-diamond-luxury-collection-virgin-hair-vietnamien-30-300-densite-closure-2x6\/\" \/>\n<meta property=\"og:site_name\" content=\"mihiahair.store\" \/>\n<meta property=\"article:modified_time\" content=\"2026-04-17T12:56:19+00:00\" \/>\n<meta property=\"og:image\" content=\"https:\/\/mihiahair.store\/wp-content\/uploads\/2026\/04\/IMG_7237.jpeg\" \/>\n\t<meta property=\"og:image:width\" content=\"1290\" \/>\n\t<meta property=\"og:image:height\" content=\"1922\" \/>\n\t<meta property=\"og:image:type\" content=\"image\/jpeg\" \/>\n<meta name=\"twitter:card\" content=\"summary_large_image\" \/>\n<meta name=\"twitter:label1\" content=\"Est. reading time\" \/>\n\t<meta name=\"twitter:data1\" content=\"1 minute\" \/>\n<script type=\"application\/ld+json\" class=\"yoast-schema-graph\">{\"@context\":\"https:\/\/schema.org\",\"@graph\":[{\"@type\":\"WebPage\",\"@id\":\"https:\/\/mihiahair.store\/product\/luxe-frange-diamond-luxury-collection-virgin-hair-vietnamien-30-300-densite-closure-2x6\/\",\"url\":\"https:\/\/mihiahair.store\/product\/luxe-frange-diamond-luxury-collection-virgin-hair-vietnamien-30-300-densite-closure-2x6\/\",\"name\":\"LUXE FRANGE \u2013 30\u2019\u2019 DIAMOND LUXURY | VIRGIN HAIR VIETNAMIEN ROUGE REFLET ROSE - mihiahair.store\",\"isPartOf\":{\"@id\":\"https:\/\/mihiahair.store\/#website\"},\"primaryImageOfPage\":{\"@id\":\"https:\/\/mihiahair.store\/product\/luxe-frange-diamond-luxury-collection-virgin-hair-vietnamien-30-300-densite-closure-2x6\/#primaryimage\"},\"image\":{\"@id\":\"https:\/\/mihiahair.store\/product\/luxe-frange-diamond-luxury-collection-virgin-hair-vietnamien-30-300-densite-closure-2x6\/#primaryimage\"},\"thumbnailUrl\":\"https:\/\/mihiahair.store\/wp-content\/uploads\/2026\/04\/IMG_7237.jpeg\",\"datePublished\":\"2026-04-17T02:33:51+00:00\",\"dateModified\":\"2026-04-17T12:56:19+00:00\",\"breadcrumb\":{\"@id\":\"https:\/\/mihiahair.store\/product\/luxe-frange-diamond-luxury-collection-virgin-hair-vietnamien-30-300-densite-closure-2x6\/#breadcrumb\"},\"inLanguage\":\"en-US\",\"potentialAction\":[{\"@type\":\"ReadAction\",\"target\":[\"https:\/\/mihiahair.store\/product\/luxe-frange-diamond-luxury-collection-virgin-hair-vietnamien-30-300-densite-closure-2x6\/\"]}]},{\"@type\":\"ImageObject\",\"inLanguage\":\"en-US\",\"@id\":\"https:\/\/mihiahair.store\/product\/luxe-frange-diamond-luxury-collection-virgin-hair-vietnamien-30-300-densite-closure-2x6\/#primaryimage\",\"url\":\"https:\/\/mihiahair.store\/wp-content\/uploads\/2026\/04\/IMG_7237.jpeg\",\"contentUrl\":\"https:\/\/mihiahair.store\/wp-content\/uploads\/2026\/04\/IMG_7237.jpeg\",\"width\":1290,\"height\":1922,\"caption\":\"Screenshot\"},{\"@type\":\"BreadcrumbList\",\"@id\":\"https:\/\/mihiahair.store\/product\/luxe-frange-diamond-luxury-collection-virgin-hair-vietnamien-30-300-densite-closure-2x6\/#breadcrumb\",\"itemListElement\":[{\"@type\":\"ListItem\",\"position\":1,\"name\":\"Accueil\",\"item\":\"https:\/\/mihiahair.store\/\"},{\"@type\":\"ListItem\",\"position\":2,\"name\":\"Shop\",\"item\":\"https:\/\/mihiahair.store\/shop\/\"},{\"@type\":\"ListItem\",\"position\":3,\"name\":\"LUXE FRANGE \u2013 30\u2019\u2019 DIAMOND LUXURY | VIRGIN HAIR VIETNAMIEN ROUGE REFLET ROSE\"}]},{\"@type\":\"WebSite\",\"@id\":\"https:\/\/mihiahair.store\/#website\",\"url\":\"https:\/\/mihiahair.store\/\",\"name\":\"mihiahair.store\",\"description\":\"\",\"potentialAction\":[{\"@type\":\"SearchAction\",\"target\":{\"@type\":\"EntryPoint\",\"urlTemplate\":\"https:\/\/mihiahair.store\/?s={search_term_string}\"},\"query-input\":{\"@type\":\"PropertyValueSpecification\",\"valueRequired\":true,\"valueName\":\"search_term_string\"}}],\"inLanguage\":\"en-US\"}]}<\/script>\n<!-- \/ Yoast SEO plugin. -->","yoast_head_json":{"title":"LUXE FRANGE \u2013 30\u2019\u2019 DIAMOND LUXURY | VIRGIN HAIR VIETNAMIEN ROUGE REFLET ROSE - mihiahair.store","robots":{"index":"index","follow":"follow","max-snippet":"max-snippet:-1","max-image-preview":"max-image-preview:large","max-video-preview":"max-video-preview:-1"},"canonical":"https:\/\/mihiahair.store\/en\/product\/luxe-frange-diamond-luxury-collection-virgin-hair-vietnamien-30-300-densite-closure-2x6\/","og_locale":"en_US","og_type":"article","og_title":"LUXE FRANGE \u2013 30\u2019\u2019 DIAMOND LUXURY | VIRGIN HAIR VIETNAMIEN ROUGE REFLET ROSE - mihiahair.store","og_description":"Vietnamienne Virgin hair premium  Longueur: 30 pouce  Densit\u00e9: 300% Closure: 2*6","og_url":"https:\/\/mihiahair.store\/en\/product\/luxe-frange-diamond-luxury-collection-virgin-hair-vietnamien-30-300-densite-closure-2x6\/","og_site_name":"mihiahair.store","article_modified_time":"2026-04-17T12:56:19+00:00","og_image":[{"width":1290,"height":1922,"url":"https:\/\/mihiahair.store\/wp-content\/uploads\/2026\/04\/IMG_7237.jpeg","type":"image\/jpeg"}],"twitter_card":"summary_large_image","twitter_misc":{"Est. reading time":"1 minute"},"schema":{"@context":"https:\/\/schema.org","@graph":[{"@type":"WebPage","@id":"https:\/\/mihiahair.store\/product\/luxe-frange-diamond-luxury-collection-virgin-hair-vietnamien-30-300-densite-closure-2x6\/","url":"https:\/\/mihiahair.store\/product\/luxe-frange-diamond-luxury-collection-virgin-hair-vietnamien-30-300-densite-closure-2x6\/","name":"LUXE FRANGE \u2013 30\u2019\u2019 DIAMOND LUXURY | VIRGIN HAIR VIETNAMIEN ROUGE REFLET ROSE - mihiahair.store","isPartOf":{"@id":"https:\/\/mihiahair.store\/#website"},"primaryImageOfPage":{"@id":"https:\/\/mihiahair.store\/product\/luxe-frange-diamond-luxury-collection-virgin-hair-vietnamien-30-300-densite-closure-2x6\/#primaryimage"},"image":{"@id":"https:\/\/mihiahair.store\/product\/luxe-frange-diamond-luxury-collection-virgin-hair-vietnamien-30-300-densite-closure-2x6\/#primaryimage"},"thumbnailUrl":"https:\/\/mihiahair.store\/wp-content\/uploads\/2026\/04\/IMG_7237.jpeg","datePublished":"2026-04-17T02:33:51+00:00","dateModified":"2026-04-17T12:56:19+00:00","breadcrumb":{"@id":"https:\/\/mihiahair.store\/product\/luxe-frange-diamond-luxury-collection-virgin-hair-vietnamien-30-300-densite-closure-2x6\/#breadcrumb"},"inLanguage":"en-US","potentialAction":[{"@type":"ReadAction","target":["https:\/\/mihiahair.store\/product\/luxe-frange-diamond-luxury-collection-virgin-hair-vietnamien-30-300-densite-closure-2x6\/"]}]},{"@type":"ImageObject","inLanguage":"en-US","@id":"https:\/\/mihiahair.store\/product\/luxe-frange-diamond-luxury-collection-virgin-hair-vietnamien-30-300-densite-closure-2x6\/#primaryimage","url":"https:\/\/mihiahair.store\/wp-content\/uploads\/2026\/04\/IMG_7237.jpeg","contentUrl":"https:\/\/mihiahair.store\/wp-content\/uploads\/2026\/04\/IMG_7237.jpeg","width":1290,"height":1922,"caption":"Screenshot"},{"@type":"BreadcrumbList","@id":"https:\/\/mihiahair.store\/product\/luxe-frange-diamond-luxury-collection-virgin-hair-vietnamien-30-300-densite-closure-2x6\/#breadcrumb","itemListElement":[{"@type":"ListItem","position":1,"name":"Accueil","item":"https:\/\/mihiahair.store\/"},{"@type":"ListItem","position":2,"name":"Shop","item":"https:\/\/mihiahair.store\/shop\/"},{"@type":"ListItem","position":3,"name":"LUXE FRANGE \u2013 30\u2019\u2019 DIAMOND LUXURY | VIRGIN HAIR VIETNAMIEN ROUGE REFLET ROSE"}]},{"@type":"WebSite","@id":"https:\/\/mihiahair.store\/#website","url":"https:\/\/mihiahair.store\/","name":"mihiahair.store","description":"","potentialAction":[{"@type":"SearchAction","target":{"@type":"EntryPoint","urlTemplate":"https:\/\/mihiahair.store\/?s={search_term_string}"},"query-input":{"@type":"PropertyValueSpecification","valueRequired":true,"valueName":"search_term_string"}}],"inLanguage":"en-US"}]}},"_links":{"self":[{"href":"https:\/\/mihiahair.store\/en\/wp-json\/wp\/v2\/product\/3706"}],"collection":[{"href":"https:\/\/mihiahair.store\/en\/wp-json\/wp\/v2\/product"}],"about":[{"href":"https:\/\/mihiahair.store\/en\/wp-json\/wp\/v2\/types\/product"}],"replies":[{"embeddable":true,"href":"https:\/\/mihiahair.store\/en\/wp-json\/wp\/v2\/comments?post=3706"}],"wp:featuredmedia":[{"embeddable":true,"href":"https:\/\/mihiahair.store\/en\/wp-json\/wp\/v2\/media\/3766"}],"wp:attachment":[{"href":"https:\/\/mihiahair.store\/en\/wp-json\/wp\/v2\/media?parent=3706"}],"wp:term":[{"taxonomy":"product_cat","embeddable":true,"href":"https:\/\/mihiahair.store\/en\/wp-json\/wp\/v2\/product_cat?post=3706"},{"taxonomy":"product_tag","embeddable":true,"href":"https:\/\/mihiahair.store\/en\/wp-json\/wp\/v2\/product_tag?post=3706"}],"curies":[{"name":"wp","href":"https:\/\/api.w.org\/{rel}","templated":true}]}}