{"id":3722,"date":"2026-04-17T18:18:04","date_gmt":"2026-04-17T16:18:04","guid":{"rendered":"https:\/\/mihiahair.store\/?post_type=product&#038;p=3722"},"modified":"2026-04-17T18:18:05","modified_gmt":"2026-04-17T16:18:05","slug":"star-20-raw-hair-vietnamien-lagos-hair-line-marron-clair","status":"publish","type":"product","link":"https:\/\/mihiahair.store\/en\/product\/star-20-raw-hair-vietnamien-lagos-hair-line-marron-clair\/","title":{"rendered":"STAR &#8211; 20\u2019\u2019 RAW HAIR VIETNAMIEN \u2013 LAGOS HAIR LINE MARRON CLAIR"},"content":{"rendered":"<p data-start=\"70\" data-end=\"176\"><strong data-start=\"70\" data-end=\"119\">STAR RAW HAIR VIETNAMIEN \u2013 LAGOS HAIR LINE \ud83d\udc8e<\/strong><br data-start=\"119\" data-end=\"122\" \/>13&#215;4 HD Lace | 250% Densit\u00e9 | Collection Ultra Premium<\/p>\n<p data-start=\"178\" data-end=\"489\">\u2728 Perruque en cheveux 100% humains raw vietnamien<br data-start=\"227\" data-end=\"230\" \/>\u2728 Lace front 13&#215;4 HD pour une ligne de cheveux ultra naturelle<br data-start=\"292\" data-end=\"295\" \/>\u2728 Densit\u00e9 250% : volume complet, effet luxe garanti<br data-start=\"346\" data-end=\"349\" \/>\u2728 Texture soyeuse, sans n\u0153uds, sans frisottis<br data-start=\"394\" data-end=\"397\" \/>\u2728 Peut \u00eatre liss\u00e9e, boucl\u00e9e et color\u00e9e<br data-start=\"435\" data-end=\"438\" \/>\u2728 Installation facile, rendu invisible et glamour<\/p>\n<p data-start=\"491\" data-end=\"614\">\ud83d\udc8e Une collection haut de gamme pens\u00e9e pour un look puissant, chic et naturel au quotidien ou pour les occasions sp\u00e9ciales.<\/p>","protected":false},"excerpt":{"rendered":"<p>Perruque Lagos Hair Line en cheveux Raw Hair vietnamien 100% humains, issus d\u2019un seul donneur pour une qualit\u00e9 exceptionnelle. Longueur 20 pouces avec une densit\u00e9 luxueuse de 250%, lace HD 13&#215;4 ultra naturelle pour un rendu invisible et une finition parfaite. \ud83d\udc8e<\/p>\n<p>Longueur: 20 pouces<\/p>\n<p>Densit\u00e9: 250%<\/p>\n<p>13*4 HD Lace<\/p>\n<p>Couleur : Marron claire<\/p>","protected":false},"featured_media":3781,"comment_status":"open","ping_status":"closed","template":"","meta":[],"product_cat":[94],"product_tag":[],"yoast_head":"<!-- This site is optimized with the Yoast SEO plugin v24.5 - https:\/\/yoast.com\/wordpress\/plugins\/seo\/ -->\n<title>STAR - 20\u2019\u2019 RAW HAIR VIETNAMIEN \u2013 LAGOS HAIR LINE MARRON CLAIR - mihiahair.store<\/title>\n<meta name=\"robots\" content=\"index, follow, max-snippet:-1, max-image-preview:large, max-video-preview:-1\" \/>\n<link rel=\"canonical\" href=\"https:\/\/mihiahair.store\/en\/product\/star-20-raw-hair-vietnamien-lagos-hair-line-marron-clair\/\" \/>\n<meta property=\"og:locale\" content=\"en_US\" \/>\n<meta property=\"og:type\" content=\"article\" \/>\n<meta property=\"og:title\" content=\"STAR - 20\u2019\u2019 RAW HAIR VIETNAMIEN \u2013 LAGOS HAIR LINE MARRON CLAIR - mihiahair.store\" \/>\n<meta property=\"og:description\" content=\"Perruque Lagos Hair Line en cheveux Raw Hair vietnamien 100% humains, issus d\u2019un seul donneur pour une qualit\u00e9 exceptionnelle. Longueur 20 pouces avec une densit\u00e9 luxueuse de 250%, lace HD 13x4 ultra naturelle pour un rendu invisible et une finition parfaite. \ud83d\udc8e  Longueur: 20 pouces  Densit\u00e9: 250%  13*4 HD Lace  Couleur : Marron claire\" \/>\n<meta property=\"og:url\" content=\"https:\/\/mihiahair.store\/en\/product\/star-20-raw-hair-vietnamien-lagos-hair-line-marron-clair\/\" \/>\n<meta property=\"og:site_name\" content=\"mihiahair.store\" \/>\n<meta property=\"article:modified_time\" content=\"2026-04-17T16:18:05+00:00\" \/>\n<meta property=\"og:image\" content=\"https:\/\/mihiahair.store\/wp-content\/uploads\/2026\/04\/IMG_7244.jpeg\" \/>\n\t<meta property=\"og:image:width\" content=\"1270\" \/>\n\t<meta property=\"og:image:height\" content=\"2041\" \/>\n\t<meta property=\"og:image:type\" content=\"image\/jpeg\" \/>\n<meta name=\"twitter:card\" content=\"summary_large_image\" \/>\n<meta name=\"twitter:label1\" content=\"Est. reading time\" \/>\n\t<meta name=\"twitter:data1\" content=\"1 minute\" \/>\n<script type=\"application\/ld+json\" class=\"yoast-schema-graph\">{\"@context\":\"https:\/\/schema.org\",\"@graph\":[{\"@type\":\"WebPage\",\"@id\":\"https:\/\/mihiahair.store\/product\/star-20-raw-hair-vietnamien-lagos-hair-line-marron-clair\/\",\"url\":\"https:\/\/mihiahair.store\/product\/star-20-raw-hair-vietnamien-lagos-hair-line-marron-clair\/\",\"name\":\"STAR - 20\u2019\u2019 RAW HAIR VIETNAMIEN \u2013 LAGOS HAIR LINE MARRON CLAIR - mihiahair.store\",\"isPartOf\":{\"@id\":\"https:\/\/mihiahair.store\/#website\"},\"primaryImageOfPage\":{\"@id\":\"https:\/\/mihiahair.store\/product\/star-20-raw-hair-vietnamien-lagos-hair-line-marron-clair\/#primaryimage\"},\"image\":{\"@id\":\"https:\/\/mihiahair.store\/product\/star-20-raw-hair-vietnamien-lagos-hair-line-marron-clair\/#primaryimage\"},\"thumbnailUrl\":\"https:\/\/mihiahair.store\/wp-content\/uploads\/2026\/04\/IMG_7244.jpeg\",\"datePublished\":\"2026-04-17T16:18:04+00:00\",\"dateModified\":\"2026-04-17T16:18:05+00:00\",\"breadcrumb\":{\"@id\":\"https:\/\/mihiahair.store\/product\/star-20-raw-hair-vietnamien-lagos-hair-line-marron-clair\/#breadcrumb\"},\"inLanguage\":\"en-US\",\"potentialAction\":[{\"@type\":\"ReadAction\",\"target\":[\"https:\/\/mihiahair.store\/product\/star-20-raw-hair-vietnamien-lagos-hair-line-marron-clair\/\"]}]},{\"@type\":\"ImageObject\",\"inLanguage\":\"en-US\",\"@id\":\"https:\/\/mihiahair.store\/product\/star-20-raw-hair-vietnamien-lagos-hair-line-marron-clair\/#primaryimage\",\"url\":\"https:\/\/mihiahair.store\/wp-content\/uploads\/2026\/04\/IMG_7244.jpeg\",\"contentUrl\":\"https:\/\/mihiahair.store\/wp-content\/uploads\/2026\/04\/IMG_7244.jpeg\",\"width\":1270,\"height\":2041,\"caption\":\"Screenshot\"},{\"@type\":\"BreadcrumbList\",\"@id\":\"https:\/\/mihiahair.store\/product\/star-20-raw-hair-vietnamien-lagos-hair-line-marron-clair\/#breadcrumb\",\"itemListElement\":[{\"@type\":\"ListItem\",\"position\":1,\"name\":\"Accueil\",\"item\":\"https:\/\/mihiahair.store\/\"},{\"@type\":\"ListItem\",\"position\":2,\"name\":\"Shop\",\"item\":\"https:\/\/mihiahair.store\/shop\/\"},{\"@type\":\"ListItem\",\"position\":3,\"name\":\"STAR &#8211; 20\u2019\u2019 RAW HAIR VIETNAMIEN \u2013 LAGOS HAIR LINE MARRON CLAIR\"}]},{\"@type\":\"WebSite\",\"@id\":\"https:\/\/mihiahair.store\/#website\",\"url\":\"https:\/\/mihiahair.store\/\",\"name\":\"mihiahair.store\",\"description\":\"\",\"potentialAction\":[{\"@type\":\"SearchAction\",\"target\":{\"@type\":\"EntryPoint\",\"urlTemplate\":\"https:\/\/mihiahair.store\/?s={search_term_string}\"},\"query-input\":{\"@type\":\"PropertyValueSpecification\",\"valueRequired\":true,\"valueName\":\"search_term_string\"}}],\"inLanguage\":\"en-US\"}]}<\/script>\n<!-- \/ Yoast SEO plugin. -->","yoast_head_json":{"title":"STAR - 20\u2019\u2019 RAW HAIR VIETNAMIEN \u2013 LAGOS HAIR LINE MARRON CLAIR - mihiahair.store","robots":{"index":"index","follow":"follow","max-snippet":"max-snippet:-1","max-image-preview":"max-image-preview:large","max-video-preview":"max-video-preview:-1"},"canonical":"https:\/\/mihiahair.store\/en\/product\/star-20-raw-hair-vietnamien-lagos-hair-line-marron-clair\/","og_locale":"en_US","og_type":"article","og_title":"STAR - 20\u2019\u2019 RAW HAIR VIETNAMIEN \u2013 LAGOS HAIR LINE MARRON CLAIR - mihiahair.store","og_description":"Perruque Lagos Hair Line en cheveux Raw Hair vietnamien 100% humains, issus d\u2019un seul donneur pour une qualit\u00e9 exceptionnelle. Longueur 20 pouces avec une densit\u00e9 luxueuse de 250%, lace HD 13x4 ultra naturelle pour un rendu invisible et une finition parfaite. \ud83d\udc8e  Longueur: 20 pouces  Densit\u00e9: 250%  13*4 HD Lace  Couleur : Marron claire","og_url":"https:\/\/mihiahair.store\/en\/product\/star-20-raw-hair-vietnamien-lagos-hair-line-marron-clair\/","og_site_name":"mihiahair.store","article_modified_time":"2026-04-17T16:18:05+00:00","og_image":[{"width":1270,"height":2041,"url":"https:\/\/mihiahair.store\/wp-content\/uploads\/2026\/04\/IMG_7244.jpeg","type":"image\/jpeg"}],"twitter_card":"summary_large_image","twitter_misc":{"Est. reading time":"1 minute"},"schema":{"@context":"https:\/\/schema.org","@graph":[{"@type":"WebPage","@id":"https:\/\/mihiahair.store\/product\/star-20-raw-hair-vietnamien-lagos-hair-line-marron-clair\/","url":"https:\/\/mihiahair.store\/product\/star-20-raw-hair-vietnamien-lagos-hair-line-marron-clair\/","name":"STAR - 20\u2019\u2019 RAW HAIR VIETNAMIEN \u2013 LAGOS HAIR LINE MARRON CLAIR - mihiahair.store","isPartOf":{"@id":"https:\/\/mihiahair.store\/#website"},"primaryImageOfPage":{"@id":"https:\/\/mihiahair.store\/product\/star-20-raw-hair-vietnamien-lagos-hair-line-marron-clair\/#primaryimage"},"image":{"@id":"https:\/\/mihiahair.store\/product\/star-20-raw-hair-vietnamien-lagos-hair-line-marron-clair\/#primaryimage"},"thumbnailUrl":"https:\/\/mihiahair.store\/wp-content\/uploads\/2026\/04\/IMG_7244.jpeg","datePublished":"2026-04-17T16:18:04+00:00","dateModified":"2026-04-17T16:18:05+00:00","breadcrumb":{"@id":"https:\/\/mihiahair.store\/product\/star-20-raw-hair-vietnamien-lagos-hair-line-marron-clair\/#breadcrumb"},"inLanguage":"en-US","potentialAction":[{"@type":"ReadAction","target":["https:\/\/mihiahair.store\/product\/star-20-raw-hair-vietnamien-lagos-hair-line-marron-clair\/"]}]},{"@type":"ImageObject","inLanguage":"en-US","@id":"https:\/\/mihiahair.store\/product\/star-20-raw-hair-vietnamien-lagos-hair-line-marron-clair\/#primaryimage","url":"https:\/\/mihiahair.store\/wp-content\/uploads\/2026\/04\/IMG_7244.jpeg","contentUrl":"https:\/\/mihiahair.store\/wp-content\/uploads\/2026\/04\/IMG_7244.jpeg","width":1270,"height":2041,"caption":"Screenshot"},{"@type":"BreadcrumbList","@id":"https:\/\/mihiahair.store\/product\/star-20-raw-hair-vietnamien-lagos-hair-line-marron-clair\/#breadcrumb","itemListElement":[{"@type":"ListItem","position":1,"name":"Accueil","item":"https:\/\/mihiahair.store\/"},{"@type":"ListItem","position":2,"name":"Shop","item":"https:\/\/mihiahair.store\/shop\/"},{"@type":"ListItem","position":3,"name":"STAR &#8211; 20\u2019\u2019 RAW HAIR VIETNAMIEN \u2013 LAGOS HAIR LINE MARRON CLAIR"}]},{"@type":"WebSite","@id":"https:\/\/mihiahair.store\/#website","url":"https:\/\/mihiahair.store\/","name":"mihiahair.store","description":"","potentialAction":[{"@type":"SearchAction","target":{"@type":"EntryPoint","urlTemplate":"https:\/\/mihiahair.store\/?s={search_term_string}"},"query-input":{"@type":"PropertyValueSpecification","valueRequired":true,"valueName":"search_term_string"}}],"inLanguage":"en-US"}]}},"_links":{"self":[{"href":"https:\/\/mihiahair.store\/en\/wp-json\/wp\/v2\/product\/3722"}],"collection":[{"href":"https:\/\/mihiahair.store\/en\/wp-json\/wp\/v2\/product"}],"about":[{"href":"https:\/\/mihiahair.store\/en\/wp-json\/wp\/v2\/types\/product"}],"replies":[{"embeddable":true,"href":"https:\/\/mihiahair.store\/en\/wp-json\/wp\/v2\/comments?post=3722"}],"wp:featuredmedia":[{"embeddable":true,"href":"https:\/\/mihiahair.store\/en\/wp-json\/wp\/v2\/media\/3781"}],"wp:attachment":[{"href":"https:\/\/mihiahair.store\/en\/wp-json\/wp\/v2\/media?parent=3722"}],"wp:term":[{"taxonomy":"product_cat","embeddable":true,"href":"https:\/\/mihiahair.store\/en\/wp-json\/wp\/v2\/product_cat?post=3722"},{"taxonomy":"product_tag","embeddable":true,"href":"https:\/\/mihiahair.store\/en\/wp-json\/wp\/v2\/product_tag?post=3722"}],"curies":[{"name":"wp","href":"https:\/\/api.w.org\/{rel}","templated":true}]}}