{"id":3734,"date":"2026-04-17T05:15:32","date_gmt":"2026-04-17T03:15:32","guid":{"rendered":"https:\/\/mihiahair.store\/?post_type=product&#038;p=3734"},"modified":"2026-04-17T16:04:45","modified_gmt":"2026-04-17T14:04:45","slug":"elie-raw-hair-vietnamienne-lagos-hair-line-%f0%9f%92%8e-1b-blonde-lace-13x4-250-densite-22-pouces","status":"publish","type":"product","link":"https:\/\/mihiahair.store\/en\/product\/elie-raw-hair-vietnamienne-lagos-hair-line-%f0%9f%92%8e-1b-blonde-lace-13x4-250-densite-22-pouces\/","title":{"rendered":"\u00c9LIE &#8211; 22\u2019\u2019 RAW HAIR VIETNAMIENNE LAGOS HAIR LINE 1B \/ BLONDE"},"content":{"rendered":"<p data-start=\"0\" data-end=\"234\">Perruque \u00c9LIE RAW HAIR VIETNAMIENNE \ud83d\udc8e de la collection LAGOS HAIR LINE, con\u00e7ue pour offrir un rendu ultra naturel et luxueux. Cheveux 100% humains de qualit\u00e9 premium, texture soyeuse et cuticules align\u00e9es pour un fini sans frisottis.<\/p>\n<p data-start=\"236\" data-end=\"496\">Couleur \u00e9l\u00e9gante 1B m\u00e9lang\u00e9 blond pour un look sophistiqu\u00e9 et tendance. Lace frontal 13&#215;4 offrant une raie naturelle et une grande polyvalence de coiffage. Densit\u00e9 250% pour un volume riche, \u00e9pais et glamour. Longueur 22 pouces pour une allure chic et moderne.<\/p>\n<p data-start=\"498\" data-end=\"566\" data-is-last-node=\"\" data-is-only-node=\"\">Parfaite pour un look quotidien \u00e9l\u00e9gant ou des occasions sp\u00e9ciales \u2728<\/p>","protected":false},"excerpt":{"rendered":"<p>Perruque \u00c9LIE RAW HAIR VIETNAMIENNE \ud83d\udc8e 22 pouces, 250% densit\u00e9, lace 13&#215;4. Couleur 1B blond \u00e9l\u00e9gant. Cheveux humains premium, volume naturel et finition ultra luxueuse<\/p>\n<p>Longueur: 22\u2019\u2019<\/p>\n<p>Densit\u00e9: 250%<br \/>\nLace : 13*4 HD<\/p>\n<p>Couleur : 1B\/ Blonde<\/p>","protected":false},"featured_media":3771,"comment_status":"open","ping_status":"closed","template":"","meta":[],"product_cat":[94],"product_tag":[],"yoast_head":"<!-- This site is optimized with the Yoast SEO plugin v24.5 - https:\/\/yoast.com\/wordpress\/plugins\/seo\/ -->\n<title>\u00c9LIE - 22\u2019\u2019 RAW HAIR VIETNAMIENNE LAGOS HAIR LINE 1B \/ BLONDE - mihiahair.store<\/title>\n<meta name=\"robots\" content=\"index, follow, max-snippet:-1, max-image-preview:large, max-video-preview:-1\" \/>\n<link rel=\"canonical\" href=\"https:\/\/mihiahair.store\/en\/product\/elie-raw-hair-vietnamienne-lagos-hair-line-\ud83d\udc8e-1b-blonde-lace-13x4-250-densite-22-pouces\/\" \/>\n<meta property=\"og:locale\" content=\"en_US\" \/>\n<meta property=\"og:type\" content=\"article\" \/>\n<meta property=\"og:title\" content=\"\u00c9LIE - 22\u2019\u2019 RAW HAIR VIETNAMIENNE LAGOS HAIR LINE 1B \/ BLONDE - mihiahair.store\" \/>\n<meta property=\"og:description\" content=\"Perruque \u00c9LIE RAW HAIR VIETNAMIENNE \ud83d\udc8e 22 pouces, 250% densit\u00e9, lace 13x4. Couleur 1B blond \u00e9l\u00e9gant. Cheveux humains premium, volume naturel et finition ultra luxueuse  Longueur: 22\u2019\u2019  Densit\u00e9: 250% Lace : 13*4 HD  Couleur : 1B\/ Blonde\" \/>\n<meta property=\"og:url\" content=\"https:\/\/mihiahair.store\/en\/product\/elie-raw-hair-vietnamienne-lagos-hair-line-\ud83d\udc8e-1b-blonde-lace-13x4-250-densite-22-pouces\/\" \/>\n<meta property=\"og:site_name\" content=\"mihiahair.store\" \/>\n<meta property=\"article:modified_time\" content=\"2026-04-17T14:04:45+00:00\" \/>\n<meta property=\"og:image\" content=\"https:\/\/mihiahair.store\/wp-content\/uploads\/2026\/04\/IMG_7239.jpeg\" \/>\n\t<meta property=\"og:image:width\" content=\"1290\" \/>\n\t<meta property=\"og:image:height\" content=\"1966\" \/>\n\t<meta property=\"og:image:type\" content=\"image\/jpeg\" \/>\n<meta name=\"twitter:card\" content=\"summary_large_image\" \/>\n<meta name=\"twitter:label1\" content=\"Est. reading time\" \/>\n\t<meta name=\"twitter:data1\" content=\"1 minute\" \/>\n<script type=\"application\/ld+json\" class=\"yoast-schema-graph\">{\"@context\":\"https:\/\/schema.org\",\"@graph\":[{\"@type\":\"WebPage\",\"@id\":\"https:\/\/mihiahair.store\/product\/elie-raw-hair-vietnamienne-lagos-hair-line-%f0%9f%92%8e-1b-blonde-lace-13x4-250-densite-22-pouces\/\",\"url\":\"https:\/\/mihiahair.store\/product\/elie-raw-hair-vietnamienne-lagos-hair-line-%f0%9f%92%8e-1b-blonde-lace-13x4-250-densite-22-pouces\/\",\"name\":\"\u00c9LIE - 22\u2019\u2019 RAW HAIR VIETNAMIENNE LAGOS HAIR LINE 1B \/ BLONDE - mihiahair.store\",\"isPartOf\":{\"@id\":\"https:\/\/mihiahair.store\/#website\"},\"primaryImageOfPage\":{\"@id\":\"https:\/\/mihiahair.store\/product\/elie-raw-hair-vietnamienne-lagos-hair-line-%f0%9f%92%8e-1b-blonde-lace-13x4-250-densite-22-pouces\/#primaryimage\"},\"image\":{\"@id\":\"https:\/\/mihiahair.store\/product\/elie-raw-hair-vietnamienne-lagos-hair-line-%f0%9f%92%8e-1b-blonde-lace-13x4-250-densite-22-pouces\/#primaryimage\"},\"thumbnailUrl\":\"https:\/\/mihiahair.store\/wp-content\/uploads\/2026\/04\/IMG_7239.jpeg\",\"datePublished\":\"2026-04-17T03:15:32+00:00\",\"dateModified\":\"2026-04-17T14:04:45+00:00\",\"breadcrumb\":{\"@id\":\"https:\/\/mihiahair.store\/product\/elie-raw-hair-vietnamienne-lagos-hair-line-%f0%9f%92%8e-1b-blonde-lace-13x4-250-densite-22-pouces\/#breadcrumb\"},\"inLanguage\":\"en-US\",\"potentialAction\":[{\"@type\":\"ReadAction\",\"target\":[\"https:\/\/mihiahair.store\/product\/elie-raw-hair-vietnamienne-lagos-hair-line-%f0%9f%92%8e-1b-blonde-lace-13x4-250-densite-22-pouces\/\"]}]},{\"@type\":\"ImageObject\",\"inLanguage\":\"en-US\",\"@id\":\"https:\/\/mihiahair.store\/product\/elie-raw-hair-vietnamienne-lagos-hair-line-%f0%9f%92%8e-1b-blonde-lace-13x4-250-densite-22-pouces\/#primaryimage\",\"url\":\"https:\/\/mihiahair.store\/wp-content\/uploads\/2026\/04\/IMG_7239.jpeg\",\"contentUrl\":\"https:\/\/mihiahair.store\/wp-content\/uploads\/2026\/04\/IMG_7239.jpeg\",\"width\":1290,\"height\":1966,\"caption\":\"Screenshot\"},{\"@type\":\"BreadcrumbList\",\"@id\":\"https:\/\/mihiahair.store\/product\/elie-raw-hair-vietnamienne-lagos-hair-line-%f0%9f%92%8e-1b-blonde-lace-13x4-250-densite-22-pouces\/#breadcrumb\",\"itemListElement\":[{\"@type\":\"ListItem\",\"position\":1,\"name\":\"Accueil\",\"item\":\"https:\/\/mihiahair.store\/\"},{\"@type\":\"ListItem\",\"position\":2,\"name\":\"Shop\",\"item\":\"https:\/\/mihiahair.store\/shop\/\"},{\"@type\":\"ListItem\",\"position\":3,\"name\":\"\u00c9LIE &#8211; 22\u2019\u2019 RAW HAIR VIETNAMIENNE LAGOS HAIR LINE 1B \/ BLONDE\"}]},{\"@type\":\"WebSite\",\"@id\":\"https:\/\/mihiahair.store\/#website\",\"url\":\"https:\/\/mihiahair.store\/\",\"name\":\"mihiahair.store\",\"description\":\"\",\"potentialAction\":[{\"@type\":\"SearchAction\",\"target\":{\"@type\":\"EntryPoint\",\"urlTemplate\":\"https:\/\/mihiahair.store\/?s={search_term_string}\"},\"query-input\":{\"@type\":\"PropertyValueSpecification\",\"valueRequired\":true,\"valueName\":\"search_term_string\"}}],\"inLanguage\":\"en-US\"}]}<\/script>\n<!-- \/ Yoast SEO plugin. -->","yoast_head_json":{"title":"\u00c9LIE - 22\u2019\u2019 RAW HAIR VIETNAMIENNE LAGOS HAIR LINE 1B \/ BLONDE - mihiahair.store","robots":{"index":"index","follow":"follow","max-snippet":"max-snippet:-1","max-image-preview":"max-image-preview:large","max-video-preview":"max-video-preview:-1"},"canonical":"https:\/\/mihiahair.store\/en\/product\/elie-raw-hair-vietnamienne-lagos-hair-line-\ud83d\udc8e-1b-blonde-lace-13x4-250-densite-22-pouces\/","og_locale":"en_US","og_type":"article","og_title":"\u00c9LIE - 22\u2019\u2019 RAW HAIR VIETNAMIENNE LAGOS HAIR LINE 1B \/ BLONDE - mihiahair.store","og_description":"Perruque \u00c9LIE RAW HAIR VIETNAMIENNE \ud83d\udc8e 22 pouces, 250% densit\u00e9, lace 13x4. Couleur 1B blond \u00e9l\u00e9gant. Cheveux humains premium, volume naturel et finition ultra luxueuse  Longueur: 22\u2019\u2019  Densit\u00e9: 250% Lace : 13*4 HD  Couleur : 1B\/ Blonde","og_url":"https:\/\/mihiahair.store\/en\/product\/elie-raw-hair-vietnamienne-lagos-hair-line-\ud83d\udc8e-1b-blonde-lace-13x4-250-densite-22-pouces\/","og_site_name":"mihiahair.store","article_modified_time":"2026-04-17T14:04:45+00:00","og_image":[{"width":1290,"height":1966,"url":"https:\/\/mihiahair.store\/wp-content\/uploads\/2026\/04\/IMG_7239.jpeg","type":"image\/jpeg"}],"twitter_card":"summary_large_image","twitter_misc":{"Est. reading time":"1 minute"},"schema":{"@context":"https:\/\/schema.org","@graph":[{"@type":"WebPage","@id":"https:\/\/mihiahair.store\/product\/elie-raw-hair-vietnamienne-lagos-hair-line-%f0%9f%92%8e-1b-blonde-lace-13x4-250-densite-22-pouces\/","url":"https:\/\/mihiahair.store\/product\/elie-raw-hair-vietnamienne-lagos-hair-line-%f0%9f%92%8e-1b-blonde-lace-13x4-250-densite-22-pouces\/","name":"\u00c9LIE - 22\u2019\u2019 RAW HAIR VIETNAMIENNE LAGOS HAIR LINE 1B \/ BLONDE - mihiahair.store","isPartOf":{"@id":"https:\/\/mihiahair.store\/#website"},"primaryImageOfPage":{"@id":"https:\/\/mihiahair.store\/product\/elie-raw-hair-vietnamienne-lagos-hair-line-%f0%9f%92%8e-1b-blonde-lace-13x4-250-densite-22-pouces\/#primaryimage"},"image":{"@id":"https:\/\/mihiahair.store\/product\/elie-raw-hair-vietnamienne-lagos-hair-line-%f0%9f%92%8e-1b-blonde-lace-13x4-250-densite-22-pouces\/#primaryimage"},"thumbnailUrl":"https:\/\/mihiahair.store\/wp-content\/uploads\/2026\/04\/IMG_7239.jpeg","datePublished":"2026-04-17T03:15:32+00:00","dateModified":"2026-04-17T14:04:45+00:00","breadcrumb":{"@id":"https:\/\/mihiahair.store\/product\/elie-raw-hair-vietnamienne-lagos-hair-line-%f0%9f%92%8e-1b-blonde-lace-13x4-250-densite-22-pouces\/#breadcrumb"},"inLanguage":"en-US","potentialAction":[{"@type":"ReadAction","target":["https:\/\/mihiahair.store\/product\/elie-raw-hair-vietnamienne-lagos-hair-line-%f0%9f%92%8e-1b-blonde-lace-13x4-250-densite-22-pouces\/"]}]},{"@type":"ImageObject","inLanguage":"en-US","@id":"https:\/\/mihiahair.store\/product\/elie-raw-hair-vietnamienne-lagos-hair-line-%f0%9f%92%8e-1b-blonde-lace-13x4-250-densite-22-pouces\/#primaryimage","url":"https:\/\/mihiahair.store\/wp-content\/uploads\/2026\/04\/IMG_7239.jpeg","contentUrl":"https:\/\/mihiahair.store\/wp-content\/uploads\/2026\/04\/IMG_7239.jpeg","width":1290,"height":1966,"caption":"Screenshot"},{"@type":"BreadcrumbList","@id":"https:\/\/mihiahair.store\/product\/elie-raw-hair-vietnamienne-lagos-hair-line-%f0%9f%92%8e-1b-blonde-lace-13x4-250-densite-22-pouces\/#breadcrumb","itemListElement":[{"@type":"ListItem","position":1,"name":"Accueil","item":"https:\/\/mihiahair.store\/"},{"@type":"ListItem","position":2,"name":"Shop","item":"https:\/\/mihiahair.store\/shop\/"},{"@type":"ListItem","position":3,"name":"\u00c9LIE &#8211; 22\u2019\u2019 RAW HAIR VIETNAMIENNE LAGOS HAIR LINE 1B \/ BLONDE"}]},{"@type":"WebSite","@id":"https:\/\/mihiahair.store\/#website","url":"https:\/\/mihiahair.store\/","name":"mihiahair.store","description":"","potentialAction":[{"@type":"SearchAction","target":{"@type":"EntryPoint","urlTemplate":"https:\/\/mihiahair.store\/?s={search_term_string}"},"query-input":{"@type":"PropertyValueSpecification","valueRequired":true,"valueName":"search_term_string"}}],"inLanguage":"en-US"}]}},"_links":{"self":[{"href":"https:\/\/mihiahair.store\/en\/wp-json\/wp\/v2\/product\/3734"}],"collection":[{"href":"https:\/\/mihiahair.store\/en\/wp-json\/wp\/v2\/product"}],"about":[{"href":"https:\/\/mihiahair.store\/en\/wp-json\/wp\/v2\/types\/product"}],"replies":[{"embeddable":true,"href":"https:\/\/mihiahair.store\/en\/wp-json\/wp\/v2\/comments?post=3734"}],"wp:featuredmedia":[{"embeddable":true,"href":"https:\/\/mihiahair.store\/en\/wp-json\/wp\/v2\/media\/3771"}],"wp:attachment":[{"href":"https:\/\/mihiahair.store\/en\/wp-json\/wp\/v2\/media?parent=3734"}],"wp:term":[{"taxonomy":"product_cat","embeddable":true,"href":"https:\/\/mihiahair.store\/en\/wp-json\/wp\/v2\/product_cat?post=3734"},{"taxonomy":"product_tag","embeddable":true,"href":"https:\/\/mihiahair.store\/en\/wp-json\/wp\/v2\/product_tag?post=3734"}],"curies":[{"name":"wp","href":"https:\/\/api.w.org\/{rel}","templated":true}]}}