{"id":3854,"date":"2026-04-18T02:38:22","date_gmt":"2026-04-18T00:38:22","guid":{"rendered":"https:\/\/mihiahair.store\/?post_type=product&#038;p=3854"},"modified":"2026-04-18T02:38:23","modified_gmt":"2026-04-18T00:38:23","slug":"class-one-6-%f0%9f%92%af-cheveux-humains-vietnamiens-sdd-marron","status":"publish","type":"product","link":"https:\/\/mihiahair.store\/en\/product\/class-one-6-%f0%9f%92%af-cheveux-humains-vietnamiens-sdd-marron\/","title":{"rendered":"CLASS ONE \u2013 6\u2019\u2019 \ud83d\udcaf CHEVEUX HUMAINS VIETNAMIENS SDD MARRON"},"content":{"rendered":"<p data-start=\"41\" data-end=\"329\">CLASS ONE \u2013 6\u2019\u2019 \ud83d\udc8e est le choix parfait si tu veux un look chic, naturel et facile \u00e0 porter au quotidien. Sa <strong data-start=\"150\" data-end=\"175\">coupe carr\u00e9e tendance<\/strong> apporte une allure moderne et structur\u00e9e sans effort. Con\u00e7ue en <strong data-start=\"240\" data-end=\"275\">cheveux humains vietnamiens SDD<\/strong>, elle offre une texture douce, r\u00e9aliste et durable.<\/p>\n<p data-start=\"331\" data-end=\"559\">Avec sa <strong data-start=\"339\" data-end=\"355\">densit\u00e9 200%<\/strong>, elle donne juste ce qu\u2019il faut de volume pour un rendu \u00e9l\u00e9gant et l\u00e9ger, id\u00e9al pour un style soign\u00e9 sans surcharge. La <strong data-start=\"476\" data-end=\"491\">closure 2&#215;6<\/strong> assure une finition invisible pour un effet cuir chevelu naturel.<\/p>\n<p data-start=\"561\" data-end=\"691\" data-is-last-node=\"\" data-is-only-node=\"\">C\u2019est la perruque parfaite pour celles qui veulent \u00eatre styl\u00e9es rapidement, avec un look propre, classe et toujours pr\u00eat \u00e0 porter.<\/p>\n<p data-start=\"561\" data-end=\"691\" data-is-last-node=\"\" data-is-only-node=\"\">","protected":false},"excerpt":{"rendered":"<p><strong data-start=\"77\" data-end=\"113\">coupe carr\u00e9e \u00e9l\u00e9gante et moderne<\/strong>. Densit\u00e9 200% pour un volume l\u00e9ger et naturel. Couleur marron sophistiqu\u00e9e et closure 2&#215;6 pour une finition discr\u00e8te et r\u00e9aliste. Un look chic, propre et facile \u00e0 porter au quotidien.<\/p>\n<p>Longueur: 6 pouces<\/p>\n<p>Densit\u00e9: 200%<br \/>\nClosure: 2*6<\/p>\n<p>Couleur: Marron<\/p>","protected":false},"featured_media":3858,"comment_status":"open","ping_status":"closed","template":"","meta":[],"product_cat":[96],"product_tag":[113],"yoast_head":"<!-- This site is optimized with the Yoast SEO plugin v24.5 - https:\/\/yoast.com\/wordpress\/plugins\/seo\/ -->\n<title>CLASS ONE \u2013 6\u2019\u2019 \ud83d\udcaf CHEVEUX HUMAINS VIETNAMIENS SDD MARRON - mihiahair.store<\/title>\n<meta name=\"robots\" content=\"index, follow, max-snippet:-1, max-image-preview:large, max-video-preview:-1\" \/>\n<link rel=\"canonical\" href=\"https:\/\/mihiahair.store\/en\/product\/class-one-6-\ud83d\udcaf-cheveux-humains-vietnamiens-sdd-marron\/\" \/>\n<meta property=\"og:locale\" content=\"en_US\" \/>\n<meta property=\"og:type\" content=\"article\" \/>\n<meta property=\"og:title\" content=\"CLASS ONE \u2013 6\u2019\u2019 \ud83d\udcaf CHEVEUX HUMAINS VIETNAMIENS SDD MARRON - mihiahair.store\" \/>\n<meta property=\"og:description\" content=\"coupe carr\u00e9e \u00e9l\u00e9gante et moderne. Densit\u00e9 200% pour un volume l\u00e9ger et naturel. Couleur marron sophistiqu\u00e9e et closure 2x6 pour une finition discr\u00e8te et r\u00e9aliste. Un look chic, propre et facile \u00e0 porter au quotidien.  Longueur: 6 pouces  Densit\u00e9: 200% Closure: 2*6  Couleur: Marron\" \/>\n<meta property=\"og:url\" content=\"https:\/\/mihiahair.store\/en\/product\/class-one-6-\ud83d\udcaf-cheveux-humains-vietnamiens-sdd-marron\/\" \/>\n<meta property=\"og:site_name\" content=\"mihiahair.store\" \/>\n<meta property=\"article:modified_time\" content=\"2026-04-18T00:38:23+00:00\" \/>\n<meta property=\"og:image\" content=\"https:\/\/mihiahair.store\/wp-content\/uploads\/2026\/04\/IMG_6137-scaled.jpeg\" \/>\n\t<meta property=\"og:image:width\" content=\"2011\" \/>\n\t<meta property=\"og:image:height\" content=\"2560\" \/>\n\t<meta property=\"og:image:type\" content=\"image\/jpeg\" \/>\n<meta name=\"twitter:card\" content=\"summary_large_image\" \/>\n<meta name=\"twitter:label1\" content=\"Est. reading time\" \/>\n\t<meta name=\"twitter:data1\" content=\"1 minute\" \/>\n<script type=\"application\/ld+json\" class=\"yoast-schema-graph\">{\"@context\":\"https:\/\/schema.org\",\"@graph\":[{\"@type\":\"WebPage\",\"@id\":\"https:\/\/mihiahair.store\/product\/class-one-6-%f0%9f%92%af-cheveux-humains-vietnamiens-sdd-marron\/\",\"url\":\"https:\/\/mihiahair.store\/product\/class-one-6-%f0%9f%92%af-cheveux-humains-vietnamiens-sdd-marron\/\",\"name\":\"CLASS ONE \u2013 6\u2019\u2019 \ud83d\udcaf CHEVEUX HUMAINS VIETNAMIENS SDD MARRON - mihiahair.store\",\"isPartOf\":{\"@id\":\"https:\/\/mihiahair.store\/#website\"},\"primaryImageOfPage\":{\"@id\":\"https:\/\/mihiahair.store\/product\/class-one-6-%f0%9f%92%af-cheveux-humains-vietnamiens-sdd-marron\/#primaryimage\"},\"image\":{\"@id\":\"https:\/\/mihiahair.store\/product\/class-one-6-%f0%9f%92%af-cheveux-humains-vietnamiens-sdd-marron\/#primaryimage\"},\"thumbnailUrl\":\"https:\/\/mihiahair.store\/wp-content\/uploads\/2026\/04\/IMG_6137-scaled.jpeg\",\"datePublished\":\"2026-04-18T00:38:22+00:00\",\"dateModified\":\"2026-04-18T00:38:23+00:00\",\"breadcrumb\":{\"@id\":\"https:\/\/mihiahair.store\/product\/class-one-6-%f0%9f%92%af-cheveux-humains-vietnamiens-sdd-marron\/#breadcrumb\"},\"inLanguage\":\"en-US\",\"potentialAction\":[{\"@type\":\"ReadAction\",\"target\":[\"https:\/\/mihiahair.store\/product\/class-one-6-%f0%9f%92%af-cheveux-humains-vietnamiens-sdd-marron\/\"]}]},{\"@type\":\"ImageObject\",\"inLanguage\":\"en-US\",\"@id\":\"https:\/\/mihiahair.store\/product\/class-one-6-%f0%9f%92%af-cheveux-humains-vietnamiens-sdd-marron\/#primaryimage\",\"url\":\"https:\/\/mihiahair.store\/wp-content\/uploads\/2026\/04\/IMG_6137-scaled.jpeg\",\"contentUrl\":\"https:\/\/mihiahair.store\/wp-content\/uploads\/2026\/04\/IMG_6137-scaled.jpeg\",\"width\":2011,\"height\":2560},{\"@type\":\"BreadcrumbList\",\"@id\":\"https:\/\/mihiahair.store\/product\/class-one-6-%f0%9f%92%af-cheveux-humains-vietnamiens-sdd-marron\/#breadcrumb\",\"itemListElement\":[{\"@type\":\"ListItem\",\"position\":1,\"name\":\"Accueil\",\"item\":\"https:\/\/mihiahair.store\/\"},{\"@type\":\"ListItem\",\"position\":2,\"name\":\"Shop\",\"item\":\"https:\/\/mihiahair.store\/shop\/\"},{\"@type\":\"ListItem\",\"position\":3,\"name\":\"CLASS ONE \u2013 6\u2019\u2019 \ud83d\udcaf CHEVEUX HUMAINS VIETNAMIENS SDD MARRON\"}]},{\"@type\":\"WebSite\",\"@id\":\"https:\/\/mihiahair.store\/#website\",\"url\":\"https:\/\/mihiahair.store\/\",\"name\":\"mihiahair.store\",\"description\":\"\",\"potentialAction\":[{\"@type\":\"SearchAction\",\"target\":{\"@type\":\"EntryPoint\",\"urlTemplate\":\"https:\/\/mihiahair.store\/?s={search_term_string}\"},\"query-input\":{\"@type\":\"PropertyValueSpecification\",\"valueRequired\":true,\"valueName\":\"search_term_string\"}}],\"inLanguage\":\"en-US\"}]}<\/script>\n<!-- \/ Yoast SEO plugin. -->","yoast_head_json":{"title":"CLASS ONE \u2013 6\u2019\u2019 \ud83d\udcaf CHEVEUX HUMAINS VIETNAMIENS SDD MARRON - mihiahair.store","robots":{"index":"index","follow":"follow","max-snippet":"max-snippet:-1","max-image-preview":"max-image-preview:large","max-video-preview":"max-video-preview:-1"},"canonical":"https:\/\/mihiahair.store\/en\/product\/class-one-6-\ud83d\udcaf-cheveux-humains-vietnamiens-sdd-marron\/","og_locale":"en_US","og_type":"article","og_title":"CLASS ONE \u2013 6\u2019\u2019 \ud83d\udcaf CHEVEUX HUMAINS VIETNAMIENS SDD MARRON - mihiahair.store","og_description":"coupe carr\u00e9e \u00e9l\u00e9gante et moderne. Densit\u00e9 200% pour un volume l\u00e9ger et naturel. Couleur marron sophistiqu\u00e9e et closure 2x6 pour une finition discr\u00e8te et r\u00e9aliste. Un look chic, propre et facile \u00e0 porter au quotidien.  Longueur: 6 pouces  Densit\u00e9: 200% Closure: 2*6  Couleur: Marron","og_url":"https:\/\/mihiahair.store\/en\/product\/class-one-6-\ud83d\udcaf-cheveux-humains-vietnamiens-sdd-marron\/","og_site_name":"mihiahair.store","article_modified_time":"2026-04-18T00:38:23+00:00","og_image":[{"width":2011,"height":2560,"url":"https:\/\/mihiahair.store\/wp-content\/uploads\/2026\/04\/IMG_6137-scaled.jpeg","type":"image\/jpeg"}],"twitter_card":"summary_large_image","twitter_misc":{"Est. reading time":"1 minute"},"schema":{"@context":"https:\/\/schema.org","@graph":[{"@type":"WebPage","@id":"https:\/\/mihiahair.store\/product\/class-one-6-%f0%9f%92%af-cheveux-humains-vietnamiens-sdd-marron\/","url":"https:\/\/mihiahair.store\/product\/class-one-6-%f0%9f%92%af-cheveux-humains-vietnamiens-sdd-marron\/","name":"CLASS ONE \u2013 6\u2019\u2019 \ud83d\udcaf CHEVEUX HUMAINS VIETNAMIENS SDD MARRON - mihiahair.store","isPartOf":{"@id":"https:\/\/mihiahair.store\/#website"},"primaryImageOfPage":{"@id":"https:\/\/mihiahair.store\/product\/class-one-6-%f0%9f%92%af-cheveux-humains-vietnamiens-sdd-marron\/#primaryimage"},"image":{"@id":"https:\/\/mihiahair.store\/product\/class-one-6-%f0%9f%92%af-cheveux-humains-vietnamiens-sdd-marron\/#primaryimage"},"thumbnailUrl":"https:\/\/mihiahair.store\/wp-content\/uploads\/2026\/04\/IMG_6137-scaled.jpeg","datePublished":"2026-04-18T00:38:22+00:00","dateModified":"2026-04-18T00:38:23+00:00","breadcrumb":{"@id":"https:\/\/mihiahair.store\/product\/class-one-6-%f0%9f%92%af-cheveux-humains-vietnamiens-sdd-marron\/#breadcrumb"},"inLanguage":"en-US","potentialAction":[{"@type":"ReadAction","target":["https:\/\/mihiahair.store\/product\/class-one-6-%f0%9f%92%af-cheveux-humains-vietnamiens-sdd-marron\/"]}]},{"@type":"ImageObject","inLanguage":"en-US","@id":"https:\/\/mihiahair.store\/product\/class-one-6-%f0%9f%92%af-cheveux-humains-vietnamiens-sdd-marron\/#primaryimage","url":"https:\/\/mihiahair.store\/wp-content\/uploads\/2026\/04\/IMG_6137-scaled.jpeg","contentUrl":"https:\/\/mihiahair.store\/wp-content\/uploads\/2026\/04\/IMG_6137-scaled.jpeg","width":2011,"height":2560},{"@type":"BreadcrumbList","@id":"https:\/\/mihiahair.store\/product\/class-one-6-%f0%9f%92%af-cheveux-humains-vietnamiens-sdd-marron\/#breadcrumb","itemListElement":[{"@type":"ListItem","position":1,"name":"Accueil","item":"https:\/\/mihiahair.store\/"},{"@type":"ListItem","position":2,"name":"Shop","item":"https:\/\/mihiahair.store\/shop\/"},{"@type":"ListItem","position":3,"name":"CLASS ONE \u2013 6\u2019\u2019 \ud83d\udcaf CHEVEUX HUMAINS VIETNAMIENS SDD MARRON"}]},{"@type":"WebSite","@id":"https:\/\/mihiahair.store\/#website","url":"https:\/\/mihiahair.store\/","name":"mihiahair.store","description":"","potentialAction":[{"@type":"SearchAction","target":{"@type":"EntryPoint","urlTemplate":"https:\/\/mihiahair.store\/?s={search_term_string}"},"query-input":{"@type":"PropertyValueSpecification","valueRequired":true,"valueName":"search_term_string"}}],"inLanguage":"en-US"}]}},"_links":{"self":[{"href":"https:\/\/mihiahair.store\/en\/wp-json\/wp\/v2\/product\/3854"}],"collection":[{"href":"https:\/\/mihiahair.store\/en\/wp-json\/wp\/v2\/product"}],"about":[{"href":"https:\/\/mihiahair.store\/en\/wp-json\/wp\/v2\/types\/product"}],"replies":[{"embeddable":true,"href":"https:\/\/mihiahair.store\/en\/wp-json\/wp\/v2\/comments?post=3854"}],"wp:featuredmedia":[{"embeddable":true,"href":"https:\/\/mihiahair.store\/en\/wp-json\/wp\/v2\/media\/3858"}],"wp:attachment":[{"href":"https:\/\/mihiahair.store\/en\/wp-json\/wp\/v2\/media?parent=3854"}],"wp:term":[{"taxonomy":"product_cat","embeddable":true,"href":"https:\/\/mihiahair.store\/en\/wp-json\/wp\/v2\/product_cat?post=3854"},{"taxonomy":"product_tag","embeddable":true,"href":"https:\/\/mihiahair.store\/en\/wp-json\/wp\/v2\/product_tag?post=3854"}],"curies":[{"name":"wp","href":"https:\/\/api.w.org\/{rel}","templated":true}]}}