{"id":3861,"date":"2026-04-18T02:47:51","date_gmt":"2026-04-18T00:47:51","guid":{"rendered":"https:\/\/mihiahair.store\/?post_type=product&#038;p=3861"},"modified":"2026-04-18T02:47:51","modified_gmt":"2026-04-18T00:47:51","slug":"stacy-6-%f0%9f%92%8e-cheveux-humains-vietnamiens-sdd-couleur-naturelle","status":"publish","type":"product","link":"https:\/\/mihiahair.store\/en\/product\/stacy-6-%f0%9f%92%8e-cheveux-humains-vietnamiens-sdd-couleur-naturelle\/","title":{"rendered":"STACY \u2013 6\u2019\u2019 \ud83d\udc8e CHEVEUX HUMAINS VIETNAMIENS SDD COULEUR NATURELLE"},"content":{"rendered":"<p style=\"text-align: left\" data-start=\"0\" data-end=\"214\">STACY \u2013 6\u2019\u2019 \ud83d\udc8e Perruque en cheveux humains vietnamiens SDD de qualit\u00e9 premium, avec une <strong data-start=\"119\" data-end=\"144\" data-is-only-node=\"\">coupe carr\u00e9e \u00e9l\u00e9gante<\/strong> et une <strong data-start=\"152\" data-end=\"180\">couleur naturelle marron<\/strong> pour un rendu chic et r\u00e9aliste.<\/p>\n<p data-start=\"216\" data-end=\"388\">Sa <strong data-start=\"219\" data-end=\"235\">densit\u00e9 200%<\/strong> offre un volume l\u00e9ger, harmonieux et facile \u00e0 porter au quotidien. La <strong data-start=\"306\" data-end=\"321\">closure 2&#215;6<\/strong> assure une finition discr\u00e8te avec un effet cuir chevelu naturel.<\/p>\n<p data-start=\"390\" data-end=\"490\" data-is-last-node=\"\" data-is-only-node=\"\">Une perruque simple, moderne et sophistiqu\u00e9e, parfaite pour un look propre, tendance et sans effort.<\/p>\n<p>\u2714\ufe0f Coupe carr\u00e9e moderne et facile \u00e0 porter<br data-start=\"81\" data-end=\"84\" \/>\u2714\ufe0f Couleur naturelle marron pour un rendu r\u00e9aliste<br data-start=\"134\" data-end=\"137\" \/>\u2714\ufe0f Cheveux humains vietnamiens SDD de qualit\u00e9 premium<br data-start=\"190\" data-end=\"193\" \/>\u2714\ufe0f Densit\u00e9 200% pour un volume l\u00e9ger et \u00e9l\u00e9gant<br data-start=\"240\" data-end=\"243\" \/>\u2714\ufe0f Closure 2&#215;6 pour une finition naturelle et discr\u00e8te<br data-start=\"297\" data-end=\"300\" \/>\u2714\ufe0f Look chic pr\u00eat en quelques minutes<br data-start=\"337\" data-end=\"340\" \/>\u2714\ufe0f Style simple, tendance et polyvalent au quotidien<\/p>","protected":false},"excerpt":{"rendered":"<p>cheveux humains vietnamiens SDD, coupe carr\u00e9e \u00e9l\u00e9gante en couleur naturelle marron. Densit\u00e9 200% pour un volume l\u00e9ger et chic. Closure 2&#215;6 pour une finition r\u00e9aliste et discr\u00e8te. Un style moderne, simple et parfait pour un look soign\u00e9 au quotidien.<\/p>\n<p>Longueur: 6 pouces<\/p>\n<p>Densit\u00e9: 200%<br \/>\nClosure: 2*6<\/p>\n<p>Couleur naturelle<\/p>","protected":false},"featured_media":3863,"comment_status":"open","ping_status":"closed","template":"","meta":[],"product_cat":[96],"product_tag":[114],"yoast_head":"<!-- This site is optimized with the Yoast SEO plugin v24.5 - https:\/\/yoast.com\/wordpress\/plugins\/seo\/ -->\n<title>STACY \u2013 6\u2019\u2019 \ud83d\udc8e CHEVEUX HUMAINS VIETNAMIENS SDD COULEUR NATURELLE - mihiahair.store<\/title>\n<meta name=\"robots\" content=\"index, follow, max-snippet:-1, max-image-preview:large, max-video-preview:-1\" \/>\n<link rel=\"canonical\" href=\"https:\/\/mihiahair.store\/en\/product\/stacy-6-\ud83d\udc8e-cheveux-humains-vietnamiens-sdd-couleur-naturelle\/\" \/>\n<meta property=\"og:locale\" content=\"en_US\" \/>\n<meta property=\"og:type\" content=\"article\" \/>\n<meta property=\"og:title\" content=\"STACY \u2013 6\u2019\u2019 \ud83d\udc8e CHEVEUX HUMAINS VIETNAMIENS SDD COULEUR NATURELLE - mihiahair.store\" \/>\n<meta property=\"og:description\" content=\"cheveux humains vietnamiens SDD, coupe carr\u00e9e \u00e9l\u00e9gante en couleur naturelle marron. Densit\u00e9 200% pour un volume l\u00e9ger et chic. Closure 2x6 pour une finition r\u00e9aliste et discr\u00e8te. Un style moderne, simple et parfait pour un look soign\u00e9 au quotidien.  Longueur: 6 pouces  Densit\u00e9: 200% Closure: 2*6  Couleur naturelle\" \/>\n<meta property=\"og:url\" content=\"https:\/\/mihiahair.store\/en\/product\/stacy-6-\ud83d\udc8e-cheveux-humains-vietnamiens-sdd-couleur-naturelle\/\" \/>\n<meta property=\"og:site_name\" content=\"mihiahair.store\" \/>\n<meta property=\"og:image\" content=\"https:\/\/mihiahair.store\/wp-content\/uploads\/2026\/04\/IMG_6149-scaled.jpeg\" \/>\n\t<meta property=\"og:image:width\" content=\"1972\" \/>\n\t<meta property=\"og:image:height\" content=\"2560\" \/>\n\t<meta property=\"og:image:type\" content=\"image\/jpeg\" \/>\n<meta name=\"twitter:card\" content=\"summary_large_image\" \/>\n<meta name=\"twitter:label1\" content=\"Est. reading time\" \/>\n\t<meta name=\"twitter:data1\" content=\"1 minute\" \/>\n<script type=\"application\/ld+json\" class=\"yoast-schema-graph\">{\"@context\":\"https:\/\/schema.org\",\"@graph\":[{\"@type\":\"WebPage\",\"@id\":\"https:\/\/mihiahair.store\/product\/stacy-6-%f0%9f%92%8e-cheveux-humains-vietnamiens-sdd-couleur-naturelle\/\",\"url\":\"https:\/\/mihiahair.store\/product\/stacy-6-%f0%9f%92%8e-cheveux-humains-vietnamiens-sdd-couleur-naturelle\/\",\"name\":\"STACY \u2013 6\u2019\u2019 \ud83d\udc8e CHEVEUX HUMAINS VIETNAMIENS SDD COULEUR NATURELLE - mihiahair.store\",\"isPartOf\":{\"@id\":\"https:\/\/mihiahair.store\/#website\"},\"primaryImageOfPage\":{\"@id\":\"https:\/\/mihiahair.store\/product\/stacy-6-%f0%9f%92%8e-cheveux-humains-vietnamiens-sdd-couleur-naturelle\/#primaryimage\"},\"image\":{\"@id\":\"https:\/\/mihiahair.store\/product\/stacy-6-%f0%9f%92%8e-cheveux-humains-vietnamiens-sdd-couleur-naturelle\/#primaryimage\"},\"thumbnailUrl\":\"https:\/\/mihiahair.store\/wp-content\/uploads\/2026\/04\/IMG_6149-scaled.jpeg\",\"datePublished\":\"2026-04-18T00:47:51+00:00\",\"breadcrumb\":{\"@id\":\"https:\/\/mihiahair.store\/product\/stacy-6-%f0%9f%92%8e-cheveux-humains-vietnamiens-sdd-couleur-naturelle\/#breadcrumb\"},\"inLanguage\":\"en-US\",\"potentialAction\":[{\"@type\":\"ReadAction\",\"target\":[\"https:\/\/mihiahair.store\/product\/stacy-6-%f0%9f%92%8e-cheveux-humains-vietnamiens-sdd-couleur-naturelle\/\"]}]},{\"@type\":\"ImageObject\",\"inLanguage\":\"en-US\",\"@id\":\"https:\/\/mihiahair.store\/product\/stacy-6-%f0%9f%92%8e-cheveux-humains-vietnamiens-sdd-couleur-naturelle\/#primaryimage\",\"url\":\"https:\/\/mihiahair.store\/wp-content\/uploads\/2026\/04\/IMG_6149-scaled.jpeg\",\"contentUrl\":\"https:\/\/mihiahair.store\/wp-content\/uploads\/2026\/04\/IMG_6149-scaled.jpeg\",\"width\":1972,\"height\":2560},{\"@type\":\"BreadcrumbList\",\"@id\":\"https:\/\/mihiahair.store\/product\/stacy-6-%f0%9f%92%8e-cheveux-humains-vietnamiens-sdd-couleur-naturelle\/#breadcrumb\",\"itemListElement\":[{\"@type\":\"ListItem\",\"position\":1,\"name\":\"Accueil\",\"item\":\"https:\/\/mihiahair.store\/\"},{\"@type\":\"ListItem\",\"position\":2,\"name\":\"Shop\",\"item\":\"https:\/\/mihiahair.store\/shop\/\"},{\"@type\":\"ListItem\",\"position\":3,\"name\":\"STACY \u2013 6\u2019\u2019 \ud83d\udc8e CHEVEUX HUMAINS VIETNAMIENS SDD COULEUR NATURELLE\"}]},{\"@type\":\"WebSite\",\"@id\":\"https:\/\/mihiahair.store\/#website\",\"url\":\"https:\/\/mihiahair.store\/\",\"name\":\"mihiahair.store\",\"description\":\"\",\"potentialAction\":[{\"@type\":\"SearchAction\",\"target\":{\"@type\":\"EntryPoint\",\"urlTemplate\":\"https:\/\/mihiahair.store\/?s={search_term_string}\"},\"query-input\":{\"@type\":\"PropertyValueSpecification\",\"valueRequired\":true,\"valueName\":\"search_term_string\"}}],\"inLanguage\":\"en-US\"}]}<\/script>\n<!-- \/ Yoast SEO plugin. -->","yoast_head_json":{"title":"STACY \u2013 6\u2019\u2019 \ud83d\udc8e CHEVEUX HUMAINS VIETNAMIENS SDD COULEUR NATURELLE - mihiahair.store","robots":{"index":"index","follow":"follow","max-snippet":"max-snippet:-1","max-image-preview":"max-image-preview:large","max-video-preview":"max-video-preview:-1"},"canonical":"https:\/\/mihiahair.store\/en\/product\/stacy-6-\ud83d\udc8e-cheveux-humains-vietnamiens-sdd-couleur-naturelle\/","og_locale":"en_US","og_type":"article","og_title":"STACY \u2013 6\u2019\u2019 \ud83d\udc8e CHEVEUX HUMAINS VIETNAMIENS SDD COULEUR NATURELLE - mihiahair.store","og_description":"cheveux humains vietnamiens SDD, coupe carr\u00e9e \u00e9l\u00e9gante en couleur naturelle marron. Densit\u00e9 200% pour un volume l\u00e9ger et chic. Closure 2x6 pour une finition r\u00e9aliste et discr\u00e8te. Un style moderne, simple et parfait pour un look soign\u00e9 au quotidien.  Longueur: 6 pouces  Densit\u00e9: 200% Closure: 2*6  Couleur naturelle","og_url":"https:\/\/mihiahair.store\/en\/product\/stacy-6-\ud83d\udc8e-cheveux-humains-vietnamiens-sdd-couleur-naturelle\/","og_site_name":"mihiahair.store","og_image":[{"width":1972,"height":2560,"url":"https:\/\/mihiahair.store\/wp-content\/uploads\/2026\/04\/IMG_6149-scaled.jpeg","type":"image\/jpeg"}],"twitter_card":"summary_large_image","twitter_misc":{"Est. reading time":"1 minute"},"schema":{"@context":"https:\/\/schema.org","@graph":[{"@type":"WebPage","@id":"https:\/\/mihiahair.store\/product\/stacy-6-%f0%9f%92%8e-cheveux-humains-vietnamiens-sdd-couleur-naturelle\/","url":"https:\/\/mihiahair.store\/product\/stacy-6-%f0%9f%92%8e-cheveux-humains-vietnamiens-sdd-couleur-naturelle\/","name":"STACY \u2013 6\u2019\u2019 \ud83d\udc8e CHEVEUX HUMAINS VIETNAMIENS SDD COULEUR NATURELLE - mihiahair.store","isPartOf":{"@id":"https:\/\/mihiahair.store\/#website"},"primaryImageOfPage":{"@id":"https:\/\/mihiahair.store\/product\/stacy-6-%f0%9f%92%8e-cheveux-humains-vietnamiens-sdd-couleur-naturelle\/#primaryimage"},"image":{"@id":"https:\/\/mihiahair.store\/product\/stacy-6-%f0%9f%92%8e-cheveux-humains-vietnamiens-sdd-couleur-naturelle\/#primaryimage"},"thumbnailUrl":"https:\/\/mihiahair.store\/wp-content\/uploads\/2026\/04\/IMG_6149-scaled.jpeg","datePublished":"2026-04-18T00:47:51+00:00","breadcrumb":{"@id":"https:\/\/mihiahair.store\/product\/stacy-6-%f0%9f%92%8e-cheveux-humains-vietnamiens-sdd-couleur-naturelle\/#breadcrumb"},"inLanguage":"en-US","potentialAction":[{"@type":"ReadAction","target":["https:\/\/mihiahair.store\/product\/stacy-6-%f0%9f%92%8e-cheveux-humains-vietnamiens-sdd-couleur-naturelle\/"]}]},{"@type":"ImageObject","inLanguage":"en-US","@id":"https:\/\/mihiahair.store\/product\/stacy-6-%f0%9f%92%8e-cheveux-humains-vietnamiens-sdd-couleur-naturelle\/#primaryimage","url":"https:\/\/mihiahair.store\/wp-content\/uploads\/2026\/04\/IMG_6149-scaled.jpeg","contentUrl":"https:\/\/mihiahair.store\/wp-content\/uploads\/2026\/04\/IMG_6149-scaled.jpeg","width":1972,"height":2560},{"@type":"BreadcrumbList","@id":"https:\/\/mihiahair.store\/product\/stacy-6-%f0%9f%92%8e-cheveux-humains-vietnamiens-sdd-couleur-naturelle\/#breadcrumb","itemListElement":[{"@type":"ListItem","position":1,"name":"Accueil","item":"https:\/\/mihiahair.store\/"},{"@type":"ListItem","position":2,"name":"Shop","item":"https:\/\/mihiahair.store\/shop\/"},{"@type":"ListItem","position":3,"name":"STACY \u2013 6\u2019\u2019 \ud83d\udc8e CHEVEUX HUMAINS VIETNAMIENS SDD COULEUR NATURELLE"}]},{"@type":"WebSite","@id":"https:\/\/mihiahair.store\/#website","url":"https:\/\/mihiahair.store\/","name":"mihiahair.store","description":"","potentialAction":[{"@type":"SearchAction","target":{"@type":"EntryPoint","urlTemplate":"https:\/\/mihiahair.store\/?s={search_term_string}"},"query-input":{"@type":"PropertyValueSpecification","valueRequired":true,"valueName":"search_term_string"}}],"inLanguage":"en-US"}]}},"_links":{"self":[{"href":"https:\/\/mihiahair.store\/en\/wp-json\/wp\/v2\/product\/3861"}],"collection":[{"href":"https:\/\/mihiahair.store\/en\/wp-json\/wp\/v2\/product"}],"about":[{"href":"https:\/\/mihiahair.store\/en\/wp-json\/wp\/v2\/types\/product"}],"replies":[{"embeddable":true,"href":"https:\/\/mihiahair.store\/en\/wp-json\/wp\/v2\/comments?post=3861"}],"wp:featuredmedia":[{"embeddable":true,"href":"https:\/\/mihiahair.store\/en\/wp-json\/wp\/v2\/media\/3863"}],"wp:attachment":[{"href":"https:\/\/mihiahair.store\/en\/wp-json\/wp\/v2\/media?parent=3861"}],"wp:term":[{"taxonomy":"product_cat","embeddable":true,"href":"https:\/\/mihiahair.store\/en\/wp-json\/wp\/v2\/product_cat?post=3861"},{"taxonomy":"product_tag","embeddable":true,"href":"https:\/\/mihiahair.store\/en\/wp-json\/wp\/v2\/product_tag?post=3861"}],"curies":[{"name":"wp","href":"https:\/\/api.w.org\/{rel}","templated":true}]}}