{"id":3886,"date":"2026-04-18T03:25:14","date_gmt":"2026-04-18T01:25:14","guid":{"rendered":"https:\/\/mihiahair.store\/?post_type=product&#038;p=3886"},"modified":"2026-04-18T03:25:14","modified_gmt":"2026-04-18T01:25:14","slug":"mihiaa-perruque-en-tresses-mini-boho-style-1b-marron-boheme-chic","status":"publish","type":"product","link":"https:\/\/mihiahair.store\/en\/product\/mihiaa-perruque-en-tresses-mini-boho-style-1b-marron-boheme-chic\/","title":{"rendered":"MIHIAA \u2013 PERRUQUE EN TRESSES MINI BOHO STYLE 1B| MARRON &amp; BOH\u00c8ME CHIC"},"content":{"rendered":"<p data-start=\"0\" data-end=\"213\">CAROLINE \u2013 Perruque en <strong data-start=\"54\" data-end=\"77\">tresses mini boho \u2728<\/strong>, con\u00e7ue pour offrir un style boh\u00e8me chic, naturel et tendance. Ses m\u00e8ches l\u00e9g\u00e8res apportent du mouvement et un rendu doux et \u00e9l\u00e9gant.<\/p>\n<p data-start=\"215\" data-end=\"395\" data-is-last-node=\"\" data-is-only-node=\"\">Facile \u00e0 porter et confortable, elle est id\u00e9ale pour un look styl\u00e9 sans effort au quotidien. Parfaite pour les sorties, vacances ou \u00e9v\u00e9nements, avec un effet protecteur et moderne.<\/p>\n<p data-start=\"215\" data-end=\"395\" data-is-last-node=\"\" data-is-only-node=\"\">\u2714\ufe0f Tresses mini boho tendance<br data-start=\"58\" data-end=\"61\" \/>\u2714\ufe0f Look naturel et boh\u00e8me chic<br data-start=\"91\" data-end=\"94\" \/>\u2714\ufe0f Confortable et l\u00e9g\u00e8re<br data-start=\"118\" data-end=\"121\" \/>\u2714\ufe0f Facile \u00e0 porter<br data-start=\"139\" data-end=\"142\" \/>\u2714\ufe0f Pr\u00eate \u00e0 coiffer<br data-start=\"160\" data-end=\"163\" \/>\u2714\ufe0f Style protecteur<br data-start=\"182\" data-end=\"185\" \/>\u2714\ufe0f Id\u00e9ale pour toutes occasions<\/p>\n<p data-start=\"215\" data-end=\"395\" data-is-last-node=\"\" data-is-only-node=\"\">","protected":false},"excerpt":{"rendered":"<p>En tresses mini boho, style boh\u00e8me chic naturel et tendance. L\u00e9g\u00e8re, confortable et facile \u00e0 porter, elle offre un look styl\u00e9 et protecteur parfait pour le quotidien et toutes les occasions.<\/p>\n<p>Lace 13*4<\/p>","protected":false},"featured_media":3892,"comment_status":"open","ping_status":"closed","template":"","meta":[],"product_cat":[98],"product_tag":[117],"yoast_head":"<!-- This site is optimized with the Yoast SEO plugin v24.5 - https:\/\/yoast.com\/wordpress\/plugins\/seo\/ -->\n<title>MIHIAA \u2013 PERRUQUE EN TRESSES MINI BOHO STYLE 1B| MARRON &amp; BOH\u00c8ME CHIC - mihiahair.store<\/title>\n<meta name=\"robots\" content=\"index, follow, max-snippet:-1, max-image-preview:large, max-video-preview:-1\" \/>\n<link rel=\"canonical\" href=\"https:\/\/mihiahair.store\/en\/product\/mihiaa-perruque-en-tresses-mini-boho-style-1b-marron-boheme-chic\/\" \/>\n<meta property=\"og:locale\" content=\"en_US\" \/>\n<meta property=\"og:type\" content=\"article\" \/>\n<meta property=\"og:title\" content=\"MIHIAA \u2013 PERRUQUE EN TRESSES MINI BOHO STYLE 1B| MARRON &amp; BOH\u00c8ME CHIC - mihiahair.store\" \/>\n<meta property=\"og:description\" content=\"En tresses mini boho, style boh\u00e8me chic naturel et tendance. L\u00e9g\u00e8re, confortable et facile \u00e0 porter, elle offre un look styl\u00e9 et protecteur parfait pour le quotidien et toutes les occasions.  Lace 13*4\" \/>\n<meta property=\"og:url\" content=\"https:\/\/mihiahair.store\/en\/product\/mihiaa-perruque-en-tresses-mini-boho-style-1b-marron-boheme-chic\/\" \/>\n<meta property=\"og:site_name\" content=\"mihiahair.store\" \/>\n<meta property=\"og:image\" content=\"https:\/\/mihiahair.store\/wp-content\/uploads\/2026\/04\/IMG_6246-scaled.jpeg\" \/>\n\t<meta property=\"og:image:width\" content=\"1959\" \/>\n\t<meta property=\"og:image:height\" content=\"2560\" \/>\n\t<meta property=\"og:image:type\" content=\"image\/jpeg\" \/>\n<meta name=\"twitter:card\" content=\"summary_large_image\" \/>\n<meta name=\"twitter:label1\" content=\"Est. reading time\" \/>\n\t<meta name=\"twitter:data1\" content=\"1 minute\" \/>\n<script type=\"application\/ld+json\" class=\"yoast-schema-graph\">{\"@context\":\"https:\/\/schema.org\",\"@graph\":[{\"@type\":\"WebPage\",\"@id\":\"https:\/\/mihiahair.store\/product\/mihiaa-perruque-en-tresses-mini-boho-style-1b-marron-boheme-chic\/\",\"url\":\"https:\/\/mihiahair.store\/product\/mihiaa-perruque-en-tresses-mini-boho-style-1b-marron-boheme-chic\/\",\"name\":\"MIHIAA \u2013 PERRUQUE EN TRESSES MINI BOHO STYLE 1B| MARRON &amp; BOH\u00c8ME CHIC - mihiahair.store\",\"isPartOf\":{\"@id\":\"https:\/\/mihiahair.store\/#website\"},\"primaryImageOfPage\":{\"@id\":\"https:\/\/mihiahair.store\/product\/mihiaa-perruque-en-tresses-mini-boho-style-1b-marron-boheme-chic\/#primaryimage\"},\"image\":{\"@id\":\"https:\/\/mihiahair.store\/product\/mihiaa-perruque-en-tresses-mini-boho-style-1b-marron-boheme-chic\/#primaryimage\"},\"thumbnailUrl\":\"https:\/\/mihiahair.store\/wp-content\/uploads\/2026\/04\/IMG_6246-scaled.jpeg\",\"datePublished\":\"2026-04-18T01:25:14+00:00\",\"breadcrumb\":{\"@id\":\"https:\/\/mihiahair.store\/product\/mihiaa-perruque-en-tresses-mini-boho-style-1b-marron-boheme-chic\/#breadcrumb\"},\"inLanguage\":\"en-US\",\"potentialAction\":[{\"@type\":\"ReadAction\",\"target\":[\"https:\/\/mihiahair.store\/product\/mihiaa-perruque-en-tresses-mini-boho-style-1b-marron-boheme-chic\/\"]}]},{\"@type\":\"ImageObject\",\"inLanguage\":\"en-US\",\"@id\":\"https:\/\/mihiahair.store\/product\/mihiaa-perruque-en-tresses-mini-boho-style-1b-marron-boheme-chic\/#primaryimage\",\"url\":\"https:\/\/mihiahair.store\/wp-content\/uploads\/2026\/04\/IMG_6246-scaled.jpeg\",\"contentUrl\":\"https:\/\/mihiahair.store\/wp-content\/uploads\/2026\/04\/IMG_6246-scaled.jpeg\",\"width\":1959,\"height\":2560},{\"@type\":\"BreadcrumbList\",\"@id\":\"https:\/\/mihiahair.store\/product\/mihiaa-perruque-en-tresses-mini-boho-style-1b-marron-boheme-chic\/#breadcrumb\",\"itemListElement\":[{\"@type\":\"ListItem\",\"position\":1,\"name\":\"Accueil\",\"item\":\"https:\/\/mihiahair.store\/\"},{\"@type\":\"ListItem\",\"position\":2,\"name\":\"Shop\",\"item\":\"https:\/\/mihiahair.store\/shop\/\"},{\"@type\":\"ListItem\",\"position\":3,\"name\":\"MIHIAA \u2013 PERRUQUE EN TRESSES MINI BOHO STYLE 1B| MARRON &amp; BOH\u00c8ME CHIC\"}]},{\"@type\":\"WebSite\",\"@id\":\"https:\/\/mihiahair.store\/#website\",\"url\":\"https:\/\/mihiahair.store\/\",\"name\":\"mihiahair.store\",\"description\":\"\",\"potentialAction\":[{\"@type\":\"SearchAction\",\"target\":{\"@type\":\"EntryPoint\",\"urlTemplate\":\"https:\/\/mihiahair.store\/?s={search_term_string}\"},\"query-input\":{\"@type\":\"PropertyValueSpecification\",\"valueRequired\":true,\"valueName\":\"search_term_string\"}}],\"inLanguage\":\"en-US\"}]}<\/script>\n<!-- \/ Yoast SEO plugin. -->","yoast_head_json":{"title":"MIHIAA \u2013 PERRUQUE EN TRESSES MINI BOHO STYLE 1B| MARRON &amp; BOH\u00c8ME CHIC - mihiahair.store","robots":{"index":"index","follow":"follow","max-snippet":"max-snippet:-1","max-image-preview":"max-image-preview:large","max-video-preview":"max-video-preview:-1"},"canonical":"https:\/\/mihiahair.store\/en\/product\/mihiaa-perruque-en-tresses-mini-boho-style-1b-marron-boheme-chic\/","og_locale":"en_US","og_type":"article","og_title":"MIHIAA \u2013 PERRUQUE EN TRESSES MINI BOHO STYLE 1B| MARRON &amp; BOH\u00c8ME CHIC - mihiahair.store","og_description":"En tresses mini boho, style boh\u00e8me chic naturel et tendance. L\u00e9g\u00e8re, confortable et facile \u00e0 porter, elle offre un look styl\u00e9 et protecteur parfait pour le quotidien et toutes les occasions.  Lace 13*4","og_url":"https:\/\/mihiahair.store\/en\/product\/mihiaa-perruque-en-tresses-mini-boho-style-1b-marron-boheme-chic\/","og_site_name":"mihiahair.store","og_image":[{"width":1959,"height":2560,"url":"https:\/\/mihiahair.store\/wp-content\/uploads\/2026\/04\/IMG_6246-scaled.jpeg","type":"image\/jpeg"}],"twitter_card":"summary_large_image","twitter_misc":{"Est. reading time":"1 minute"},"schema":{"@context":"https:\/\/schema.org","@graph":[{"@type":"WebPage","@id":"https:\/\/mihiahair.store\/product\/mihiaa-perruque-en-tresses-mini-boho-style-1b-marron-boheme-chic\/","url":"https:\/\/mihiahair.store\/product\/mihiaa-perruque-en-tresses-mini-boho-style-1b-marron-boheme-chic\/","name":"MIHIAA \u2013 PERRUQUE EN TRESSES MINI BOHO STYLE 1B| MARRON &amp; BOH\u00c8ME CHIC - mihiahair.store","isPartOf":{"@id":"https:\/\/mihiahair.store\/#website"},"primaryImageOfPage":{"@id":"https:\/\/mihiahair.store\/product\/mihiaa-perruque-en-tresses-mini-boho-style-1b-marron-boheme-chic\/#primaryimage"},"image":{"@id":"https:\/\/mihiahair.store\/product\/mihiaa-perruque-en-tresses-mini-boho-style-1b-marron-boheme-chic\/#primaryimage"},"thumbnailUrl":"https:\/\/mihiahair.store\/wp-content\/uploads\/2026\/04\/IMG_6246-scaled.jpeg","datePublished":"2026-04-18T01:25:14+00:00","breadcrumb":{"@id":"https:\/\/mihiahair.store\/product\/mihiaa-perruque-en-tresses-mini-boho-style-1b-marron-boheme-chic\/#breadcrumb"},"inLanguage":"en-US","potentialAction":[{"@type":"ReadAction","target":["https:\/\/mihiahair.store\/product\/mihiaa-perruque-en-tresses-mini-boho-style-1b-marron-boheme-chic\/"]}]},{"@type":"ImageObject","inLanguage":"en-US","@id":"https:\/\/mihiahair.store\/product\/mihiaa-perruque-en-tresses-mini-boho-style-1b-marron-boheme-chic\/#primaryimage","url":"https:\/\/mihiahair.store\/wp-content\/uploads\/2026\/04\/IMG_6246-scaled.jpeg","contentUrl":"https:\/\/mihiahair.store\/wp-content\/uploads\/2026\/04\/IMG_6246-scaled.jpeg","width":1959,"height":2560},{"@type":"BreadcrumbList","@id":"https:\/\/mihiahair.store\/product\/mihiaa-perruque-en-tresses-mini-boho-style-1b-marron-boheme-chic\/#breadcrumb","itemListElement":[{"@type":"ListItem","position":1,"name":"Accueil","item":"https:\/\/mihiahair.store\/"},{"@type":"ListItem","position":2,"name":"Shop","item":"https:\/\/mihiahair.store\/shop\/"},{"@type":"ListItem","position":3,"name":"MIHIAA \u2013 PERRUQUE EN TRESSES MINI BOHO STYLE 1B| MARRON &amp; BOH\u00c8ME CHIC"}]},{"@type":"WebSite","@id":"https:\/\/mihiahair.store\/#website","url":"https:\/\/mihiahair.store\/","name":"mihiahair.store","description":"","potentialAction":[{"@type":"SearchAction","target":{"@type":"EntryPoint","urlTemplate":"https:\/\/mihiahair.store\/?s={search_term_string}"},"query-input":{"@type":"PropertyValueSpecification","valueRequired":true,"valueName":"search_term_string"}}],"inLanguage":"en-US"}]}},"_links":{"self":[{"href":"https:\/\/mihiahair.store\/en\/wp-json\/wp\/v2\/product\/3886"}],"collection":[{"href":"https:\/\/mihiahair.store\/en\/wp-json\/wp\/v2\/product"}],"about":[{"href":"https:\/\/mihiahair.store\/en\/wp-json\/wp\/v2\/types\/product"}],"replies":[{"embeddable":true,"href":"https:\/\/mihiahair.store\/en\/wp-json\/wp\/v2\/comments?post=3886"}],"wp:featuredmedia":[{"embeddable":true,"href":"https:\/\/mihiahair.store\/en\/wp-json\/wp\/v2\/media\/3892"}],"wp:attachment":[{"href":"https:\/\/mihiahair.store\/en\/wp-json\/wp\/v2\/media?parent=3886"}],"wp:term":[{"taxonomy":"product_cat","embeddable":true,"href":"https:\/\/mihiahair.store\/en\/wp-json\/wp\/v2\/product_cat?post=3886"},{"taxonomy":"product_tag","embeddable":true,"href":"https:\/\/mihiahair.store\/en\/wp-json\/wp\/v2\/product_tag?post=3886"}],"curies":[{"name":"wp","href":"https:\/\/api.w.org\/{rel}","templated":true}]}}