{"id":3901,"date":"2026-04-18T04:12:29","date_gmt":"2026-04-18T02:12:29","guid":{"rendered":"https:\/\/mihiahair.store\/?post_type=product&#038;p=3901"},"modified":"2026-04-18T04:12:29","modified_gmt":"2026-04-18T02:12:29","slug":"ciara-perruque-tressee-mini-boho-bordeaux","status":"publish","type":"product","link":"https:\/\/mihiahair.store\/en\/product\/ciara-perruque-tressee-mini-boho-bordeaux\/","title":{"rendered":"CIARA &#8211; PERRUQUE TRESS\u00c9E MINI BOHO BORDEAUX"},"content":{"rendered":"<p>CIARA \u2013 Perruque en tresses Mini Boho rouge bordeaux avec lace 13&#215;4, con\u00e7ue pour offrir un look naturel, chic et tendance. Sa fibre de qualit\u00e9 et ses tresses l\u00e9g\u00e8res assurent un confort optimal tout en donnant du volume et du style. Parfaite pour un look audacieux au quotidien ou pour des occasions sp\u00e9ciales.<\/p>\n<section class=\"text-token-text-primary w-full focus:outline-none [--shadow-height:45px] has-data-writing-block:pointer-events-none has-data-writing-block:-mt-(--shadow-height) has-data-writing-block:pt-(--shadow-height) [&amp;:has([data-writing-block])&gt;*]:pointer-events-auto scroll-mt-[calc(var(--header-height)+min(200px,max(70px,20svh)))]\" dir=\"auto\" data-turn-id=\"request-WEB:52868b92-75c8-4b15-bf70-33ec92af0c8b-5\" data-testid=\"conversation-turn-12\" data-scroll-anchor=\"true\" data-turn=\"assistant\">\n<div class=\"text-base my-auto mx-auto pb-10 [--thread-content-margin:var(--thread-content-margin-xs,calc(var(--spacing)*4))] @w-sm\/main:[--thread-content-margin:var(--thread-content-margin-sm,calc(var(--spacing)*6))] @w-lg\/main:[--thread-content-margin:var(--thread-content-margin-lg,calc(var(--spacing)*16))] px-(--thread-content-margin)\">\n<div class=\"[--thread-content-max-width:40rem] @w-lg\/main:[--thread-content-max-width:48rem] mx-auto max-w-(--thread-content-max-width) flex-1 group\/turn-messages focus-visible:outline-hidden relative flex w-full min-w-0 flex-col agent-turn\">\n<div class=\"flex max-w-full flex-col gap-4 grow\">\n<div class=\"min-h-8 text-message relative flex w-full flex-col items-end gap-2 text-start break-words whitespace-normal outline-none keyboard-focused:focus-ring [.text-message+&amp;]:mt-1\" dir=\"auto\" data-message-author-role=\"assistant\" data-message-id=\"c711aa32-8543-4775-84d4-bb93033a1828\" data-message-model-slug=\"gpt-5-3-mini\" data-turn-start-message=\"true\">\n<div class=\"flex w-full flex-col gap-1 empty:hidden\">\n<div class=\"markdown prose dark:prose-invert w-full wrap-break-word light markdown-new-styling\">\n<ul data-start=\"0\" data-end=\"447\" data-is-last-node=\"\" data-is-only-node=\"\">\n<li data-start=\"0\" data-end=\"84\">Look tendance et audacieux avec la couleur rouge bordeaux qui attire l\u2019attention<\/li>\n<li data-start=\"85\" data-end=\"145\">Style Mini Boho moderne, tr\u00e8s demand\u00e9 et facile \u00e0 porter<\/li>\n<li data-start=\"146\" data-end=\"205\">Lace 13&#215;4 pour une ligne frontale naturelle et r\u00e9aliste<\/li>\n<li data-start=\"206\" data-end=\"264\">Confortable et l\u00e9g\u00e8re pour un port quotidien sans g\u00eane<\/li>\n<li data-start=\"265\" data-end=\"323\">Finition soign\u00e9e pour un rendu propre et professionnel<\/li>\n<li data-start=\"324\" data-end=\"383\">Id\u00e9ale pour se d\u00e9marquer et changer de style facilement<\/li>\n<li data-start=\"384\" data-end=\"447\" data-is-last-node=\"\">Parfaite pour les occasions sp\u00e9ciales comme pour le quotidien<\/li>\n<\/ul>\n<\/div>\n<\/div>\n<\/div>\n<\/div>\n<\/div>\n<\/div>\n<\/section>\n","protected":false},"excerpt":{"rendered":"<p>Mini boho lace 13*4<\/p>","protected":false},"featured_media":3907,"comment_status":"open","ping_status":"closed","template":"","meta":[],"product_cat":[98],"product_tag":[],"yoast_head":"<!-- This site is optimized with the Yoast SEO plugin v24.5 - https:\/\/yoast.com\/wordpress\/plugins\/seo\/ -->\n<title>CIARA - PERRUQUE TRESS\u00c9E MINI BOHO BORDEAUX - mihiahair.store<\/title>\n<meta name=\"robots\" content=\"index, follow, max-snippet:-1, max-image-preview:large, max-video-preview:-1\" \/>\n<link rel=\"canonical\" href=\"https:\/\/mihiahair.store\/en\/product\/ciara-perruque-tressee-mini-boho-bordeaux\/\" \/>\n<meta property=\"og:locale\" content=\"en_US\" \/>\n<meta property=\"og:type\" content=\"article\" \/>\n<meta property=\"og:title\" content=\"CIARA - PERRUQUE TRESS\u00c9E MINI BOHO BORDEAUX - mihiahair.store\" \/>\n<meta property=\"og:description\" content=\"Mini boho lace 13*4\" \/>\n<meta property=\"og:url\" content=\"https:\/\/mihiahair.store\/en\/product\/ciara-perruque-tressee-mini-boho-bordeaux\/\" \/>\n<meta property=\"og:site_name\" content=\"mihiahair.store\" \/>\n<meta property=\"og:image\" content=\"https:\/\/mihiahair.store\/wp-content\/uploads\/2026\/04\/IMG_6297-scaled.jpeg\" \/>\n\t<meta property=\"og:image:width\" content=\"1995\" \/>\n\t<meta property=\"og:image:height\" content=\"2560\" \/>\n\t<meta property=\"og:image:type\" content=\"image\/jpeg\" \/>\n<meta name=\"twitter:card\" content=\"summary_large_image\" \/>\n<meta name=\"twitter:label1\" content=\"Est. reading time\" \/>\n\t<meta name=\"twitter:data1\" content=\"1 minute\" \/>\n<script type=\"application\/ld+json\" class=\"yoast-schema-graph\">{\"@context\":\"https:\/\/schema.org\",\"@graph\":[{\"@type\":\"WebPage\",\"@id\":\"https:\/\/mihiahair.store\/product\/ciara-perruque-tressee-mini-boho-bordeaux\/\",\"url\":\"https:\/\/mihiahair.store\/product\/ciara-perruque-tressee-mini-boho-bordeaux\/\",\"name\":\"CIARA - PERRUQUE TRESS\u00c9E MINI BOHO BORDEAUX - mihiahair.store\",\"isPartOf\":{\"@id\":\"https:\/\/mihiahair.store\/#website\"},\"primaryImageOfPage\":{\"@id\":\"https:\/\/mihiahair.store\/product\/ciara-perruque-tressee-mini-boho-bordeaux\/#primaryimage\"},\"image\":{\"@id\":\"https:\/\/mihiahair.store\/product\/ciara-perruque-tressee-mini-boho-bordeaux\/#primaryimage\"},\"thumbnailUrl\":\"https:\/\/mihiahair.store\/wp-content\/uploads\/2026\/04\/IMG_6297-scaled.jpeg\",\"datePublished\":\"2026-04-18T02:12:29+00:00\",\"breadcrumb\":{\"@id\":\"https:\/\/mihiahair.store\/product\/ciara-perruque-tressee-mini-boho-bordeaux\/#breadcrumb\"},\"inLanguage\":\"en-US\",\"potentialAction\":[{\"@type\":\"ReadAction\",\"target\":[\"https:\/\/mihiahair.store\/product\/ciara-perruque-tressee-mini-boho-bordeaux\/\"]}]},{\"@type\":\"ImageObject\",\"inLanguage\":\"en-US\",\"@id\":\"https:\/\/mihiahair.store\/product\/ciara-perruque-tressee-mini-boho-bordeaux\/#primaryimage\",\"url\":\"https:\/\/mihiahair.store\/wp-content\/uploads\/2026\/04\/IMG_6297-scaled.jpeg\",\"contentUrl\":\"https:\/\/mihiahair.store\/wp-content\/uploads\/2026\/04\/IMG_6297-scaled.jpeg\",\"width\":1995,\"height\":2560},{\"@type\":\"BreadcrumbList\",\"@id\":\"https:\/\/mihiahair.store\/product\/ciara-perruque-tressee-mini-boho-bordeaux\/#breadcrumb\",\"itemListElement\":[{\"@type\":\"ListItem\",\"position\":1,\"name\":\"Accueil\",\"item\":\"https:\/\/mihiahair.store\/\"},{\"@type\":\"ListItem\",\"position\":2,\"name\":\"Shop\",\"item\":\"https:\/\/mihiahair.store\/shop\/\"},{\"@type\":\"ListItem\",\"position\":3,\"name\":\"CIARA &#8211; PERRUQUE TRESS\u00c9E MINI BOHO BORDEAUX\"}]},{\"@type\":\"WebSite\",\"@id\":\"https:\/\/mihiahair.store\/#website\",\"url\":\"https:\/\/mihiahair.store\/\",\"name\":\"mihiahair.store\",\"description\":\"\",\"potentialAction\":[{\"@type\":\"SearchAction\",\"target\":{\"@type\":\"EntryPoint\",\"urlTemplate\":\"https:\/\/mihiahair.store\/?s={search_term_string}\"},\"query-input\":{\"@type\":\"PropertyValueSpecification\",\"valueRequired\":true,\"valueName\":\"search_term_string\"}}],\"inLanguage\":\"en-US\"}]}<\/script>\n<!-- \/ Yoast SEO plugin. -->","yoast_head_json":{"title":"CIARA - PERRUQUE TRESS\u00c9E MINI BOHO BORDEAUX - mihiahair.store","robots":{"index":"index","follow":"follow","max-snippet":"max-snippet:-1","max-image-preview":"max-image-preview:large","max-video-preview":"max-video-preview:-1"},"canonical":"https:\/\/mihiahair.store\/en\/product\/ciara-perruque-tressee-mini-boho-bordeaux\/","og_locale":"en_US","og_type":"article","og_title":"CIARA - PERRUQUE TRESS\u00c9E MINI BOHO BORDEAUX - mihiahair.store","og_description":"Mini boho lace 13*4","og_url":"https:\/\/mihiahair.store\/en\/product\/ciara-perruque-tressee-mini-boho-bordeaux\/","og_site_name":"mihiahair.store","og_image":[{"width":1995,"height":2560,"url":"https:\/\/mihiahair.store\/wp-content\/uploads\/2026\/04\/IMG_6297-scaled.jpeg","type":"image\/jpeg"}],"twitter_card":"summary_large_image","twitter_misc":{"Est. reading time":"1 minute"},"schema":{"@context":"https:\/\/schema.org","@graph":[{"@type":"WebPage","@id":"https:\/\/mihiahair.store\/product\/ciara-perruque-tressee-mini-boho-bordeaux\/","url":"https:\/\/mihiahair.store\/product\/ciara-perruque-tressee-mini-boho-bordeaux\/","name":"CIARA - PERRUQUE TRESS\u00c9E MINI BOHO BORDEAUX - mihiahair.store","isPartOf":{"@id":"https:\/\/mihiahair.store\/#website"},"primaryImageOfPage":{"@id":"https:\/\/mihiahair.store\/product\/ciara-perruque-tressee-mini-boho-bordeaux\/#primaryimage"},"image":{"@id":"https:\/\/mihiahair.store\/product\/ciara-perruque-tressee-mini-boho-bordeaux\/#primaryimage"},"thumbnailUrl":"https:\/\/mihiahair.store\/wp-content\/uploads\/2026\/04\/IMG_6297-scaled.jpeg","datePublished":"2026-04-18T02:12:29+00:00","breadcrumb":{"@id":"https:\/\/mihiahair.store\/product\/ciara-perruque-tressee-mini-boho-bordeaux\/#breadcrumb"},"inLanguage":"en-US","potentialAction":[{"@type":"ReadAction","target":["https:\/\/mihiahair.store\/product\/ciara-perruque-tressee-mini-boho-bordeaux\/"]}]},{"@type":"ImageObject","inLanguage":"en-US","@id":"https:\/\/mihiahair.store\/product\/ciara-perruque-tressee-mini-boho-bordeaux\/#primaryimage","url":"https:\/\/mihiahair.store\/wp-content\/uploads\/2026\/04\/IMG_6297-scaled.jpeg","contentUrl":"https:\/\/mihiahair.store\/wp-content\/uploads\/2026\/04\/IMG_6297-scaled.jpeg","width":1995,"height":2560},{"@type":"BreadcrumbList","@id":"https:\/\/mihiahair.store\/product\/ciara-perruque-tressee-mini-boho-bordeaux\/#breadcrumb","itemListElement":[{"@type":"ListItem","position":1,"name":"Accueil","item":"https:\/\/mihiahair.store\/"},{"@type":"ListItem","position":2,"name":"Shop","item":"https:\/\/mihiahair.store\/shop\/"},{"@type":"ListItem","position":3,"name":"CIARA &#8211; PERRUQUE TRESS\u00c9E MINI BOHO BORDEAUX"}]},{"@type":"WebSite","@id":"https:\/\/mihiahair.store\/#website","url":"https:\/\/mihiahair.store\/","name":"mihiahair.store","description":"","potentialAction":[{"@type":"SearchAction","target":{"@type":"EntryPoint","urlTemplate":"https:\/\/mihiahair.store\/?s={search_term_string}"},"query-input":{"@type":"PropertyValueSpecification","valueRequired":true,"valueName":"search_term_string"}}],"inLanguage":"en-US"}]}},"_links":{"self":[{"href":"https:\/\/mihiahair.store\/en\/wp-json\/wp\/v2\/product\/3901"}],"collection":[{"href":"https:\/\/mihiahair.store\/en\/wp-json\/wp\/v2\/product"}],"about":[{"href":"https:\/\/mihiahair.store\/en\/wp-json\/wp\/v2\/types\/product"}],"replies":[{"embeddable":true,"href":"https:\/\/mihiahair.store\/en\/wp-json\/wp\/v2\/comments?post=3901"}],"wp:featuredmedia":[{"embeddable":true,"href":"https:\/\/mihiahair.store\/en\/wp-json\/wp\/v2\/media\/3907"}],"wp:attachment":[{"href":"https:\/\/mihiahair.store\/en\/wp-json\/wp\/v2\/media?parent=3901"}],"wp:term":[{"taxonomy":"product_cat","embeddable":true,"href":"https:\/\/mihiahair.store\/en\/wp-json\/wp\/v2\/product_cat?post=3901"},{"taxonomy":"product_tag","embeddable":true,"href":"https:\/\/mihiahair.store\/en\/wp-json\/wp\/v2\/product_tag?post=3901"}],"curies":[{"name":"wp","href":"https:\/\/api.w.org\/{rel}","templated":true}]}}