{"id":3915,"date":"2026-04-18T04:38:54","date_gmt":"2026-04-18T02:38:54","guid":{"rendered":"https:\/\/mihiahair.store\/?post_type=product&#038;p=3915"},"modified":"2026-04-18T13:05:21","modified_gmt":"2026-04-18T11:05:21","slug":"gloria-perruque-twist-full-lace-marron-or","status":"publish","type":"product","link":"https:\/\/mihiahair.store\/en\/product\/gloria-perruque-twist-full-lace-marron-or\/","title":{"rendered":"GLORIA &#8211; PERRUQUE TWIST FULL LACE MARRON | OR"},"content":{"rendered":"<p data-start=\"0\" data-end=\"221\">GLOIRE est une perruque Twist full lace aux nuances marron et or, parfaite pour un look lumineux et sophistiqu\u00e9. Son m\u00e9lange de couleurs apporte de la profondeur et met en valeur le visage avec un effet chic et tendance.<\/p>\n<p data-start=\"223\" data-end=\"461\">Gr\u00e2ce \u00e0 sa conception full lace, elle offre une libert\u00e9 de coiffage totale avec une finition ultra naturelle. Les twists sont finement r\u00e9alis\u00e9s pour un rendu propre, l\u00e9ger et \u00e9l\u00e9gant, id\u00e9al au quotidien comme pour les occasions sp\u00e9ciales.<\/p>\n<p data-start=\"463\" data-end=\"609\" data-is-last-node=\"\" data-is-only-node=\"\">Confortable et facile \u00e0 porter, c\u2019est la coiffure protectrice parfaite pour sublimer ton style sans effort, tout en restant classe et moderne.<\/p>","protected":false},"excerpt":{"rendered":"<p data-start=\"307\" data-end=\"436\">Perruque tress\u00e9e full lace pr\u00eate \u00e0 porter, avec un rendu naturel et une pose facile. Id\u00e9ale pour un style impeccable sans effort.<\/p>","protected":false},"featured_media":3920,"comment_status":"open","ping_status":"closed","template":"","meta":[],"product_cat":[98],"product_tag":[119],"yoast_head":"<!-- This site is optimized with the Yoast SEO plugin v24.5 - https:\/\/yoast.com\/wordpress\/plugins\/seo\/ -->\n<title>GLORIA - PERRUQUE TWIST FULL LACE MARRON | OR - mihiahair.store<\/title>\n<meta name=\"robots\" content=\"index, follow, max-snippet:-1, max-image-preview:large, max-video-preview:-1\" \/>\n<link rel=\"canonical\" href=\"https:\/\/mihiahair.store\/en\/product\/gloria-perruque-twist-full-lace-marron-or\/\" \/>\n<meta property=\"og:locale\" content=\"en_US\" \/>\n<meta property=\"og:type\" content=\"article\" \/>\n<meta property=\"og:title\" content=\"GLORIA - PERRUQUE TWIST FULL LACE MARRON | OR - mihiahair.store\" \/>\n<meta property=\"og:description\" content=\"Perruque tress\u00e9e full lace pr\u00eate \u00e0 porter, avec un rendu naturel et une pose facile. Id\u00e9ale pour un style impeccable sans effort.\" \/>\n<meta property=\"og:url\" content=\"https:\/\/mihiahair.store\/en\/product\/gloria-perruque-twist-full-lace-marron-or\/\" \/>\n<meta property=\"og:site_name\" content=\"mihiahair.store\" \/>\n<meta property=\"article:modified_time\" content=\"2026-04-18T11:05:21+00:00\" \/>\n<meta property=\"og:image\" content=\"https:\/\/mihiahair.store\/wp-content\/uploads\/2026\/04\/IMG_6351-scaled.jpeg\" \/>\n\t<meta property=\"og:image:width\" content=\"1955\" \/>\n\t<meta property=\"og:image:height\" content=\"2560\" \/>\n\t<meta property=\"og:image:type\" content=\"image\/jpeg\" \/>\n<meta name=\"twitter:card\" content=\"summary_large_image\" \/>\n<meta name=\"twitter:label1\" content=\"Est. reading time\" \/>\n\t<meta name=\"twitter:data1\" content=\"1 minute\" \/>\n<script type=\"application\/ld+json\" class=\"yoast-schema-graph\">{\"@context\":\"https:\/\/schema.org\",\"@graph\":[{\"@type\":\"WebPage\",\"@id\":\"https:\/\/mihiahair.store\/product\/gloria-perruque-twist-full-lace-marron-or\/\",\"url\":\"https:\/\/mihiahair.store\/product\/gloria-perruque-twist-full-lace-marron-or\/\",\"name\":\"GLORIA - PERRUQUE TWIST FULL LACE MARRON | OR - mihiahair.store\",\"isPartOf\":{\"@id\":\"https:\/\/mihiahair.store\/#website\"},\"primaryImageOfPage\":{\"@id\":\"https:\/\/mihiahair.store\/product\/gloria-perruque-twist-full-lace-marron-or\/#primaryimage\"},\"image\":{\"@id\":\"https:\/\/mihiahair.store\/product\/gloria-perruque-twist-full-lace-marron-or\/#primaryimage\"},\"thumbnailUrl\":\"https:\/\/mihiahair.store\/wp-content\/uploads\/2026\/04\/IMG_6351-scaled.jpeg\",\"datePublished\":\"2026-04-18T02:38:54+00:00\",\"dateModified\":\"2026-04-18T11:05:21+00:00\",\"breadcrumb\":{\"@id\":\"https:\/\/mihiahair.store\/product\/gloria-perruque-twist-full-lace-marron-or\/#breadcrumb\"},\"inLanguage\":\"en-US\",\"potentialAction\":[{\"@type\":\"ReadAction\",\"target\":[\"https:\/\/mihiahair.store\/product\/gloria-perruque-twist-full-lace-marron-or\/\"]}]},{\"@type\":\"ImageObject\",\"inLanguage\":\"en-US\",\"@id\":\"https:\/\/mihiahair.store\/product\/gloria-perruque-twist-full-lace-marron-or\/#primaryimage\",\"url\":\"https:\/\/mihiahair.store\/wp-content\/uploads\/2026\/04\/IMG_6351-scaled.jpeg\",\"contentUrl\":\"https:\/\/mihiahair.store\/wp-content\/uploads\/2026\/04\/IMG_6351-scaled.jpeg\",\"width\":1955,\"height\":2560},{\"@type\":\"BreadcrumbList\",\"@id\":\"https:\/\/mihiahair.store\/product\/gloria-perruque-twist-full-lace-marron-or\/#breadcrumb\",\"itemListElement\":[{\"@type\":\"ListItem\",\"position\":1,\"name\":\"Accueil\",\"item\":\"https:\/\/mihiahair.store\/\"},{\"@type\":\"ListItem\",\"position\":2,\"name\":\"Shop\",\"item\":\"https:\/\/mihiahair.store\/shop\/\"},{\"@type\":\"ListItem\",\"position\":3,\"name\":\"GLORIA &#8211; PERRUQUE TWIST FULL LACE MARRON | OR\"}]},{\"@type\":\"WebSite\",\"@id\":\"https:\/\/mihiahair.store\/#website\",\"url\":\"https:\/\/mihiahair.store\/\",\"name\":\"mihiahair.store\",\"description\":\"\",\"potentialAction\":[{\"@type\":\"SearchAction\",\"target\":{\"@type\":\"EntryPoint\",\"urlTemplate\":\"https:\/\/mihiahair.store\/?s={search_term_string}\"},\"query-input\":{\"@type\":\"PropertyValueSpecification\",\"valueRequired\":true,\"valueName\":\"search_term_string\"}}],\"inLanguage\":\"en-US\"}]}<\/script>\n<!-- \/ Yoast SEO plugin. -->","yoast_head_json":{"title":"GLORIA - PERRUQUE TWIST FULL LACE MARRON | OR - mihiahair.store","robots":{"index":"index","follow":"follow","max-snippet":"max-snippet:-1","max-image-preview":"max-image-preview:large","max-video-preview":"max-video-preview:-1"},"canonical":"https:\/\/mihiahair.store\/en\/product\/gloria-perruque-twist-full-lace-marron-or\/","og_locale":"en_US","og_type":"article","og_title":"GLORIA - PERRUQUE TWIST FULL LACE MARRON | OR - mihiahair.store","og_description":"Perruque tress\u00e9e full lace pr\u00eate \u00e0 porter, avec un rendu naturel et une pose facile. Id\u00e9ale pour un style impeccable sans effort.","og_url":"https:\/\/mihiahair.store\/en\/product\/gloria-perruque-twist-full-lace-marron-or\/","og_site_name":"mihiahair.store","article_modified_time":"2026-04-18T11:05:21+00:00","og_image":[{"width":1955,"height":2560,"url":"https:\/\/mihiahair.store\/wp-content\/uploads\/2026\/04\/IMG_6351-scaled.jpeg","type":"image\/jpeg"}],"twitter_card":"summary_large_image","twitter_misc":{"Est. reading time":"1 minute"},"schema":{"@context":"https:\/\/schema.org","@graph":[{"@type":"WebPage","@id":"https:\/\/mihiahair.store\/product\/gloria-perruque-twist-full-lace-marron-or\/","url":"https:\/\/mihiahair.store\/product\/gloria-perruque-twist-full-lace-marron-or\/","name":"GLORIA - PERRUQUE TWIST FULL LACE MARRON | OR - mihiahair.store","isPartOf":{"@id":"https:\/\/mihiahair.store\/#website"},"primaryImageOfPage":{"@id":"https:\/\/mihiahair.store\/product\/gloria-perruque-twist-full-lace-marron-or\/#primaryimage"},"image":{"@id":"https:\/\/mihiahair.store\/product\/gloria-perruque-twist-full-lace-marron-or\/#primaryimage"},"thumbnailUrl":"https:\/\/mihiahair.store\/wp-content\/uploads\/2026\/04\/IMG_6351-scaled.jpeg","datePublished":"2026-04-18T02:38:54+00:00","dateModified":"2026-04-18T11:05:21+00:00","breadcrumb":{"@id":"https:\/\/mihiahair.store\/product\/gloria-perruque-twist-full-lace-marron-or\/#breadcrumb"},"inLanguage":"en-US","potentialAction":[{"@type":"ReadAction","target":["https:\/\/mihiahair.store\/product\/gloria-perruque-twist-full-lace-marron-or\/"]}]},{"@type":"ImageObject","inLanguage":"en-US","@id":"https:\/\/mihiahair.store\/product\/gloria-perruque-twist-full-lace-marron-or\/#primaryimage","url":"https:\/\/mihiahair.store\/wp-content\/uploads\/2026\/04\/IMG_6351-scaled.jpeg","contentUrl":"https:\/\/mihiahair.store\/wp-content\/uploads\/2026\/04\/IMG_6351-scaled.jpeg","width":1955,"height":2560},{"@type":"BreadcrumbList","@id":"https:\/\/mihiahair.store\/product\/gloria-perruque-twist-full-lace-marron-or\/#breadcrumb","itemListElement":[{"@type":"ListItem","position":1,"name":"Accueil","item":"https:\/\/mihiahair.store\/"},{"@type":"ListItem","position":2,"name":"Shop","item":"https:\/\/mihiahair.store\/shop\/"},{"@type":"ListItem","position":3,"name":"GLORIA &#8211; PERRUQUE TWIST FULL LACE MARRON | OR"}]},{"@type":"WebSite","@id":"https:\/\/mihiahair.store\/#website","url":"https:\/\/mihiahair.store\/","name":"mihiahair.store","description":"","potentialAction":[{"@type":"SearchAction","target":{"@type":"EntryPoint","urlTemplate":"https:\/\/mihiahair.store\/?s={search_term_string}"},"query-input":{"@type":"PropertyValueSpecification","valueRequired":true,"valueName":"search_term_string"}}],"inLanguage":"en-US"}]}},"_links":{"self":[{"href":"https:\/\/mihiahair.store\/en\/wp-json\/wp\/v2\/product\/3915"}],"collection":[{"href":"https:\/\/mihiahair.store\/en\/wp-json\/wp\/v2\/product"}],"about":[{"href":"https:\/\/mihiahair.store\/en\/wp-json\/wp\/v2\/types\/product"}],"replies":[{"embeddable":true,"href":"https:\/\/mihiahair.store\/en\/wp-json\/wp\/v2\/comments?post=3915"}],"wp:featuredmedia":[{"embeddable":true,"href":"https:\/\/mihiahair.store\/en\/wp-json\/wp\/v2\/media\/3920"}],"wp:attachment":[{"href":"https:\/\/mihiahair.store\/en\/wp-json\/wp\/v2\/media?parent=3915"}],"wp:term":[{"taxonomy":"product_cat","embeddable":true,"href":"https:\/\/mihiahair.store\/en\/wp-json\/wp\/v2\/product_cat?post=3915"},{"taxonomy":"product_tag","embeddable":true,"href":"https:\/\/mihiahair.store\/en\/wp-json\/wp\/v2\/product_tag?post=3915"}],"curies":[{"name":"wp","href":"https:\/\/api.w.org\/{rel}","templated":true}]}}