{"id":3935,"date":"2026-04-18T13:31:27","date_gmt":"2026-04-18T11:31:27","guid":{"rendered":"https:\/\/mihiahair.store\/?post_type=product&#038;p=3935"},"modified":"2026-04-18T13:31:27","modified_gmt":"2026-04-18T11:31:27","slug":"debby-perruque-en-tresse-full-lace-avec-des-boucles-100-humains","status":"publish","type":"product","link":"https:\/\/mihiahair.store\/en\/product\/debby-perruque-en-tresse-full-lace-avec-des-boucles-100-humains\/","title":{"rendered":"DEBBY &#8211; PERRUQUE EN TRESSE FULL LACE AVEC DES BOUCLES 100% HUMAINS"},"content":{"rendered":"<p data-start=\"39\" data-end=\"289\">D\u00e9couvre <strong data-start=\"48\" data-end=\"57\">DEBBY<\/strong>, la perruque parfaite pour un look chic, naturel et sans effort. Con\u00e7ue en <strong data-start=\"133\" data-end=\"155\">\ud83d\udcaf cheveux humains<\/strong>, cette perruque en <strong data-start=\"175\" data-end=\"219\">tresses mini knotless full lace boucl\u00e9es<\/strong> offre une finition ultra r\u00e9aliste avec un rendu l\u00e9ger et confortable.<\/p>\n<p data-start=\"291\" data-end=\"555\">Sa <strong data-start=\"294\" data-end=\"315\">couleur naturelle<\/strong> s\u2019adapte facilement \u00e0 tous les styles et toutes les carnations, pour un effet discret mais \u00e9l\u00e9gant. Gr\u00e2ce \u00e0 sa structure <strong data-start=\"437\" data-end=\"450\">full lace<\/strong>, tu peux changer de coiffure selon tes envies : raie au milieu, sur le c\u00f4t\u00e9, chignon ou queue de cheval.<\/p>\n<p data-start=\"557\" data-end=\"583\">\u2728 <strong data-start=\"559\" data-end=\"581\">Caract\u00e9ristiques :<\/strong><\/p>\n<ul data-start=\"584\" data-end=\"838\">\n<li data-start=\"584\" data-end=\"625\">\ud83d\udcaf Cheveux humains de qualit\u00e9 premium<\/li>\n<li data-start=\"626\" data-end=\"686\">Tresses mini knotless pour un effet cuir chevelu naturel<\/li>\n<li data-start=\"687\" data-end=\"725\">Texture boucl\u00e9e souple et tendance<\/li>\n<li data-start=\"726\" data-end=\"769\">Full lace : coiffure libre et modulable<\/li>\n<li data-start=\"770\" data-end=\"807\">Couleur naturelle facile \u00e0 porter<\/li>\n<li data-start=\"808\" data-end=\"838\">Confort l\u00e9ger et respirant<\/li>\n<\/ul>\n<p data-start=\"840\" data-end=\"875\">\ud83d\udc8e <strong data-start=\"843\" data-end=\"873\">Pourquoi tu vas l\u2019adorer :<\/strong><\/p>\n<ul data-start=\"876\" data-end=\"1040\">\n<li data-start=\"876\" data-end=\"907\">Look naturel et sophistiqu\u00e9<\/li>\n<li data-start=\"908\" data-end=\"963\">Id\u00e9ale pour le quotidien ou les occasions sp\u00e9ciales<\/li>\n<li data-start=\"964\" data-end=\"998\">Facile \u00e0 entretenir et durable<\/li>\n<li data-start=\"999\" data-end=\"1040\">Gain de temps avec un style d\u00e9j\u00e0 pr\u00eat<\/li>\n<\/ul>\n<p data-start=\"1042\" data-end=\"1140\" data-is-last-node=\"\" data-is-only-node=\"\">Avec <strong data-start=\"1047\" data-end=\"1059\">DEBBY \ud83d\udc51<\/strong>, profite d\u2019une beaut\u00e9 naturelle et d\u2019un style impeccable en toute simplicit\u00e9.<\/p>","protected":false},"excerpt":{"rendered":"<p>Perruque <strong data-start=\"44\" data-end=\"79\">mini knotless full lace boucl\u00e9e<\/strong> en \ud83d\udcaf cheveux humains, <strong data-start=\"103\" data-end=\"124\">couleur naturelle<\/strong> pour un rendu ultra r\u00e9aliste<\/p>","protected":false},"featured_media":3941,"comment_status":"open","ping_status":"closed","template":"","meta":[],"product_cat":[98],"product_tag":[],"yoast_head":"<!-- This site is optimized with the Yoast SEO plugin v24.5 - https:\/\/yoast.com\/wordpress\/plugins\/seo\/ -->\n<title>DEBBY - PERRUQUE EN TRESSE FULL LACE AVEC DES BOUCLES 100% HUMAINS - mihiahair.store<\/title>\n<meta name=\"robots\" content=\"index, follow, max-snippet:-1, max-image-preview:large, max-video-preview:-1\" \/>\n<link rel=\"canonical\" href=\"https:\/\/mihiahair.store\/en\/product\/debby-perruque-en-tresse-full-lace-avec-des-boucles-100-humains\/\" \/>\n<meta property=\"og:locale\" content=\"en_US\" \/>\n<meta property=\"og:type\" content=\"article\" \/>\n<meta property=\"og:title\" content=\"DEBBY - PERRUQUE EN TRESSE FULL LACE AVEC DES BOUCLES 100% HUMAINS - mihiahair.store\" \/>\n<meta property=\"og:description\" content=\"Perruque mini knotless full lace boucl\u00e9e en \ud83d\udcaf cheveux humains, couleur naturelle pour un rendu ultra r\u00e9aliste\" \/>\n<meta property=\"og:url\" content=\"https:\/\/mihiahair.store\/en\/product\/debby-perruque-en-tresse-full-lace-avec-des-boucles-100-humains\/\" \/>\n<meta property=\"og:site_name\" content=\"mihiahair.store\" \/>\n<meta property=\"og:image\" content=\"https:\/\/mihiahair.store\/wp-content\/uploads\/2026\/04\/IMG_6457-scaled.jpeg\" \/>\n\t<meta property=\"og:image:width\" content=\"1951\" \/>\n\t<meta property=\"og:image:height\" content=\"2560\" \/>\n\t<meta property=\"og:image:type\" content=\"image\/jpeg\" \/>\n<meta name=\"twitter:card\" content=\"summary_large_image\" \/>\n<meta name=\"twitter:label1\" content=\"Est. reading time\" \/>\n\t<meta name=\"twitter:data1\" content=\"2 minutes\" \/>\n<script type=\"application\/ld+json\" class=\"yoast-schema-graph\">{\"@context\":\"https:\/\/schema.org\",\"@graph\":[{\"@type\":\"WebPage\",\"@id\":\"https:\/\/mihiahair.store\/product\/debby-perruque-en-tresse-full-lace-avec-des-boucles-100-humains\/\",\"url\":\"https:\/\/mihiahair.store\/product\/debby-perruque-en-tresse-full-lace-avec-des-boucles-100-humains\/\",\"name\":\"DEBBY - PERRUQUE EN TRESSE FULL LACE AVEC DES BOUCLES 100% HUMAINS - mihiahair.store\",\"isPartOf\":{\"@id\":\"https:\/\/mihiahair.store\/#website\"},\"primaryImageOfPage\":{\"@id\":\"https:\/\/mihiahair.store\/product\/debby-perruque-en-tresse-full-lace-avec-des-boucles-100-humains\/#primaryimage\"},\"image\":{\"@id\":\"https:\/\/mihiahair.store\/product\/debby-perruque-en-tresse-full-lace-avec-des-boucles-100-humains\/#primaryimage\"},\"thumbnailUrl\":\"https:\/\/mihiahair.store\/wp-content\/uploads\/2026\/04\/IMG_6457-scaled.jpeg\",\"datePublished\":\"2026-04-18T11:31:27+00:00\",\"breadcrumb\":{\"@id\":\"https:\/\/mihiahair.store\/product\/debby-perruque-en-tresse-full-lace-avec-des-boucles-100-humains\/#breadcrumb\"},\"inLanguage\":\"en-US\",\"potentialAction\":[{\"@type\":\"ReadAction\",\"target\":[\"https:\/\/mihiahair.store\/product\/debby-perruque-en-tresse-full-lace-avec-des-boucles-100-humains\/\"]}]},{\"@type\":\"ImageObject\",\"inLanguage\":\"en-US\",\"@id\":\"https:\/\/mihiahair.store\/product\/debby-perruque-en-tresse-full-lace-avec-des-boucles-100-humains\/#primaryimage\",\"url\":\"https:\/\/mihiahair.store\/wp-content\/uploads\/2026\/04\/IMG_6457-scaled.jpeg\",\"contentUrl\":\"https:\/\/mihiahair.store\/wp-content\/uploads\/2026\/04\/IMG_6457-scaled.jpeg\",\"width\":1951,\"height\":2560},{\"@type\":\"BreadcrumbList\",\"@id\":\"https:\/\/mihiahair.store\/product\/debby-perruque-en-tresse-full-lace-avec-des-boucles-100-humains\/#breadcrumb\",\"itemListElement\":[{\"@type\":\"ListItem\",\"position\":1,\"name\":\"Accueil\",\"item\":\"https:\/\/mihiahair.store\/\"},{\"@type\":\"ListItem\",\"position\":2,\"name\":\"Shop\",\"item\":\"https:\/\/mihiahair.store\/shop\/\"},{\"@type\":\"ListItem\",\"position\":3,\"name\":\"DEBBY &#8211; PERRUQUE EN TRESSE FULL LACE AVEC DES BOUCLES 100% HUMAINS\"}]},{\"@type\":\"WebSite\",\"@id\":\"https:\/\/mihiahair.store\/#website\",\"url\":\"https:\/\/mihiahair.store\/\",\"name\":\"mihiahair.store\",\"description\":\"\",\"potentialAction\":[{\"@type\":\"SearchAction\",\"target\":{\"@type\":\"EntryPoint\",\"urlTemplate\":\"https:\/\/mihiahair.store\/?s={search_term_string}\"},\"query-input\":{\"@type\":\"PropertyValueSpecification\",\"valueRequired\":true,\"valueName\":\"search_term_string\"}}],\"inLanguage\":\"en-US\"}]}<\/script>\n<!-- \/ Yoast SEO plugin. -->","yoast_head_json":{"title":"DEBBY - PERRUQUE EN TRESSE FULL LACE AVEC DES BOUCLES 100% HUMAINS - mihiahair.store","robots":{"index":"index","follow":"follow","max-snippet":"max-snippet:-1","max-image-preview":"max-image-preview:large","max-video-preview":"max-video-preview:-1"},"canonical":"https:\/\/mihiahair.store\/en\/product\/debby-perruque-en-tresse-full-lace-avec-des-boucles-100-humains\/","og_locale":"en_US","og_type":"article","og_title":"DEBBY - PERRUQUE EN TRESSE FULL LACE AVEC DES BOUCLES 100% HUMAINS - mihiahair.store","og_description":"Perruque mini knotless full lace boucl\u00e9e en \ud83d\udcaf cheveux humains, couleur naturelle pour un rendu ultra r\u00e9aliste","og_url":"https:\/\/mihiahair.store\/en\/product\/debby-perruque-en-tresse-full-lace-avec-des-boucles-100-humains\/","og_site_name":"mihiahair.store","og_image":[{"width":1951,"height":2560,"url":"https:\/\/mihiahair.store\/wp-content\/uploads\/2026\/04\/IMG_6457-scaled.jpeg","type":"image\/jpeg"}],"twitter_card":"summary_large_image","twitter_misc":{"Est. reading time":"2 minutes"},"schema":{"@context":"https:\/\/schema.org","@graph":[{"@type":"WebPage","@id":"https:\/\/mihiahair.store\/product\/debby-perruque-en-tresse-full-lace-avec-des-boucles-100-humains\/","url":"https:\/\/mihiahair.store\/product\/debby-perruque-en-tresse-full-lace-avec-des-boucles-100-humains\/","name":"DEBBY - PERRUQUE EN TRESSE FULL LACE AVEC DES BOUCLES 100% HUMAINS - mihiahair.store","isPartOf":{"@id":"https:\/\/mihiahair.store\/#website"},"primaryImageOfPage":{"@id":"https:\/\/mihiahair.store\/product\/debby-perruque-en-tresse-full-lace-avec-des-boucles-100-humains\/#primaryimage"},"image":{"@id":"https:\/\/mihiahair.store\/product\/debby-perruque-en-tresse-full-lace-avec-des-boucles-100-humains\/#primaryimage"},"thumbnailUrl":"https:\/\/mihiahair.store\/wp-content\/uploads\/2026\/04\/IMG_6457-scaled.jpeg","datePublished":"2026-04-18T11:31:27+00:00","breadcrumb":{"@id":"https:\/\/mihiahair.store\/product\/debby-perruque-en-tresse-full-lace-avec-des-boucles-100-humains\/#breadcrumb"},"inLanguage":"en-US","potentialAction":[{"@type":"ReadAction","target":["https:\/\/mihiahair.store\/product\/debby-perruque-en-tresse-full-lace-avec-des-boucles-100-humains\/"]}]},{"@type":"ImageObject","inLanguage":"en-US","@id":"https:\/\/mihiahair.store\/product\/debby-perruque-en-tresse-full-lace-avec-des-boucles-100-humains\/#primaryimage","url":"https:\/\/mihiahair.store\/wp-content\/uploads\/2026\/04\/IMG_6457-scaled.jpeg","contentUrl":"https:\/\/mihiahair.store\/wp-content\/uploads\/2026\/04\/IMG_6457-scaled.jpeg","width":1951,"height":2560},{"@type":"BreadcrumbList","@id":"https:\/\/mihiahair.store\/product\/debby-perruque-en-tresse-full-lace-avec-des-boucles-100-humains\/#breadcrumb","itemListElement":[{"@type":"ListItem","position":1,"name":"Accueil","item":"https:\/\/mihiahair.store\/"},{"@type":"ListItem","position":2,"name":"Shop","item":"https:\/\/mihiahair.store\/shop\/"},{"@type":"ListItem","position":3,"name":"DEBBY &#8211; PERRUQUE EN TRESSE FULL LACE AVEC DES BOUCLES 100% HUMAINS"}]},{"@type":"WebSite","@id":"https:\/\/mihiahair.store\/#website","url":"https:\/\/mihiahair.store\/","name":"mihiahair.store","description":"","potentialAction":[{"@type":"SearchAction","target":{"@type":"EntryPoint","urlTemplate":"https:\/\/mihiahair.store\/?s={search_term_string}"},"query-input":{"@type":"PropertyValueSpecification","valueRequired":true,"valueName":"search_term_string"}}],"inLanguage":"en-US"}]}},"_links":{"self":[{"href":"https:\/\/mihiahair.store\/en\/wp-json\/wp\/v2\/product\/3935"}],"collection":[{"href":"https:\/\/mihiahair.store\/en\/wp-json\/wp\/v2\/product"}],"about":[{"href":"https:\/\/mihiahair.store\/en\/wp-json\/wp\/v2\/types\/product"}],"replies":[{"embeddable":true,"href":"https:\/\/mihiahair.store\/en\/wp-json\/wp\/v2\/comments?post=3935"}],"wp:featuredmedia":[{"embeddable":true,"href":"https:\/\/mihiahair.store\/en\/wp-json\/wp\/v2\/media\/3941"}],"wp:attachment":[{"href":"https:\/\/mihiahair.store\/en\/wp-json\/wp\/v2\/media?parent=3935"}],"wp:term":[{"taxonomy":"product_cat","embeddable":true,"href":"https:\/\/mihiahair.store\/en\/wp-json\/wp\/v2\/product_cat?post=3935"},{"taxonomy":"product_tag","embeddable":true,"href":"https:\/\/mihiahair.store\/en\/wp-json\/wp\/v2\/product_tag?post=3935"}],"curies":[{"name":"wp","href":"https:\/\/api.w.org\/{rel}","templated":true}]}}