{"id":3955,"date":"2026-04-18T14:03:59","date_gmt":"2026-04-18T12:03:59","guid":{"rendered":"https:\/\/mihiahair.store\/?post_type=product&#038;p=3955"},"modified":"2026-04-18T14:03:59","modified_gmt":"2026-04-18T12:03:59","slug":"olivia-perruque-en-tresse-french-curly-1b","status":"publish","type":"product","link":"https:\/\/mihiahair.store\/en\/product\/olivia-perruque-en-tresse-french-curly-1b\/","title":{"rendered":"OLIVIA \u2013 PERRUQUE EN TRESSE FRENCH CURLY- 1B"},"content":{"rendered":"<p data-start=\"40\" data-end=\"264\">D\u00e9couvre <strong data-start=\"49\" data-end=\"59\">OLIVIA<\/strong>, une perruque en <strong data-start=\"77\" data-end=\"101\">tresses French Curly<\/strong> pens\u00e9e pour offrir un look \u00e9l\u00e9gant, naturel et plein de volume. Ses boucles souples et d\u00e9finies apportent un style glamour qui reste facile \u00e0 porter au quotidien.<\/p>\n<p data-start=\"266\" data-end=\"510\">\u00c9quip\u00e9e d\u2019un <strong data-start=\"279\" data-end=\"294\">frontal 8&#215;8<\/strong>, elle garantit une ligne frontale r\u00e9aliste et une grande libert\u00e9 de coiffure avec une raie profonde. Sa <strong data-start=\"399\" data-end=\"413\">couleur 1B<\/strong> (noir naturel) donne un rendu classique, chic et intemporel qui s\u2019adapte \u00e0 toutes les occasions.<\/p>\n<p data-start=\"512\" data-end=\"538\">\u2728 <strong data-start=\"514\" data-end=\"536\">Caract\u00e9ristiques :<\/strong><\/p>\n<ul data-start=\"539\" data-end=\"757\">\n<li data-start=\"539\" data-end=\"589\">Tresses French Curly avec boucles volumineuses<\/li>\n<li data-start=\"590\" data-end=\"641\">Frontal 8&#215;8 pour un effet naturel et polyvalent<\/li>\n<li data-start=\"642\" data-end=\"678\">Couleur 1B naturelle et \u00e9l\u00e9gante<\/li>\n<li data-start=\"679\" data-end=\"718\">Texture douce avec mouvement fluide<\/li>\n<li data-start=\"719\" data-end=\"757\">Confort l\u00e9ger et agr\u00e9able \u00e0 porter<\/li>\n<\/ul>\n<p data-start=\"759\" data-end=\"794\">\ud83d\udc8e <strong data-start=\"762\" data-end=\"792\">Pourquoi tu vas l\u2019adorer :<\/strong><\/p>\n<ul data-start=\"795\" data-end=\"941\">\n<li data-start=\"795\" data-end=\"827\">Look sophistiqu\u00e9 sans effort<\/li>\n<li data-start=\"828\" data-end=\"857\">Effet naturel et r\u00e9aliste<\/li>\n<li data-start=\"858\" data-end=\"894\">Id\u00e9ale pour toutes les occasions<\/li>\n<li data-start=\"895\" data-end=\"941\">Installation facile et rendu professionnel<\/li>\n<\/ul>\n<p data-start=\"943\" data-end=\"1032\" data-is-last-node=\"\" data-is-only-node=\"\">Avec <strong data-start=\"948\" data-end=\"961\">OLIVIA \ud83d\udc51<\/strong>, adopte un style chic, naturel et irr\u00e9sistible en toute simplicit\u00e9.<\/p>","protected":false},"excerpt":{"rendered":"<p>Perruque <strong data-start=\"45\" data-end=\"72\">French Curly en tresses<\/strong> avec <strong data-start=\"78\" data-end=\"93\">frontal 8&#215;8<\/strong>, couleur <strong data-start=\"103\" data-end=\"109\">1B, effet glueless. <\/strong>Boucles volumineuses, rendu naturel et style chic pour un look \u00e9l\u00e9gant et facile \u00e0 porter au quotidien<\/p>","protected":false},"featured_media":3962,"comment_status":"open","ping_status":"closed","template":"","meta":[],"product_cat":[94],"product_tag":[],"yoast_head":"<!-- This site is optimized with the Yoast SEO plugin v24.5 - https:\/\/yoast.com\/wordpress\/plugins\/seo\/ -->\n<title>OLIVIA \u2013 PERRUQUE EN TRESSE FRENCH CURLY- 1B - mihiahair.store<\/title>\n<meta name=\"robots\" content=\"index, follow, max-snippet:-1, max-image-preview:large, max-video-preview:-1\" \/>\n<link rel=\"canonical\" href=\"https:\/\/mihiahair.store\/en\/product\/olivia-perruque-en-tresse-french-curly-1b\/\" \/>\n<meta property=\"og:locale\" content=\"en_US\" \/>\n<meta property=\"og:type\" content=\"article\" \/>\n<meta property=\"og:title\" content=\"OLIVIA \u2013 PERRUQUE EN TRESSE FRENCH CURLY- 1B - mihiahair.store\" \/>\n<meta property=\"og:description\" content=\"Perruque French Curly en tresses avec frontal 8x8, couleur 1B, effet glueless. Boucles volumineuses, rendu naturel et style chic pour un look \u00e9l\u00e9gant et facile \u00e0 porter au quotidien\" \/>\n<meta property=\"og:url\" content=\"https:\/\/mihiahair.store\/en\/product\/olivia-perruque-en-tresse-french-curly-1b\/\" \/>\n<meta property=\"og:site_name\" content=\"mihiahair.store\" \/>\n<meta property=\"og:image\" content=\"https:\/\/mihiahair.store\/wp-content\/uploads\/2026\/04\/IMG_6568-scaled.jpeg\" \/>\n\t<meta property=\"og:image:width\" content=\"1920\" \/>\n\t<meta property=\"og:image:height\" content=\"2560\" \/>\n\t<meta property=\"og:image:type\" content=\"image\/jpeg\" \/>\n<meta name=\"twitter:card\" content=\"summary_large_image\" \/>\n<meta name=\"twitter:label1\" content=\"Est. reading time\" \/>\n\t<meta name=\"twitter:data1\" content=\"1 minute\" \/>\n<script type=\"application\/ld+json\" class=\"yoast-schema-graph\">{\"@context\":\"https:\/\/schema.org\",\"@graph\":[{\"@type\":\"WebPage\",\"@id\":\"https:\/\/mihiahair.store\/product\/olivia-perruque-en-tresse-french-curly-1b\/\",\"url\":\"https:\/\/mihiahair.store\/product\/olivia-perruque-en-tresse-french-curly-1b\/\",\"name\":\"OLIVIA \u2013 PERRUQUE EN TRESSE FRENCH CURLY- 1B - mihiahair.store\",\"isPartOf\":{\"@id\":\"https:\/\/mihiahair.store\/#website\"},\"primaryImageOfPage\":{\"@id\":\"https:\/\/mihiahair.store\/product\/olivia-perruque-en-tresse-french-curly-1b\/#primaryimage\"},\"image\":{\"@id\":\"https:\/\/mihiahair.store\/product\/olivia-perruque-en-tresse-french-curly-1b\/#primaryimage\"},\"thumbnailUrl\":\"https:\/\/mihiahair.store\/wp-content\/uploads\/2026\/04\/IMG_6568-scaled.jpeg\",\"datePublished\":\"2026-04-18T12:03:59+00:00\",\"breadcrumb\":{\"@id\":\"https:\/\/mihiahair.store\/product\/olivia-perruque-en-tresse-french-curly-1b\/#breadcrumb\"},\"inLanguage\":\"en-US\",\"potentialAction\":[{\"@type\":\"ReadAction\",\"target\":[\"https:\/\/mihiahair.store\/product\/olivia-perruque-en-tresse-french-curly-1b\/\"]}]},{\"@type\":\"ImageObject\",\"inLanguage\":\"en-US\",\"@id\":\"https:\/\/mihiahair.store\/product\/olivia-perruque-en-tresse-french-curly-1b\/#primaryimage\",\"url\":\"https:\/\/mihiahair.store\/wp-content\/uploads\/2026\/04\/IMG_6568-scaled.jpeg\",\"contentUrl\":\"https:\/\/mihiahair.store\/wp-content\/uploads\/2026\/04\/IMG_6568-scaled.jpeg\",\"width\":1920,\"height\":2560},{\"@type\":\"BreadcrumbList\",\"@id\":\"https:\/\/mihiahair.store\/product\/olivia-perruque-en-tresse-french-curly-1b\/#breadcrumb\",\"itemListElement\":[{\"@type\":\"ListItem\",\"position\":1,\"name\":\"Accueil\",\"item\":\"https:\/\/mihiahair.store\/\"},{\"@type\":\"ListItem\",\"position\":2,\"name\":\"Shop\",\"item\":\"https:\/\/mihiahair.store\/shop\/\"},{\"@type\":\"ListItem\",\"position\":3,\"name\":\"OLIVIA \u2013 PERRUQUE EN TRESSE FRENCH CURLY- 1B\"}]},{\"@type\":\"WebSite\",\"@id\":\"https:\/\/mihiahair.store\/#website\",\"url\":\"https:\/\/mihiahair.store\/\",\"name\":\"mihiahair.store\",\"description\":\"\",\"potentialAction\":[{\"@type\":\"SearchAction\",\"target\":{\"@type\":\"EntryPoint\",\"urlTemplate\":\"https:\/\/mihiahair.store\/?s={search_term_string}\"},\"query-input\":{\"@type\":\"PropertyValueSpecification\",\"valueRequired\":true,\"valueName\":\"search_term_string\"}}],\"inLanguage\":\"en-US\"}]}<\/script>\n<!-- \/ Yoast SEO plugin. -->","yoast_head_json":{"title":"OLIVIA \u2013 PERRUQUE EN TRESSE FRENCH CURLY- 1B - mihiahair.store","robots":{"index":"index","follow":"follow","max-snippet":"max-snippet:-1","max-image-preview":"max-image-preview:large","max-video-preview":"max-video-preview:-1"},"canonical":"https:\/\/mihiahair.store\/en\/product\/olivia-perruque-en-tresse-french-curly-1b\/","og_locale":"en_US","og_type":"article","og_title":"OLIVIA \u2013 PERRUQUE EN TRESSE FRENCH CURLY- 1B - mihiahair.store","og_description":"Perruque French Curly en tresses avec frontal 8x8, couleur 1B, effet glueless. Boucles volumineuses, rendu naturel et style chic pour un look \u00e9l\u00e9gant et facile \u00e0 porter au quotidien","og_url":"https:\/\/mihiahair.store\/en\/product\/olivia-perruque-en-tresse-french-curly-1b\/","og_site_name":"mihiahair.store","og_image":[{"width":1920,"height":2560,"url":"https:\/\/mihiahair.store\/wp-content\/uploads\/2026\/04\/IMG_6568-scaled.jpeg","type":"image\/jpeg"}],"twitter_card":"summary_large_image","twitter_misc":{"Est. reading time":"1 minute"},"schema":{"@context":"https:\/\/schema.org","@graph":[{"@type":"WebPage","@id":"https:\/\/mihiahair.store\/product\/olivia-perruque-en-tresse-french-curly-1b\/","url":"https:\/\/mihiahair.store\/product\/olivia-perruque-en-tresse-french-curly-1b\/","name":"OLIVIA \u2013 PERRUQUE EN TRESSE FRENCH CURLY- 1B - mihiahair.store","isPartOf":{"@id":"https:\/\/mihiahair.store\/#website"},"primaryImageOfPage":{"@id":"https:\/\/mihiahair.store\/product\/olivia-perruque-en-tresse-french-curly-1b\/#primaryimage"},"image":{"@id":"https:\/\/mihiahair.store\/product\/olivia-perruque-en-tresse-french-curly-1b\/#primaryimage"},"thumbnailUrl":"https:\/\/mihiahair.store\/wp-content\/uploads\/2026\/04\/IMG_6568-scaled.jpeg","datePublished":"2026-04-18T12:03:59+00:00","breadcrumb":{"@id":"https:\/\/mihiahair.store\/product\/olivia-perruque-en-tresse-french-curly-1b\/#breadcrumb"},"inLanguage":"en-US","potentialAction":[{"@type":"ReadAction","target":["https:\/\/mihiahair.store\/product\/olivia-perruque-en-tresse-french-curly-1b\/"]}]},{"@type":"ImageObject","inLanguage":"en-US","@id":"https:\/\/mihiahair.store\/product\/olivia-perruque-en-tresse-french-curly-1b\/#primaryimage","url":"https:\/\/mihiahair.store\/wp-content\/uploads\/2026\/04\/IMG_6568-scaled.jpeg","contentUrl":"https:\/\/mihiahair.store\/wp-content\/uploads\/2026\/04\/IMG_6568-scaled.jpeg","width":1920,"height":2560},{"@type":"BreadcrumbList","@id":"https:\/\/mihiahair.store\/product\/olivia-perruque-en-tresse-french-curly-1b\/#breadcrumb","itemListElement":[{"@type":"ListItem","position":1,"name":"Accueil","item":"https:\/\/mihiahair.store\/"},{"@type":"ListItem","position":2,"name":"Shop","item":"https:\/\/mihiahair.store\/shop\/"},{"@type":"ListItem","position":3,"name":"OLIVIA \u2013 PERRUQUE EN TRESSE FRENCH CURLY- 1B"}]},{"@type":"WebSite","@id":"https:\/\/mihiahair.store\/#website","url":"https:\/\/mihiahair.store\/","name":"mihiahair.store","description":"","potentialAction":[{"@type":"SearchAction","target":{"@type":"EntryPoint","urlTemplate":"https:\/\/mihiahair.store\/?s={search_term_string}"},"query-input":{"@type":"PropertyValueSpecification","valueRequired":true,"valueName":"search_term_string"}}],"inLanguage":"en-US"}]}},"_links":{"self":[{"href":"https:\/\/mihiahair.store\/en\/wp-json\/wp\/v2\/product\/3955"}],"collection":[{"href":"https:\/\/mihiahair.store\/en\/wp-json\/wp\/v2\/product"}],"about":[{"href":"https:\/\/mihiahair.store\/en\/wp-json\/wp\/v2\/types\/product"}],"replies":[{"embeddable":true,"href":"https:\/\/mihiahair.store\/en\/wp-json\/wp\/v2\/comments?post=3955"}],"wp:featuredmedia":[{"embeddable":true,"href":"https:\/\/mihiahair.store\/en\/wp-json\/wp\/v2\/media\/3962"}],"wp:attachment":[{"href":"https:\/\/mihiahair.store\/en\/wp-json\/wp\/v2\/media?parent=3955"}],"wp:term":[{"taxonomy":"product_cat","embeddable":true,"href":"https:\/\/mihiahair.store\/en\/wp-json\/wp\/v2\/product_cat?post=3955"},{"taxonomy":"product_tag","embeddable":true,"href":"https:\/\/mihiahair.store\/en\/wp-json\/wp\/v2\/product_tag?post=3955"}],"curies":[{"name":"wp","href":"https:\/\/api.w.org\/{rel}","templated":true}]}}