{"id":4035,"date":"2026-04-18T17:58:42","date_gmt":"2026-04-18T15:58:42","guid":{"rendered":"https:\/\/mihiahair.store\/?post_type=product&#038;p=4035"},"modified":"2026-04-18T17:58:42","modified_gmt":"2026-04-18T15:58:42","slug":"laila-perruque-en-tresse-droite-marron","status":"publish","type":"product","link":"https:\/\/mihiahair.store\/en\/product\/laila-perruque-en-tresse-droite-marron\/","title":{"rendered":"LA\u00cfLA &#8211; PERRUQUE EN TRESSE DROITE- MARRON"},"content":{"rendered":"<p data-start=\"32\" data-end=\"349\"><strong data-start=\"32\" data-end=\"41\">LAILA<\/strong> est une perruque en tresse droite avec frontal 8&#215;8, con\u00e7ue pour offrir un style \u00e9l\u00e9gant, naturel et parfaitement soign\u00e9. Sa structure en tresses droites apporte un rendu propre, harmonieux et intemporel, id\u00e9al pour celles qui recherchent une coiffure chic, facile \u00e0 porter et adapt\u00e9e \u00e0 toutes les occasions.<\/p>\n<p data-start=\"351\" data-end=\"653\">Gr\u00e2ce \u00e0 son <strong data-start=\"363\" data-end=\"378\">frontal 8&#215;8<\/strong>, LAILA garantit une finition tr\u00e8s r\u00e9aliste avec une ligne de front naturelle et un effet cuir chevelu convaincant. Cette large zone de s\u00e9paration permet une grande flexibilit\u00e9 dans le coiffage, offrant diff\u00e9rentes options de raies tout en gardant un rendu fluide et naturel.<\/p>\n<p data-start=\"655\" data-end=\"935\">LAILA se distingue par sa <strong data-start=\"681\" data-end=\"699\">couleur marron<\/strong>, une teinte douce, chaleureuse et tr\u00e8s \u00e9l\u00e9gante. Ce marron naturel apporte de la profondeur et de la sobri\u00e9t\u00e9 au look, tout en restant lumineux et facile \u00e0 assortir. C\u2019est une couleur parfaite pour un style discret, chic et polyvalent.<\/p>\n<p data-start=\"937\" data-end=\"1197\">Confortable et l\u00e9g\u00e8re, LAILA est agr\u00e9able \u00e0 porter tout au long de la journ\u00e9e. Elle convient aussi bien pour un usage quotidien que pour les sorties, le travail ou les \u00e9v\u00e9nements sp\u00e9ciaux, en garantissant toujours une apparence soign\u00e9e et \u00e9l\u00e9gante sans effort.<\/p>","protected":false},"excerpt":{"rendered":"<p>LAILA est une perruque en tresse droite avec frontal 8&#215;8, con\u00e7ue pour offrir un style \u00e9l\u00e9gant, naturel et parfaitement soign\u00e9. Sa structure en tresses droites apporte un rendu propre, harmonieux et intemporel, id\u00e9al pour celles qui recherchent une coiffure chic, facile \u00e0 porter et adapt\u00e9e \u00e0 toutes les occasions. Gr\u00e2ce \u00e0 son frontal 8&#215;8, LAILA<\/p>\n<div class=\"klb-readmore entry-button\"><a class=\"btn link\" href=\"https:\/\/mihiahair.store\/en\/product\/laila-perruque-en-tresse-droite-marron\/\">Read More <i class=\"klbth-icon-right-arrow\"><\/i><\/a><\/div>","protected":false},"featured_media":4036,"comment_status":"open","ping_status":"closed","template":"","meta":[],"product_cat":[98],"product_tag":[],"yoast_head":"<!-- This site is optimized with the Yoast SEO plugin v24.5 - https:\/\/yoast.com\/wordpress\/plugins\/seo\/ -->\n<title>LA\u00cfLA - PERRUQUE EN TRESSE DROITE- MARRON - mihiahair.store<\/title>\n<meta name=\"robots\" content=\"index, follow, max-snippet:-1, max-image-preview:large, max-video-preview:-1\" \/>\n<link rel=\"canonical\" href=\"https:\/\/mihiahair.store\/en\/product\/laila-perruque-en-tresse-droite-marron\/\" \/>\n<meta property=\"og:locale\" content=\"en_US\" \/>\n<meta property=\"og:type\" content=\"article\" \/>\n<meta property=\"og:title\" content=\"LA\u00cfLA - PERRUQUE EN TRESSE DROITE- MARRON - mihiahair.store\" \/>\n<meta property=\"og:description\" content=\"LAILA est une perruque en tresse droite avec frontal 8&#215;8, con\u00e7ue pour offrir un style \u00e9l\u00e9gant, naturel et parfaitement soign\u00e9. Sa structure en tresses droites apporte un rendu propre, harmonieux et intemporel, id\u00e9al pour celles qui recherchent une coiffure chic, facile \u00e0 porter et adapt\u00e9e \u00e0 toutes les occasions. Gr\u00e2ce \u00e0 son frontal 8&#215;8, LAILARead More\" \/>\n<meta property=\"og:url\" content=\"https:\/\/mihiahair.store\/en\/product\/laila-perruque-en-tresse-droite-marron\/\" \/>\n<meta property=\"og:site_name\" content=\"mihiahair.store\" \/>\n<meta property=\"og:image\" content=\"https:\/\/mihiahair.store\/wp-content\/uploads\/2026\/04\/IMG_7301.jpeg\" \/>\n\t<meta property=\"og:image:width\" content=\"1290\" \/>\n\t<meta property=\"og:image:height\" content=\"1722\" \/>\n\t<meta property=\"og:image:type\" content=\"image\/jpeg\" \/>\n<meta name=\"twitter:card\" content=\"summary_large_image\" \/>\n<meta name=\"twitter:label1\" content=\"Est. reading time\" \/>\n\t<meta name=\"twitter:data1\" content=\"2 minutes\" \/>\n<script type=\"application\/ld+json\" class=\"yoast-schema-graph\">{\"@context\":\"https:\/\/schema.org\",\"@graph\":[{\"@type\":\"WebPage\",\"@id\":\"https:\/\/mihiahair.store\/product\/laila-perruque-en-tresse-droite-marron\/\",\"url\":\"https:\/\/mihiahair.store\/product\/laila-perruque-en-tresse-droite-marron\/\",\"name\":\"LA\u00cfLA - PERRUQUE EN TRESSE DROITE- MARRON - mihiahair.store\",\"isPartOf\":{\"@id\":\"https:\/\/mihiahair.store\/#website\"},\"primaryImageOfPage\":{\"@id\":\"https:\/\/mihiahair.store\/product\/laila-perruque-en-tresse-droite-marron\/#primaryimage\"},\"image\":{\"@id\":\"https:\/\/mihiahair.store\/product\/laila-perruque-en-tresse-droite-marron\/#primaryimage\"},\"thumbnailUrl\":\"https:\/\/mihiahair.store\/wp-content\/uploads\/2026\/04\/IMG_7301.jpeg\",\"datePublished\":\"2026-04-18T15:58:42+00:00\",\"breadcrumb\":{\"@id\":\"https:\/\/mihiahair.store\/product\/laila-perruque-en-tresse-droite-marron\/#breadcrumb\"},\"inLanguage\":\"en-US\",\"potentialAction\":[{\"@type\":\"ReadAction\",\"target\":[\"https:\/\/mihiahair.store\/product\/laila-perruque-en-tresse-droite-marron\/\"]}]},{\"@type\":\"ImageObject\",\"inLanguage\":\"en-US\",\"@id\":\"https:\/\/mihiahair.store\/product\/laila-perruque-en-tresse-droite-marron\/#primaryimage\",\"url\":\"https:\/\/mihiahair.store\/wp-content\/uploads\/2026\/04\/IMG_7301.jpeg\",\"contentUrl\":\"https:\/\/mihiahair.store\/wp-content\/uploads\/2026\/04\/IMG_7301.jpeg\",\"width\":1290,\"height\":1722,\"caption\":\"Screenshot\"},{\"@type\":\"BreadcrumbList\",\"@id\":\"https:\/\/mihiahair.store\/product\/laila-perruque-en-tresse-droite-marron\/#breadcrumb\",\"itemListElement\":[{\"@type\":\"ListItem\",\"position\":1,\"name\":\"Accueil\",\"item\":\"https:\/\/mihiahair.store\/\"},{\"@type\":\"ListItem\",\"position\":2,\"name\":\"Shop\",\"item\":\"https:\/\/mihiahair.store\/shop\/\"},{\"@type\":\"ListItem\",\"position\":3,\"name\":\"LA\u00cfLA &#8211; PERRUQUE EN TRESSE DROITE- MARRON\"}]},{\"@type\":\"WebSite\",\"@id\":\"https:\/\/mihiahair.store\/#website\",\"url\":\"https:\/\/mihiahair.store\/\",\"name\":\"mihiahair.store\",\"description\":\"\",\"potentialAction\":[{\"@type\":\"SearchAction\",\"target\":{\"@type\":\"EntryPoint\",\"urlTemplate\":\"https:\/\/mihiahair.store\/?s={search_term_string}\"},\"query-input\":{\"@type\":\"PropertyValueSpecification\",\"valueRequired\":true,\"valueName\":\"search_term_string\"}}],\"inLanguage\":\"en-US\"}]}<\/script>\n<!-- \/ Yoast SEO plugin. -->","yoast_head_json":{"title":"LA\u00cfLA - PERRUQUE EN TRESSE DROITE- MARRON - mihiahair.store","robots":{"index":"index","follow":"follow","max-snippet":"max-snippet:-1","max-image-preview":"max-image-preview:large","max-video-preview":"max-video-preview:-1"},"canonical":"https:\/\/mihiahair.store\/en\/product\/laila-perruque-en-tresse-droite-marron\/","og_locale":"en_US","og_type":"article","og_title":"LA\u00cfLA - PERRUQUE EN TRESSE DROITE- MARRON - mihiahair.store","og_description":"LAILA est une perruque en tresse droite avec frontal 8&#215;8, con\u00e7ue pour offrir un style \u00e9l\u00e9gant, naturel et parfaitement soign\u00e9. Sa structure en tresses droites apporte un rendu propre, harmonieux et intemporel, id\u00e9al pour celles qui recherchent une coiffure chic, facile \u00e0 porter et adapt\u00e9e \u00e0 toutes les occasions. Gr\u00e2ce \u00e0 son frontal 8&#215;8, LAILARead More","og_url":"https:\/\/mihiahair.store\/en\/product\/laila-perruque-en-tresse-droite-marron\/","og_site_name":"mihiahair.store","og_image":[{"width":1290,"height":1722,"url":"https:\/\/mihiahair.store\/wp-content\/uploads\/2026\/04\/IMG_7301.jpeg","type":"image\/jpeg"}],"twitter_card":"summary_large_image","twitter_misc":{"Est. reading time":"2 minutes"},"schema":{"@context":"https:\/\/schema.org","@graph":[{"@type":"WebPage","@id":"https:\/\/mihiahair.store\/product\/laila-perruque-en-tresse-droite-marron\/","url":"https:\/\/mihiahair.store\/product\/laila-perruque-en-tresse-droite-marron\/","name":"LA\u00cfLA - PERRUQUE EN TRESSE DROITE- MARRON - mihiahair.store","isPartOf":{"@id":"https:\/\/mihiahair.store\/#website"},"primaryImageOfPage":{"@id":"https:\/\/mihiahair.store\/product\/laila-perruque-en-tresse-droite-marron\/#primaryimage"},"image":{"@id":"https:\/\/mihiahair.store\/product\/laila-perruque-en-tresse-droite-marron\/#primaryimage"},"thumbnailUrl":"https:\/\/mihiahair.store\/wp-content\/uploads\/2026\/04\/IMG_7301.jpeg","datePublished":"2026-04-18T15:58:42+00:00","breadcrumb":{"@id":"https:\/\/mihiahair.store\/product\/laila-perruque-en-tresse-droite-marron\/#breadcrumb"},"inLanguage":"en-US","potentialAction":[{"@type":"ReadAction","target":["https:\/\/mihiahair.store\/product\/laila-perruque-en-tresse-droite-marron\/"]}]},{"@type":"ImageObject","inLanguage":"en-US","@id":"https:\/\/mihiahair.store\/product\/laila-perruque-en-tresse-droite-marron\/#primaryimage","url":"https:\/\/mihiahair.store\/wp-content\/uploads\/2026\/04\/IMG_7301.jpeg","contentUrl":"https:\/\/mihiahair.store\/wp-content\/uploads\/2026\/04\/IMG_7301.jpeg","width":1290,"height":1722,"caption":"Screenshot"},{"@type":"BreadcrumbList","@id":"https:\/\/mihiahair.store\/product\/laila-perruque-en-tresse-droite-marron\/#breadcrumb","itemListElement":[{"@type":"ListItem","position":1,"name":"Accueil","item":"https:\/\/mihiahair.store\/"},{"@type":"ListItem","position":2,"name":"Shop","item":"https:\/\/mihiahair.store\/shop\/"},{"@type":"ListItem","position":3,"name":"LA\u00cfLA &#8211; PERRUQUE EN TRESSE DROITE- MARRON"}]},{"@type":"WebSite","@id":"https:\/\/mihiahair.store\/#website","url":"https:\/\/mihiahair.store\/","name":"mihiahair.store","description":"","potentialAction":[{"@type":"SearchAction","target":{"@type":"EntryPoint","urlTemplate":"https:\/\/mihiahair.store\/?s={search_term_string}"},"query-input":{"@type":"PropertyValueSpecification","valueRequired":true,"valueName":"search_term_string"}}],"inLanguage":"en-US"}]}},"_links":{"self":[{"href":"https:\/\/mihiahair.store\/en\/wp-json\/wp\/v2\/product\/4035"}],"collection":[{"href":"https:\/\/mihiahair.store\/en\/wp-json\/wp\/v2\/product"}],"about":[{"href":"https:\/\/mihiahair.store\/en\/wp-json\/wp\/v2\/types\/product"}],"replies":[{"embeddable":true,"href":"https:\/\/mihiahair.store\/en\/wp-json\/wp\/v2\/comments?post=4035"}],"wp:featuredmedia":[{"embeddable":true,"href":"https:\/\/mihiahair.store\/en\/wp-json\/wp\/v2\/media\/4036"}],"wp:attachment":[{"href":"https:\/\/mihiahair.store\/en\/wp-json\/wp\/v2\/media?parent=4035"}],"wp:term":[{"taxonomy":"product_cat","embeddable":true,"href":"https:\/\/mihiahair.store\/en\/wp-json\/wp\/v2\/product_cat?post=4035"},{"taxonomy":"product_tag","embeddable":true,"href":"https:\/\/mihiahair.store\/en\/wp-json\/wp\/v2\/product_tag?post=4035"}],"curies":[{"name":"wp","href":"https:\/\/api.w.org\/{rel}","templated":true}]}}